{"id":9171,"date":"2017-10-25T10:57:21","date_gmt":"2017-10-25T08:57:21","guid":{"rendered":"http:\/\/viajandoporjapon.com\/excursion\/hakone-exclusivo\/"},"modified":"2020-04-06T15:40:14","modified_gmt":"2020-04-06T13:40:14","slug":"hakone-exclusivo","status":"publish","type":"product","link":"https:\/\/viajandoporjapon.com\/ca\/excursion\/hakone-exclusivo\/","title":{"rendered":"Hakone exclusiu"},"content":{"rendered":"<p>IMPORTANT: l&#8217;itinerari d&#8217;aquesta excursi\u00f3 \u00e9s el mateix que el de l&#8217;excursi\u00f3 &#8220;<a href=\"http:\/\/viajandoporjapon.com\/ca\/excursion\/hakone-con-onsen\/\">Hakone amb banys termals<\/a>&#8221; per\u00f2, en aquest cas, amb <em>onsen<\/em> privat (fins a un m\u00e0xim de tres persones) i dinar incl\u00f3s.<\/p>\n<p>Aquesta escapada a la natura japonesa, a poc m\u00e9s d&#8217;una hora de T\u00f2quio, t\u00e9 com a principal objectiu gaudir d&#8217;un dels passatemps preferits dels japonesos, l&#8217;<em><strong>onsen<\/strong><\/em> o bany d&#8217;aig\u00fces termals natural.<\/p>\n<p>&nbsp;<\/p>\n<p>La zona de Hakone \u00e9s coneguda per la gran quantitat d&#8217;aquest tipus d&#8217;establiments, aix\u00ed que \u00e9s un lloc perfecte per provar-los per primera vegada. A m\u00e9s a m\u00e9s, tindr\u00e0s ocasi\u00f3 de\u00a0fer una passejada pel que havia estat la duana d&#8217;una de les rutes m\u00e9s transitades del pa\u00eds, gaudir d&#8217;una visita a una casa de te i, si est\u00e0s de sort, bocabadar-te davant la pres\u00e8ncia del -sovint t\u00edmid- mont Fuji.<\/p>\n<p>&nbsp;<\/p>\n<p>Itinerari previst:<\/p>\n<p>&nbsp;<\/p>\n<ul>\n<li><strong>Hakone Jinja<\/strong>,el santuari m\u00e9s important de Hakone<\/li>\n<li>Passeig per la zona de\u00a0<strong>Motohakone<\/strong><\/li>\n<li><strong>Sekisho<\/strong>,antic punt de control de la ruta\u00a0Tokaido<\/li>\n<li><strong>Parc Gora<\/strong>, amb\u00a0visita a una <strong>casa de te<\/strong><\/li>\n<li><em><strong>Onsen privat\u00a0<\/strong><\/em>i dinar (cuina estil<em> kaiseki<\/em>)<\/li>\n<\/ul>\n<p>&nbsp;<\/p>\n<p>El servei inclou el transport necessari des de\u00a0T\u00f2quio -en tren- i les entrades als llocs esmentats, banys termals privats i dinar d&#8217;estil <em>kaiseki<\/em>.<\/p>\n","protected":false},"excerpt":{"rendered":"<p>IMPORTANT: l&#8217;itinerari d&#8217;aquesta excursi\u00f3 \u00e9s el mateix que el de l&#8217;excursi\u00f3 &#8220;Hakone amb banys termals&#8221; per\u00f2, en aquest cas, amb onsen privat (fins a un m\u00e0xim de tres persones) i dinar incl\u00f3s. Aquesta escapada a la natura japonesa, a poc m\u00e9s d&#8217;una hora de T\u00f2quio, t\u00e9 com a principal objectiu gaudir d&#8217;un dels passatemps preferits dels japonesos, l&#8217;onsen o bany d&#8217;aig\u00fces termals natural. &nbsp; La zona de Hakone \u00e9s coneguda per la gran quantitat d&#8217;aquest tipus d&#8217;establiments, aix\u00ed que \u00e9s un lloc perfecte per provar-los per primera vegada. <a class=\"read-more\" href=\"https:\/\/viajandoporjapon.com\/ca\/excursion\/hakone-exclusivo\/\">Continuar llegint <span class=\"meta-nav\">&rarr;<\/span><\/a><\/p>\n","protected":false},"featured_media":7749,"comment_status":"closed","ping_status":"closed","template":"","meta":[],"product_brand":[],"product_cat":[416],"product_tag":[468,465,422,460,466,467,419],"class_list":{"0":"post-9171","1":"product","2":"type-product","3":"status-publish","4":"has-post-thumbnail","6":"lugares-mont-fuji","7":"product_cat-sin-categoria-ca","8":"product_tag-banys-termals-privats","9":"product_tag-casa-de-te","10":"product_tag-guia-privat","11":"product_tag-hakone","12":"product_tag-mont-fuji","13":"product_tag-onsen-privat","14":"product_tag-visites-guiades","17":"first","18":"instock","19":"sold-individually","20":"taxable","21":"shipping-taxable","22":"purchasable","23":"product-type-variable"},"yoast_head":"<!-- This site is optimized with the Yoast SEO plugin v27.6 - https:\/\/yoast.com\/product\/yoast-seo-wordpress\/ -->\n<title>Excursiones - Viajando por Jap\u00f3n<\/title>\n<meta name=\"description\" content=\"IMPORTANT: l&#039;itinerari d&#039;aquesta excursi\u00f3 \u00e9s el mateix que el de l&#039;excursi\u00f3 &quot;Hakone amb banys termals&quot; per\u00f2, en aquest cas, amb onsen privat (fins a un\" \/>\n<meta name=\"robots\" content=\"index, follow, max-snippet:-1, max-image-preview:large, max-video-preview:-1\" \/>\n<link rel=\"canonical\" href=\"http:\/\/viajandoporjapon.com\/ca\/excursion\/hakone-exclusivo\/\" \/>\n<meta property=\"og:locale\" content=\"ca_ES\" \/>\n<meta property=\"og:type\" content=\"article\" \/>\n<meta property=\"og:title\" content=\"Excursiones - Viajando por Jap\u00f3n\" \/>\n<meta property=\"og:description\" content=\"IMPORTANT: l&#039;itinerari d&#039;aquesta excursi\u00f3 \u00e9s el mateix que el de l&#039;excursi\u00f3 &quot;Hakone amb banys termals&quot; per\u00f2, en aquest cas, amb onsen privat (fins a un\" \/>\n<meta property=\"og:url\" content=\"http:\/\/viajandoporjapon.com\/ca\/excursion\/hakone-exclusivo\/\" \/>\n<meta property=\"og:site_name\" content=\"Viajando por Jap\u00f3n\" \/>\n<meta property=\"article:modified_time\" content=\"2020-04-06T13:40:14+00:00\" \/>\n<meta property=\"og:image\" content=\"http:\/\/viajandoporjapon.com\/wp-content\/uploads\/2017\/10\/34977741931_1515cfcd49_h.jpg\" \/>\n\t<meta property=\"og:image:width\" content=\"1600\" \/>\n\t<meta property=\"og:image:height\" content=\"1068\" \/>\n\t<meta property=\"og:image:type\" content=\"image\/jpeg\" \/>\n<meta name=\"twitter:card\" content=\"summary_large_image\" \/>\n<meta name=\"twitter:label1\" content=\"Temps estimat de lectura\" \/>\n\t<meta name=\"twitter:data1\" content=\"1 minut\" \/>\n<script type=\"application\/ld+json\" class=\"yoast-schema-graph\">{\"@context\":\"https:\\\/\\\/schema.org\",\"@graph\":[{\"@type\":\"WebPage\",\"@id\":\"http:\\\/\\\/viajandoporjapon.com\\\/ca\\\/excursion\\\/hakone-exclusivo\\\/\",\"url\":\"http:\\\/\\\/viajandoporjapon.com\\\/ca\\\/excursion\\\/hakone-exclusivo\\\/\",\"name\":\"Excursiones - Viajando por Jap\u00f3n\",\"isPartOf\":{\"@id\":\"http:\\\/\\\/viajandoporjapon.com\\\/#website\"},\"primaryImageOfPage\":{\"@id\":\"http:\\\/\\\/viajandoporjapon.com\\\/ca\\\/excursion\\\/hakone-exclusivo\\\/#primaryimage\"},\"image\":{\"@id\":\"http:\\\/\\\/viajandoporjapon.com\\\/ca\\\/excursion\\\/hakone-exclusivo\\\/#primaryimage\"},\"thumbnailUrl\":\"https:\\\/\\\/viajandoporjapon.com\\\/wp-content\\\/uploads\\\/2017\\\/10\\\/34977741931_1515cfcd49_h.jpg\",\"datePublished\":\"2017-10-25T08:57:21+00:00\",\"dateModified\":\"2020-04-06T13:40:14+00:00\",\"description\":\"IMPORTANT: l'itinerari d'aquesta excursi\u00f3 \u00e9s el mateix que el de l'excursi\u00f3 \\\"Hakone amb banys termals\\\" per\u00f2, en aquest cas, amb onsen privat (fins a un\",\"breadcrumb\":{\"@id\":\"http:\\\/\\\/viajandoporjapon.com\\\/ca\\\/excursion\\\/hakone-exclusivo\\\/#breadcrumb\"},\"inLanguage\":\"ca\",\"potentialAction\":[{\"@type\":\"ReadAction\",\"target\":[\"http:\\\/\\\/viajandoporjapon.com\\\/ca\\\/excursion\\\/hakone-exclusivo\\\/\"]}]},{\"@type\":\"ImageObject\",\"inLanguage\":\"ca\",\"@id\":\"http:\\\/\\\/viajandoporjapon.com\\\/ca\\\/excursion\\\/hakone-exclusivo\\\/#primaryimage\",\"url\":\"https:\\\/\\\/viajandoporjapon.com\\\/wp-content\\\/uploads\\\/2017\\\/10\\\/34977741931_1515cfcd49_h.jpg\",\"contentUrl\":\"https:\\\/\\\/viajandoporjapon.com\\\/wp-content\\\/uploads\\\/2017\\\/10\\\/34977741931_1515cfcd49_h.jpg\",\"width\":1600,\"height\":1068},{\"@type\":\"BreadcrumbList\",\"@id\":\"http:\\\/\\\/viajandoporjapon.com\\\/ca\\\/excursion\\\/hakone-exclusivo\\\/#breadcrumb\",\"itemListElement\":[{\"@type\":\"ListItem\",\"position\":1,\"name\":\"Portada\",\"item\":\"http:\\\/\\\/viajandoporjapon.com\\\/ca\\\/\"},{\"@type\":\"ListItem\",\"position\":2,\"name\":\"Tienda\",\"item\":\"http:\\\/\\\/viajandoporjapon.com\\\/ca\\\/tienda\\\/\"},{\"@type\":\"ListItem\",\"position\":3,\"name\":\"Hakone exclusiu\"}]},{\"@type\":\"WebSite\",\"@id\":\"http:\\\/\\\/viajandoporjapon.com\\\/#website\",\"url\":\"http:\\\/\\\/viajandoporjapon.com\\\/\",\"name\":\"Viajando por Jap\u00f3n\",\"description\":\"Somos especialistas en viajes a Jap\u00f3n\",\"potentialAction\":[{\"@type\":\"SearchAction\",\"target\":{\"@type\":\"EntryPoint\",\"urlTemplate\":\"http:\\\/\\\/viajandoporjapon.com\\\/?s={search_term_string}\"},\"query-input\":{\"@type\":\"PropertyValueSpecification\",\"valueRequired\":true,\"valueName\":\"search_term_string\"}}],\"inLanguage\":\"ca\"}]}<\/script>\n<!-- \/ Yoast SEO plugin. -->","yoast_head_json":{"title":"Excursiones - Viajando por Jap\u00f3n","description":"IMPORTANT: l'itinerari d'aquesta excursi\u00f3 \u00e9s el mateix que el de l'excursi\u00f3 \"Hakone amb banys termals\" per\u00f2, en aquest cas, amb onsen privat (fins a un","robots":{"index":"index","follow":"follow","max-snippet":"max-snippet:-1","max-image-preview":"max-image-preview:large","max-video-preview":"max-video-preview:-1"},"canonical":"http:\/\/viajandoporjapon.com\/ca\/excursion\/hakone-exclusivo\/","og_locale":"ca_ES","og_type":"article","og_title":"Excursiones - Viajando por Jap\u00f3n","og_description":"IMPORTANT: l'itinerari d'aquesta excursi\u00f3 \u00e9s el mateix que el de l'excursi\u00f3 \"Hakone amb banys termals\" per\u00f2, en aquest cas, amb onsen privat (fins a un","og_url":"http:\/\/viajandoporjapon.com\/ca\/excursion\/hakone-exclusivo\/","og_site_name":"Viajando por Jap\u00f3n","article_modified_time":"2020-04-06T13:40:14+00:00","og_image":[{"width":1600,"height":1068,"url":"http:\/\/viajandoporjapon.com\/wp-content\/uploads\/2017\/10\/34977741931_1515cfcd49_h.jpg","type":"image\/jpeg"}],"twitter_card":"summary_large_image","twitter_misc":{"Temps estimat de lectura":"1 minut"},"schema":{"@context":"https:\/\/schema.org","@graph":[{"@type":"WebPage","@id":"http:\/\/viajandoporjapon.com\/ca\/excursion\/hakone-exclusivo\/","url":"http:\/\/viajandoporjapon.com\/ca\/excursion\/hakone-exclusivo\/","name":"Excursiones - Viajando por Jap\u00f3n","isPartOf":{"@id":"http:\/\/viajandoporjapon.com\/#website"},"primaryImageOfPage":{"@id":"http:\/\/viajandoporjapon.com\/ca\/excursion\/hakone-exclusivo\/#primaryimage"},"image":{"@id":"http:\/\/viajandoporjapon.com\/ca\/excursion\/hakone-exclusivo\/#primaryimage"},"thumbnailUrl":"https:\/\/viajandoporjapon.com\/wp-content\/uploads\/2017\/10\/34977741931_1515cfcd49_h.jpg","datePublished":"2017-10-25T08:57:21+00:00","dateModified":"2020-04-06T13:40:14+00:00","description":"IMPORTANT: l'itinerari d'aquesta excursi\u00f3 \u00e9s el mateix que el de l'excursi\u00f3 \"Hakone amb banys termals\" per\u00f2, en aquest cas, amb onsen privat (fins a un","breadcrumb":{"@id":"http:\/\/viajandoporjapon.com\/ca\/excursion\/hakone-exclusivo\/#breadcrumb"},"inLanguage":"ca","potentialAction":[{"@type":"ReadAction","target":["http:\/\/viajandoporjapon.com\/ca\/excursion\/hakone-exclusivo\/"]}]},{"@type":"ImageObject","inLanguage":"ca","@id":"http:\/\/viajandoporjapon.com\/ca\/excursion\/hakone-exclusivo\/#primaryimage","url":"https:\/\/viajandoporjapon.com\/wp-content\/uploads\/2017\/10\/34977741931_1515cfcd49_h.jpg","contentUrl":"https:\/\/viajandoporjapon.com\/wp-content\/uploads\/2017\/10\/34977741931_1515cfcd49_h.jpg","width":1600,"height":1068},{"@type":"BreadcrumbList","@id":"http:\/\/viajandoporjapon.com\/ca\/excursion\/hakone-exclusivo\/#breadcrumb","itemListElement":[{"@type":"ListItem","position":1,"name":"Portada","item":"http:\/\/viajandoporjapon.com\/ca\/"},{"@type":"ListItem","position":2,"name":"Tienda","item":"http:\/\/viajandoporjapon.com\/ca\/tienda\/"},{"@type":"ListItem","position":3,"name":"Hakone exclusiu"}]},{"@type":"WebSite","@id":"http:\/\/viajandoporjapon.com\/#website","url":"http:\/\/viajandoporjapon.com\/","name":"Viajando por Jap\u00f3n","description":"Somos especialistas en viajes a Jap\u00f3n","potentialAction":[{"@type":"SearchAction","target":{"@type":"EntryPoint","urlTemplate":"http:\/\/viajandoporjapon.com\/?s={search_term_string}"},"query-input":{"@type":"PropertyValueSpecification","valueRequired":true,"valueName":"search_term_string"}}],"inLanguage":"ca"}]}},"_links":{"self":[{"href":"https:\/\/viajandoporjapon.com\/ca\/wp-json\/wp\/v2\/product\/9171","targetHints":{"allow":["GET"]}}],"collection":[{"href":"https:\/\/viajandoporjapon.com\/ca\/wp-json\/wp\/v2\/product"}],"about":[{"href":"https:\/\/viajandoporjapon.com\/ca\/wp-json\/wp\/v2\/types\/product"}],"replies":[{"embeddable":true,"href":"https:\/\/viajandoporjapon.com\/ca\/wp-json\/wp\/v2\/comments?post=9171"}],"wp:featuredmedia":[{"embeddable":true,"href":"https:\/\/viajandoporjapon.com\/ca\/wp-json\/wp\/v2\/media\/7749"}],"wp:attachment":[{"href":"https:\/\/viajandoporjapon.com\/ca\/wp-json\/wp\/v2\/media?parent=9171"}],"wp:term":[{"taxonomy":"product_brand","embeddable":true,"href":"https:\/\/viajandoporjapon.com\/ca\/wp-json\/wp\/v2\/product_brand?post=9171"},{"taxonomy":"product_cat","embeddable":true,"href":"https:\/\/viajandoporjapon.com\/ca\/wp-json\/wp\/v2\/product_cat?post=9171"},{"taxonomy":"product_tag","embeddable":true,"href":"https:\/\/viajandoporjapon.com\/ca\/wp-json\/wp\/v2\/product_tag?post=9171"}],"curies":[{"name":"wp","href":"https:\/\/api.w.org\/{rel}","templated":true}]}}