{"id":9160,"date":"2017-10-17T17:15:27","date_gmt":"2017-10-17T15:15:27","guid":{"rendered":"http:\/\/viajandoporjapon.com\/excursion\/hakone-con-onsen\/"},"modified":"2020-04-07T14:20:11","modified_gmt":"2020-04-07T12:20:11","slug":"hakone-con-onsen","status":"publish","type":"product","link":"https:\/\/viajandoporjapon.com\/ca\/excursion\/hakone-con-onsen\/","title":{"rendered":"Hakone amb banys termals"},"content":{"rendered":"<p>Aquesta escapada a la natura japonesa, a poc m\u00e9s d&#8217;una hora de T\u00f2quio, t\u00e9 com a principal objectiu gaudir d&#8217;un dels passatemps preferits dels japonesos, l&#8217;<em><strong>onsen<\/strong><\/em> o bany d&#8217;aig\u00fces termals natural.<\/p>\n<p>&nbsp;<\/p>\n<p>La zona de Hakone \u00e9s coneguda per la gran quantitat d&#8217;aquest tipus d&#8217;establiments, aix\u00ed que \u00e9s un lloc perfecte per provar-los per primera vegada. A m\u00e9s a m\u00e9s, tindr\u00e0s ocasi\u00f3 de\u00a0fer una passejada pel que havia estat la duana d&#8217;una de les rutes m\u00e9s transitades del pa\u00eds, gaudir d&#8217;una visita a una casa de te i, si est\u00e0s de sort, bocabadar-te davant la pres\u00e8ncia del -sovint t\u00edmid- mont Fuji.<\/p>\n<p>&nbsp;<\/p>\n<p>Itinerari previst:<\/p>\n<p>&nbsp;<\/p>\n<ul>\n<li><strong>Hakone Jinja<\/strong>,el santuari m\u00e9s important de Hakone<\/li>\n<li>Passeig per la zona de\u00a0<strong>Motohakone<\/strong><\/li>\n<li><strong>Sekisho<\/strong>,antic punt de control de la ruta\u00a0Tokaido<\/li>\n<li><strong>Parc Gora<\/strong>, amb\u00a0visita a una <strong>casa de te<\/strong><\/li>\n<li>Visita a un <em><strong>onsen<\/strong><\/em><\/li>\n<\/ul>\n<p>&nbsp;<\/p>\n<p>El servei inclou el transport necessari des de\u00a0T\u00f2quio -en tren- i les entrades als llocs esmentats.<\/p>\n","protected":false},"excerpt":{"rendered":"<p>Aquesta escapada a la natura japonesa, a poc m\u00e9s d&#8217;una hora de T\u00f2quio, t\u00e9 com a principal objectiu gaudir d&#8217;un dels passatemps preferits dels japonesos, l&#8217;onsen o bany d&#8217;aig\u00fces termals natural. &nbsp; La zona de Hakone \u00e9s coneguda per la gran quantitat d&#8217;aquest tipus d&#8217;establiments, aix\u00ed que \u00e9s un lloc perfecte per provar-los per primera vegada. A m\u00e9s a m\u00e9s, tindr\u00e0s ocasi\u00f3 de\u00a0fer una passejada pel que havia estat la duana d&#8217;una de les rutes m\u00e9s transitades del pa\u00eds, gaudir d&#8217;una visita a una casa de te i, <a class=\"read-more\" href=\"https:\/\/viajandoporjapon.com\/ca\/excursion\/hakone-con-onsen\/\">Continuar llegint <span class=\"meta-nav\">&rarr;<\/span><\/a><\/p>\n","protected":false},"featured_media":7744,"comment_status":"closed","ping_status":"closed","template":"","meta":[],"product_brand":[],"product_cat":[416],"product_tag":[],"class_list":{"0":"post-9160","1":"product","2":"type-product","3":"status-publish","4":"has-post-thumbnail","6":"lugares-mont-fuji","7":"product_cat-sin-categoria-ca","10":"first","11":"instock","12":"sold-individually","13":"taxable","14":"shipping-taxable","15":"purchasable","16":"product-type-variable"},"yoast_head":"<!-- This site is optimized with the Yoast SEO plugin v27.4 - https:\/\/yoast.com\/product\/yoast-seo-wordpress\/ -->\n<title>Excursiones - Viajando por Jap\u00f3n<\/title>\n<meta name=\"description\" content=\"Aquesta escapada a la natura japonesa, a poc m\u00e9s d&#039;una hora de T\u00f2quio, t\u00e9 com a principal objectiu gaudir d&#039;un dels passatemps preferits dels japonesos,\" \/>\n<meta name=\"robots\" content=\"index, follow, max-snippet:-1, max-image-preview:large, max-video-preview:-1\" \/>\n<link rel=\"canonical\" href=\"http:\/\/viajandoporjapon.com\/ca\/excursion\/hakone-con-onsen\/\" \/>\n<meta property=\"og:locale\" content=\"ca_ES\" \/>\n<meta property=\"og:type\" content=\"article\" \/>\n<meta property=\"og:title\" content=\"Excursiones - Viajando por Jap\u00f3n\" \/>\n<meta property=\"og:description\" content=\"Aquesta escapada a la natura japonesa, a poc m\u00e9s d&#039;una hora de T\u00f2quio, t\u00e9 com a principal objectiu gaudir d&#039;un dels passatemps preferits dels japonesos,\" \/>\n<meta property=\"og:url\" content=\"http:\/\/viajandoporjapon.com\/ca\/excursion\/hakone-con-onsen\/\" \/>\n<meta property=\"og:site_name\" content=\"Viajando por Jap\u00f3n\" \/>\n<meta property=\"article:modified_time\" content=\"2020-04-07T12:20:11+00:00\" \/>\n<meta property=\"og:image\" content=\"http:\/\/viajandoporjapon.com\/wp-content\/uploads\/2017\/10\/HakoneTorii2.jpg\" \/>\n\t<meta property=\"og:image:width\" content=\"1500\" \/>\n\t<meta property=\"og:image:height\" content=\"1201\" \/>\n\t<meta property=\"og:image:type\" content=\"image\/jpeg\" \/>\n<meta name=\"twitter:card\" content=\"summary_large_image\" \/>\n<meta name=\"twitter:label1\" content=\"Temps estimat de lectura\" \/>\n\t<meta name=\"twitter:data1\" content=\"1 minut\" \/>\n<script type=\"application\/ld+json\" class=\"yoast-schema-graph\">{\"@context\":\"https:\\\/\\\/schema.org\",\"@graph\":[{\"@type\":\"WebPage\",\"@id\":\"http:\\\/\\\/viajandoporjapon.com\\\/ca\\\/excursion\\\/hakone-con-onsen\\\/\",\"url\":\"http:\\\/\\\/viajandoporjapon.com\\\/ca\\\/excursion\\\/hakone-con-onsen\\\/\",\"name\":\"Excursiones - Viajando por Jap\u00f3n\",\"isPartOf\":{\"@id\":\"http:\\\/\\\/viajandoporjapon.com\\\/#website\"},\"primaryImageOfPage\":{\"@id\":\"http:\\\/\\\/viajandoporjapon.com\\\/ca\\\/excursion\\\/hakone-con-onsen\\\/#primaryimage\"},\"image\":{\"@id\":\"http:\\\/\\\/viajandoporjapon.com\\\/ca\\\/excursion\\\/hakone-con-onsen\\\/#primaryimage\"},\"thumbnailUrl\":\"https:\\\/\\\/viajandoporjapon.com\\\/wp-content\\\/uploads\\\/2017\\\/10\\\/HakoneTorii2.jpg\",\"datePublished\":\"2017-10-17T15:15:27+00:00\",\"dateModified\":\"2020-04-07T12:20:11+00:00\",\"description\":\"Aquesta escapada a la natura japonesa, a poc m\u00e9s d'una hora de T\u00f2quio, t\u00e9 com a principal objectiu gaudir d'un dels passatemps preferits dels japonesos,\",\"breadcrumb\":{\"@id\":\"http:\\\/\\\/viajandoporjapon.com\\\/ca\\\/excursion\\\/hakone-con-onsen\\\/#breadcrumb\"},\"inLanguage\":\"ca\",\"potentialAction\":[{\"@type\":\"ReadAction\",\"target\":[\"http:\\\/\\\/viajandoporjapon.com\\\/ca\\\/excursion\\\/hakone-con-onsen\\\/\"]}]},{\"@type\":\"ImageObject\",\"inLanguage\":\"ca\",\"@id\":\"http:\\\/\\\/viajandoporjapon.com\\\/ca\\\/excursion\\\/hakone-con-onsen\\\/#primaryimage\",\"url\":\"https:\\\/\\\/viajandoporjapon.com\\\/wp-content\\\/uploads\\\/2017\\\/10\\\/HakoneTorii2.jpg\",\"contentUrl\":\"https:\\\/\\\/viajandoporjapon.com\\\/wp-content\\\/uploads\\\/2017\\\/10\\\/HakoneTorii2.jpg\",\"width\":1500,\"height\":1201},{\"@type\":\"BreadcrumbList\",\"@id\":\"http:\\\/\\\/viajandoporjapon.com\\\/ca\\\/excursion\\\/hakone-con-onsen\\\/#breadcrumb\",\"itemListElement\":[{\"@type\":\"ListItem\",\"position\":1,\"name\":\"Portada\",\"item\":\"http:\\\/\\\/viajandoporjapon.com\\\/ca\\\/\"},{\"@type\":\"ListItem\",\"position\":2,\"name\":\"Tienda\",\"item\":\"http:\\\/\\\/viajandoporjapon.com\\\/ca\\\/tienda\\\/\"},{\"@type\":\"ListItem\",\"position\":3,\"name\":\"Hakone amb banys termals\"}]},{\"@type\":\"WebSite\",\"@id\":\"http:\\\/\\\/viajandoporjapon.com\\\/#website\",\"url\":\"http:\\\/\\\/viajandoporjapon.com\\\/\",\"name\":\"Viajando por Jap\u00f3n\",\"description\":\"Somos especialistas en viajes a Jap\u00f3n\",\"potentialAction\":[{\"@type\":\"SearchAction\",\"target\":{\"@type\":\"EntryPoint\",\"urlTemplate\":\"http:\\\/\\\/viajandoporjapon.com\\\/?s={search_term_string}\"},\"query-input\":{\"@type\":\"PropertyValueSpecification\",\"valueRequired\":true,\"valueName\":\"search_term_string\"}}],\"inLanguage\":\"ca\"}]}<\/script>\n<!-- \/ Yoast SEO plugin. -->","yoast_head_json":{"title":"Excursiones - Viajando por Jap\u00f3n","description":"Aquesta escapada a la natura japonesa, a poc m\u00e9s d'una hora de T\u00f2quio, t\u00e9 com a principal objectiu gaudir d'un dels passatemps preferits dels japonesos,","robots":{"index":"index","follow":"follow","max-snippet":"max-snippet:-1","max-image-preview":"max-image-preview:large","max-video-preview":"max-video-preview:-1"},"canonical":"http:\/\/viajandoporjapon.com\/ca\/excursion\/hakone-con-onsen\/","og_locale":"ca_ES","og_type":"article","og_title":"Excursiones - Viajando por Jap\u00f3n","og_description":"Aquesta escapada a la natura japonesa, a poc m\u00e9s d'una hora de T\u00f2quio, t\u00e9 com a principal objectiu gaudir d'un dels passatemps preferits dels japonesos,","og_url":"http:\/\/viajandoporjapon.com\/ca\/excursion\/hakone-con-onsen\/","og_site_name":"Viajando por Jap\u00f3n","article_modified_time":"2020-04-07T12:20:11+00:00","og_image":[{"width":1500,"height":1201,"url":"http:\/\/viajandoporjapon.com\/wp-content\/uploads\/2017\/10\/HakoneTorii2.jpg","type":"image\/jpeg"}],"twitter_card":"summary_large_image","twitter_misc":{"Temps estimat de lectura":"1 minut"},"schema":{"@context":"https:\/\/schema.org","@graph":[{"@type":"WebPage","@id":"http:\/\/viajandoporjapon.com\/ca\/excursion\/hakone-con-onsen\/","url":"http:\/\/viajandoporjapon.com\/ca\/excursion\/hakone-con-onsen\/","name":"Excursiones - Viajando por Jap\u00f3n","isPartOf":{"@id":"http:\/\/viajandoporjapon.com\/#website"},"primaryImageOfPage":{"@id":"http:\/\/viajandoporjapon.com\/ca\/excursion\/hakone-con-onsen\/#primaryimage"},"image":{"@id":"http:\/\/viajandoporjapon.com\/ca\/excursion\/hakone-con-onsen\/#primaryimage"},"thumbnailUrl":"https:\/\/viajandoporjapon.com\/wp-content\/uploads\/2017\/10\/HakoneTorii2.jpg","datePublished":"2017-10-17T15:15:27+00:00","dateModified":"2020-04-07T12:20:11+00:00","description":"Aquesta escapada a la natura japonesa, a poc m\u00e9s d'una hora de T\u00f2quio, t\u00e9 com a principal objectiu gaudir d'un dels passatemps preferits dels japonesos,","breadcrumb":{"@id":"http:\/\/viajandoporjapon.com\/ca\/excursion\/hakone-con-onsen\/#breadcrumb"},"inLanguage":"ca","potentialAction":[{"@type":"ReadAction","target":["http:\/\/viajandoporjapon.com\/ca\/excursion\/hakone-con-onsen\/"]}]},{"@type":"ImageObject","inLanguage":"ca","@id":"http:\/\/viajandoporjapon.com\/ca\/excursion\/hakone-con-onsen\/#primaryimage","url":"https:\/\/viajandoporjapon.com\/wp-content\/uploads\/2017\/10\/HakoneTorii2.jpg","contentUrl":"https:\/\/viajandoporjapon.com\/wp-content\/uploads\/2017\/10\/HakoneTorii2.jpg","width":1500,"height":1201},{"@type":"BreadcrumbList","@id":"http:\/\/viajandoporjapon.com\/ca\/excursion\/hakone-con-onsen\/#breadcrumb","itemListElement":[{"@type":"ListItem","position":1,"name":"Portada","item":"http:\/\/viajandoporjapon.com\/ca\/"},{"@type":"ListItem","position":2,"name":"Tienda","item":"http:\/\/viajandoporjapon.com\/ca\/tienda\/"},{"@type":"ListItem","position":3,"name":"Hakone amb banys termals"}]},{"@type":"WebSite","@id":"http:\/\/viajandoporjapon.com\/#website","url":"http:\/\/viajandoporjapon.com\/","name":"Viajando por Jap\u00f3n","description":"Somos especialistas en viajes a Jap\u00f3n","potentialAction":[{"@type":"SearchAction","target":{"@type":"EntryPoint","urlTemplate":"http:\/\/viajandoporjapon.com\/?s={search_term_string}"},"query-input":{"@type":"PropertyValueSpecification","valueRequired":true,"valueName":"search_term_string"}}],"inLanguage":"ca"}]}},"_links":{"self":[{"href":"https:\/\/viajandoporjapon.com\/ca\/wp-json\/wp\/v2\/product\/9160","targetHints":{"allow":["GET"]}}],"collection":[{"href":"https:\/\/viajandoporjapon.com\/ca\/wp-json\/wp\/v2\/product"}],"about":[{"href":"https:\/\/viajandoporjapon.com\/ca\/wp-json\/wp\/v2\/types\/product"}],"replies":[{"embeddable":true,"href":"https:\/\/viajandoporjapon.com\/ca\/wp-json\/wp\/v2\/comments?post=9160"}],"wp:featuredmedia":[{"embeddable":true,"href":"https:\/\/viajandoporjapon.com\/ca\/wp-json\/wp\/v2\/media\/7744"}],"wp:attachment":[{"href":"https:\/\/viajandoporjapon.com\/ca\/wp-json\/wp\/v2\/media?parent=9160"}],"wp:term":[{"taxonomy":"product_brand","embeddable":true,"href":"https:\/\/viajandoporjapon.com\/ca\/wp-json\/wp\/v2\/product_brand?post=9160"},{"taxonomy":"product_cat","embeddable":true,"href":"https:\/\/viajandoporjapon.com\/ca\/wp-json\/wp\/v2\/product_cat?post=9160"},{"taxonomy":"product_tag","embeddable":true,"href":"https:\/\/viajandoporjapon.com\/ca\/wp-json\/wp\/v2\/product_tag?post=9160"}],"curies":[{"name":"wp","href":"https:\/\/api.w.org\/{rel}","templated":true}]}}