{"id":9146,"date":"2017-05-02T20:15:41","date_gmt":"2017-05-02T18:15:41","guid":{"rendered":"http:\/\/viajandoporjapon.com\/excursion\/hakone\/"},"modified":"2020-04-07T13:12:09","modified_gmt":"2020-04-07T11:12:09","slug":"hakone","status":"publish","type":"product","link":"https:\/\/viajandoporjapon.com\/ca\/excursion\/hakone\/","title":{"rendered":"Hakone (Free Pass)"},"content":{"rendered":"<p>Escapada d&#8217;un dia perfecte per a canviar d&#8217;aires si t&#8217;est\u00e0s a la capital. En companyia del guia, un tren de la l\u00ednia Odakyu et deixar\u00e0 a Hakone Yumoto en l&#8217;inici d&#8217;una jornada en que pujar\u00e0s a cremalleres, funiculars i aeris per acabar travessant en vaixell el llac Ashi, un dels cinc llacs que envolten el Fuji. Si est\u00e0s de sort, la muntanya m\u00e9s estimada pels japonesos far\u00e0 acte de pres\u00e8ncia m\u00e9s enll\u00e0 del llac, poc abans de fer una passejada pel que havia estat la duana d&#8217;una de les rutes m\u00e9s transitades del pa\u00eds.<\/p>\n<p>&nbsp;<\/p>\n<p>Itinerari previst:<\/p>\n<p>&nbsp;<\/p>\n<ul>\n<li><strong>Parc Gora<\/strong>, amb visita a una casa de te<\/li>\n<li>Visita a la vall d&#8217;<strong>Owakudani<\/strong>, d&#8217;aig\u00fces sulfuroses<\/li>\n<li>Galiot pel llac\u00a0<strong>Ashi <\/strong>(possibles vistes al mont Fuji)<\/li>\n<li>Passejada per la zona de\u00a0<strong>Motohakone<\/strong>, antiga duana<\/li>\n<\/ul>\n<p>&nbsp;<\/p>\n<p><span style=\"color: #ff0000;\">\u203b L&#8217;acc\u00e9s a Owakudani pot estar tancat puntualment per augment d&#8217;activitat volc\u00e0nica. Si us plau, consulta&#8217;ns l&#8217;estat actual abans de contractar el servei.<\/span><\/p>\n<p>&nbsp;<\/p>\n<p>El servei inclou tot el transport necessari des de T\u00f2quio i per la zona de Hakone (amb el Hakone Free Pass) i les entrades\/serveis esmentats.<\/p>\n","protected":false},"excerpt":{"rendered":"<p>Escapada d&#8217;un dia perfecte per a canviar d&#8217;aires si t&#8217;est\u00e0s a la capital. En companyia del guia, un tren de la l\u00ednia Odakyu et deixar\u00e0 a Hakone Yumoto en l&#8217;inici d&#8217;una jornada en que pujar\u00e0s a cremalleres, funiculars i aeris per acabar travessant en vaixell el llac Ashi, un dels cinc llacs que envolten el Fuji. Si est\u00e0s de sort, la muntanya m\u00e9s estimada pels japonesos far\u00e0 acte de pres\u00e8ncia m\u00e9s enll\u00e0 del llac, poc abans de fer una passejada pel que havia estat la duana d&#8217;una de <a class=\"read-more\" href=\"https:\/\/viajandoporjapon.com\/ca\/excursion\/hakone\/\">Continuar llegint <span class=\"meta-nav\">&rarr;<\/span><\/a><\/p>\n","protected":false},"featured_media":9180,"comment_status":"open","ping_status":"closed","template":"","meta":[],"product_brand":[],"product_cat":[416],"product_tag":[422,460,464,461,463,462,419],"class_list":{"0":"post-9146","1":"product","2":"type-product","3":"status-publish","4":"has-post-thumbnail","6":"lugares-mont-fuji","7":"product_cat-sin-categoria-ca","8":"product_tag-guia-privat","9":"product_tag-hakone","10":"product_tag-hakone-free-pass","11":"product_tag-llac-ashi","12":"product_tag-ous-negres","13":"product_tag-owakudani","14":"product_tag-visites-guiades","17":"first","18":"instock","19":"sold-individually","20":"taxable","21":"shipping-taxable","22":"purchasable","23":"product-type-variable"},"yoast_head":"<!-- This site is optimized with the Yoast SEO plugin v27.4 - https:\/\/yoast.com\/product\/yoast-seo-wordpress\/ -->\n<title>Excursiones - Viajando por Jap\u00f3n<\/title>\n<meta name=\"description\" content=\"Escapada d&#039;un dia perfecte per a canviar d&#039;aires si t&#039;est\u00e0s a la capital. En companyia del guia, un tren de la l\u00ednia Odakyu et deixar\u00e0 a Hakone Yumoto en\" \/>\n<meta name=\"robots\" content=\"index, follow, max-snippet:-1, max-image-preview:large, max-video-preview:-1\" \/>\n<link rel=\"canonical\" href=\"http:\/\/viajandoporjapon.com\/ca\/excursion\/hakone\/\" \/>\n<meta property=\"og:locale\" content=\"ca_ES\" \/>\n<meta property=\"og:type\" content=\"article\" \/>\n<meta property=\"og:title\" content=\"Excursiones - Viajando por Jap\u00f3n\" \/>\n<meta property=\"og:description\" content=\"Escapada d&#039;un dia perfecte per a canviar d&#039;aires si t&#039;est\u00e0s a la capital. En companyia del guia, un tren de la l\u00ednia Odakyu et deixar\u00e0 a Hakone Yumoto en\" \/>\n<meta property=\"og:url\" content=\"http:\/\/viajandoporjapon.com\/ca\/excursion\/hakone\/\" \/>\n<meta property=\"og:site_name\" content=\"Viajando por Jap\u00f3n\" \/>\n<meta property=\"article:modified_time\" content=\"2020-04-07T11:12:09+00:00\" \/>\n<meta property=\"og:image\" content=\"http:\/\/viajandoporjapon.com\/wp-content\/uploads\/2017\/05\/IMG-20181108-WA0004-e1586257922969.jpg\" \/>\n\t<meta property=\"og:image:width\" content=\"1600\" \/>\n\t<meta property=\"og:image:height\" content=\"936\" \/>\n\t<meta property=\"og:image:type\" content=\"image\/jpeg\" \/>\n<meta name=\"twitter:card\" content=\"summary_large_image\" \/>\n<meta name=\"twitter:label1\" content=\"Temps estimat de lectura\" \/>\n\t<meta name=\"twitter:data1\" content=\"1 minut\" \/>\n<script type=\"application\/ld+json\" class=\"yoast-schema-graph\">{\"@context\":\"https:\\\/\\\/schema.org\",\"@graph\":[{\"@type\":\"WebPage\",\"@id\":\"http:\\\/\\\/viajandoporjapon.com\\\/ca\\\/excursion\\\/hakone\\\/\",\"url\":\"http:\\\/\\\/viajandoporjapon.com\\\/ca\\\/excursion\\\/hakone\\\/\",\"name\":\"Excursiones - Viajando por Jap\u00f3n\",\"isPartOf\":{\"@id\":\"http:\\\/\\\/viajandoporjapon.com\\\/#website\"},\"primaryImageOfPage\":{\"@id\":\"http:\\\/\\\/viajandoporjapon.com\\\/ca\\\/excursion\\\/hakone\\\/#primaryimage\"},\"image\":{\"@id\":\"http:\\\/\\\/viajandoporjapon.com\\\/ca\\\/excursion\\\/hakone\\\/#primaryimage\"},\"thumbnailUrl\":\"https:\\\/\\\/viajandoporjapon.com\\\/wp-content\\\/uploads\\\/2017\\\/05\\\/IMG-20181108-WA0004-e1586257922969.jpg\",\"datePublished\":\"2017-05-02T18:15:41+00:00\",\"dateModified\":\"2020-04-07T11:12:09+00:00\",\"description\":\"Escapada d'un dia perfecte per a canviar d'aires si t'est\u00e0s a la capital. En companyia del guia, un tren de la l\u00ednia Odakyu et deixar\u00e0 a Hakone Yumoto en\",\"breadcrumb\":{\"@id\":\"http:\\\/\\\/viajandoporjapon.com\\\/ca\\\/excursion\\\/hakone\\\/#breadcrumb\"},\"inLanguage\":\"ca\",\"potentialAction\":[{\"@type\":\"ReadAction\",\"target\":[\"http:\\\/\\\/viajandoporjapon.com\\\/ca\\\/excursion\\\/hakone\\\/\"]}]},{\"@type\":\"ImageObject\",\"inLanguage\":\"ca\",\"@id\":\"http:\\\/\\\/viajandoporjapon.com\\\/ca\\\/excursion\\\/hakone\\\/#primaryimage\",\"url\":\"https:\\\/\\\/viajandoporjapon.com\\\/wp-content\\\/uploads\\\/2017\\\/05\\\/IMG-20181108-WA0004-e1586257922969.jpg\",\"contentUrl\":\"https:\\\/\\\/viajandoporjapon.com\\\/wp-content\\\/uploads\\\/2017\\\/05\\\/IMG-20181108-WA0004-e1586257922969.jpg\",\"width\":1600,\"height\":936},{\"@type\":\"BreadcrumbList\",\"@id\":\"http:\\\/\\\/viajandoporjapon.com\\\/ca\\\/excursion\\\/hakone\\\/#breadcrumb\",\"itemListElement\":[{\"@type\":\"ListItem\",\"position\":1,\"name\":\"Portada\",\"item\":\"http:\\\/\\\/viajandoporjapon.com\\\/ca\\\/\"},{\"@type\":\"ListItem\",\"position\":2,\"name\":\"Tienda\",\"item\":\"http:\\\/\\\/viajandoporjapon.com\\\/ca\\\/tienda\\\/\"},{\"@type\":\"ListItem\",\"position\":3,\"name\":\"Hakone (Free Pass)\"}]},{\"@type\":\"WebSite\",\"@id\":\"http:\\\/\\\/viajandoporjapon.com\\\/#website\",\"url\":\"http:\\\/\\\/viajandoporjapon.com\\\/\",\"name\":\"Viajando por Jap\u00f3n\",\"description\":\"Somos especialistas en viajes a Jap\u00f3n\",\"potentialAction\":[{\"@type\":\"SearchAction\",\"target\":{\"@type\":\"EntryPoint\",\"urlTemplate\":\"http:\\\/\\\/viajandoporjapon.com\\\/?s={search_term_string}\"},\"query-input\":{\"@type\":\"PropertyValueSpecification\",\"valueRequired\":true,\"valueName\":\"search_term_string\"}}],\"inLanguage\":\"ca\"}]}<\/script>\n<!-- \/ Yoast SEO plugin. -->","yoast_head_json":{"title":"Excursiones - Viajando por Jap\u00f3n","description":"Escapada d'un dia perfecte per a canviar d'aires si t'est\u00e0s a la capital. En companyia del guia, un tren de la l\u00ednia Odakyu et deixar\u00e0 a Hakone Yumoto en","robots":{"index":"index","follow":"follow","max-snippet":"max-snippet:-1","max-image-preview":"max-image-preview:large","max-video-preview":"max-video-preview:-1"},"canonical":"http:\/\/viajandoporjapon.com\/ca\/excursion\/hakone\/","og_locale":"ca_ES","og_type":"article","og_title":"Excursiones - Viajando por Jap\u00f3n","og_description":"Escapada d'un dia perfecte per a canviar d'aires si t'est\u00e0s a la capital. En companyia del guia, un tren de la l\u00ednia Odakyu et deixar\u00e0 a Hakone Yumoto en","og_url":"http:\/\/viajandoporjapon.com\/ca\/excursion\/hakone\/","og_site_name":"Viajando por Jap\u00f3n","article_modified_time":"2020-04-07T11:12:09+00:00","og_image":[{"width":1600,"height":936,"url":"http:\/\/viajandoporjapon.com\/wp-content\/uploads\/2017\/05\/IMG-20181108-WA0004-e1586257922969.jpg","type":"image\/jpeg"}],"twitter_card":"summary_large_image","twitter_misc":{"Temps estimat de lectura":"1 minut"},"schema":{"@context":"https:\/\/schema.org","@graph":[{"@type":"WebPage","@id":"http:\/\/viajandoporjapon.com\/ca\/excursion\/hakone\/","url":"http:\/\/viajandoporjapon.com\/ca\/excursion\/hakone\/","name":"Excursiones - Viajando por Jap\u00f3n","isPartOf":{"@id":"http:\/\/viajandoporjapon.com\/#website"},"primaryImageOfPage":{"@id":"http:\/\/viajandoporjapon.com\/ca\/excursion\/hakone\/#primaryimage"},"image":{"@id":"http:\/\/viajandoporjapon.com\/ca\/excursion\/hakone\/#primaryimage"},"thumbnailUrl":"https:\/\/viajandoporjapon.com\/wp-content\/uploads\/2017\/05\/IMG-20181108-WA0004-e1586257922969.jpg","datePublished":"2017-05-02T18:15:41+00:00","dateModified":"2020-04-07T11:12:09+00:00","description":"Escapada d'un dia perfecte per a canviar d'aires si t'est\u00e0s a la capital. En companyia del guia, un tren de la l\u00ednia Odakyu et deixar\u00e0 a Hakone Yumoto en","breadcrumb":{"@id":"http:\/\/viajandoporjapon.com\/ca\/excursion\/hakone\/#breadcrumb"},"inLanguage":"ca","potentialAction":[{"@type":"ReadAction","target":["http:\/\/viajandoporjapon.com\/ca\/excursion\/hakone\/"]}]},{"@type":"ImageObject","inLanguage":"ca","@id":"http:\/\/viajandoporjapon.com\/ca\/excursion\/hakone\/#primaryimage","url":"https:\/\/viajandoporjapon.com\/wp-content\/uploads\/2017\/05\/IMG-20181108-WA0004-e1586257922969.jpg","contentUrl":"https:\/\/viajandoporjapon.com\/wp-content\/uploads\/2017\/05\/IMG-20181108-WA0004-e1586257922969.jpg","width":1600,"height":936},{"@type":"BreadcrumbList","@id":"http:\/\/viajandoporjapon.com\/ca\/excursion\/hakone\/#breadcrumb","itemListElement":[{"@type":"ListItem","position":1,"name":"Portada","item":"http:\/\/viajandoporjapon.com\/ca\/"},{"@type":"ListItem","position":2,"name":"Tienda","item":"http:\/\/viajandoporjapon.com\/ca\/tienda\/"},{"@type":"ListItem","position":3,"name":"Hakone (Free Pass)"}]},{"@type":"WebSite","@id":"http:\/\/viajandoporjapon.com\/#website","url":"http:\/\/viajandoporjapon.com\/","name":"Viajando por Jap\u00f3n","description":"Somos especialistas en viajes a Jap\u00f3n","potentialAction":[{"@type":"SearchAction","target":{"@type":"EntryPoint","urlTemplate":"http:\/\/viajandoporjapon.com\/?s={search_term_string}"},"query-input":{"@type":"PropertyValueSpecification","valueRequired":true,"valueName":"search_term_string"}}],"inLanguage":"ca"}]}},"_links":{"self":[{"href":"https:\/\/viajandoporjapon.com\/ca\/wp-json\/wp\/v2\/product\/9146","targetHints":{"allow":["GET"]}}],"collection":[{"href":"https:\/\/viajandoporjapon.com\/ca\/wp-json\/wp\/v2\/product"}],"about":[{"href":"https:\/\/viajandoporjapon.com\/ca\/wp-json\/wp\/v2\/types\/product"}],"replies":[{"embeddable":true,"href":"https:\/\/viajandoporjapon.com\/ca\/wp-json\/wp\/v2\/comments?post=9146"}],"wp:featuredmedia":[{"embeddable":true,"href":"https:\/\/viajandoporjapon.com\/ca\/wp-json\/wp\/v2\/media\/9180"}],"wp:attachment":[{"href":"https:\/\/viajandoporjapon.com\/ca\/wp-json\/wp\/v2\/media?parent=9146"}],"wp:term":[{"taxonomy":"product_brand","embeddable":true,"href":"https:\/\/viajandoporjapon.com\/ca\/wp-json\/wp\/v2\/product_brand?post=9146"},{"taxonomy":"product_cat","embeddable":true,"href":"https:\/\/viajandoporjapon.com\/ca\/wp-json\/wp\/v2\/product_cat?post=9146"},{"taxonomy":"product_tag","embeddable":true,"href":"https:\/\/viajandoporjapon.com\/ca\/wp-json\/wp\/v2\/product_tag?post=9146"}],"curies":[{"name":"wp","href":"https:\/\/api.w.org\/{rel}","templated":true}]}}