{"id":9134,"date":"2017-05-02T20:29:10","date_gmt":"2017-05-02T18:29:10","guid":{"rendered":"http:\/\/viajandoporjapon.com\/excursion\/nikko\/"},"modified":"2020-04-03T11:09:14","modified_gmt":"2020-04-03T09:09:14","slug":"nikko","status":"publish","type":"product","link":"https:\/\/viajandoporjapon.com\/ca\/excursion\/nikko\/","title":{"rendered":"Nikko"},"content":{"rendered":"<p>Un tren en direcci\u00f3 al nord de l&#8217;illa de Honshu et deixar\u00e0 -en companyia del guia- a Nikko, lloc escollit pel clan de <em>shogun<\/em>s Tokugawa com a mausoleu per al seu rep\u00f3s final. El seu favor i el de les corrents religioses que s&#8217;hi havien instal\u00b7lat segles abans es veu reflectit en les edificacions dels magn\u00edfics temples i santuaris envoltats d&#8217;un bosc d&#8217;arbres tan alts que quan el cel es tapa et semblar\u00e0 que passeges per un parad\u00eds terrenal.<\/p>\n<p>&nbsp;<\/p>\n<p>Itinerari previst:<\/p>\n<p>&nbsp;<\/p>\n<ul>\n<li><strong>Santuari Toshogu<\/strong>, magn\u00edfic mausoleu que serveix lloc de rep\u00f2s final de Tokugawa Ieyasu, sense dubte, un dels shoguns m\u00e9s importants de la hist\u00f2ria del pa\u00eds i figura clau en la seva unificaci\u00f3.<\/li>\n<li><strong>Santuari Futarasan<\/strong>, dedicat a les muntanyes de Nikko i amb m\u00e9s de 1.200 anys d&#8217;antiguitat.<\/li>\n<li><strong>Temple Rinnoji<\/strong>, \u00e9s el temple budista de major import\u00e0ncia a Nikko, fundat el segle VIII al seu interior hi ha precioses est\u00e0tues lacades d&#8217;or.<\/li>\n<li><strong>Pont Shinkyo<\/strong>, el &#8220;pont sagrat&#8221; que serveix d&#8217;entrada al recinte i que es considera un dels tres ponts m\u00e9s bonics del pa\u00eds.<\/li>\n<\/ul>\n<p>&nbsp;<\/p>\n<p>La visita inclou el transport en tren des de T\u00f2quio (*nom\u00e9s per als clients que NO disposin de JR PASS actiu i amb un cost de 100\u20ac\/persona addicionals) i el bus a Nikko<\/p>\n<p>&nbsp;<\/p>\n<p><strong>El preu del servei<\/strong> a la columna de la dreta <strong>\u00e9s per als clients amb un JR PASS actiu<\/strong><\/p>\n","protected":false},"excerpt":{"rendered":"<p>Un tren en direcci\u00f3 al nord de l&#8217;illa de Honshu et deixar\u00e0 -en companyia del guia- a Nikko, lloc escollit pel clan de shoguns Tokugawa com a mausoleu per al seu rep\u00f3s final. El seu favor i el de les corrents religioses que s&#8217;hi havien instal\u00b7lat segles abans es veu reflectit en les edificacions dels magn\u00edfics temples i santuaris envoltats d&#8217;un bosc d&#8217;arbres tan alts que quan el cel es tapa et semblar\u00e0 que passeges per un parad\u00eds terrenal. &nbsp; Itinerari previst: &nbsp; Santuari Toshogu, magn\u00edfic mausoleu que <a class=\"read-more\" href=\"https:\/\/viajandoporjapon.com\/ca\/excursion\/nikko\/\">Continuar llegint <span class=\"meta-nav\">&rarr;<\/span><\/a><\/p>\n","protected":false},"featured_media":9785,"comment_status":"open","ping_status":"closed","template":"","meta":[],"product_brand":[],"product_cat":[416],"product_tag":[434,454,422,452,459,455,458,457,453,419,456],"class_list":{"0":"post-9134","1":"product","2":"type-product","3":"status-publish","4":"has-post-thumbnail","6":"lugares-est-japo","7":"product_cat-sin-categoria-ca","8":"product_tag-budisme","9":"product_tag-futarasan","10":"product_tag-guia-privat","11":"product_tag-nikko","12":"product_tag-pont-vermell","13":"product_tag-rinnoji","14":"product_tag-shogun","15":"product_tag-tokugawa","16":"product_tag-toshogu","17":"product_tag-visites-guiades","18":"product_tag-xintoisme","21":"first","22":"instock","23":"sold-individually","24":"taxable","25":"shipping-taxable","26":"purchasable","27":"product-type-variable"},"yoast_head":"<!-- This site is optimized with the Yoast SEO plugin v27.3 - https:\/\/yoast.com\/product\/yoast-seo-wordpress\/ -->\n<title>Excursiones - Viajando por Jap\u00f3n<\/title>\n<meta name=\"description\" content=\"Un tren en direcci\u00f3 al nord de l&#039;illa de Honshu et deixar\u00e0 -en companyia del guia- a Nikko, lloc escollit pel clan de shoguns Tokugawa com a mausoleu per\" \/>\n<meta name=\"robots\" content=\"index, follow, max-snippet:-1, max-image-preview:large, max-video-preview:-1\" \/>\n<link rel=\"canonical\" href=\"http:\/\/viajandoporjapon.com\/ca\/excursion\/nikko\/\" \/>\n<meta property=\"og:locale\" content=\"ca_ES\" \/>\n<meta property=\"og:type\" content=\"article\" \/>\n<meta property=\"og:title\" content=\"Excursiones - Viajando por Jap\u00f3n\" \/>\n<meta property=\"og:description\" content=\"Un tren en direcci\u00f3 al nord de l&#039;illa de Honshu et deixar\u00e0 -en companyia del guia- a Nikko, lloc escollit pel clan de shoguns Tokugawa com a mausoleu per\" \/>\n<meta property=\"og:url\" content=\"http:\/\/viajandoporjapon.com\/ca\/excursion\/nikko\/\" \/>\n<meta property=\"og:site_name\" content=\"Viajando por Jap\u00f3n\" \/>\n<meta property=\"article:modified_time\" content=\"2020-04-03T09:09:14+00:00\" \/>\n<meta property=\"og:image\" content=\"http:\/\/viajandoporjapon.com\/wp-content\/uploads\/2017\/05\/IMG_20181104_110504_HDR-scaled-1.jpg\" \/>\n\t<meta property=\"og:image:width\" content=\"2560\" \/>\n\t<meta property=\"og:image:height\" content=\"1920\" \/>\n\t<meta property=\"og:image:type\" content=\"image\/jpeg\" \/>\n<meta name=\"twitter:card\" content=\"summary_large_image\" \/>\n<meta name=\"twitter:label1\" content=\"Temps estimat de lectura\" \/>\n\t<meta name=\"twitter:data1\" content=\"1 minut\" \/>\n<script type=\"application\/ld+json\" class=\"yoast-schema-graph\">{\"@context\":\"https:\\\/\\\/schema.org\",\"@graph\":[{\"@type\":\"WebPage\",\"@id\":\"http:\\\/\\\/viajandoporjapon.com\\\/ca\\\/excursion\\\/nikko\\\/\",\"url\":\"http:\\\/\\\/viajandoporjapon.com\\\/ca\\\/excursion\\\/nikko\\\/\",\"name\":\"Excursiones - Viajando por Jap\u00f3n\",\"isPartOf\":{\"@id\":\"http:\\\/\\\/viajandoporjapon.com\\\/#website\"},\"primaryImageOfPage\":{\"@id\":\"http:\\\/\\\/viajandoporjapon.com\\\/ca\\\/excursion\\\/nikko\\\/#primaryimage\"},\"image\":{\"@id\":\"http:\\\/\\\/viajandoporjapon.com\\\/ca\\\/excursion\\\/nikko\\\/#primaryimage\"},\"thumbnailUrl\":\"https:\\\/\\\/viajandoporjapon.com\\\/wp-content\\\/uploads\\\/2017\\\/05\\\/IMG_20181104_110504_HDR-scaled-1.jpg\",\"datePublished\":\"2017-05-02T18:29:10+00:00\",\"dateModified\":\"2020-04-03T09:09:14+00:00\",\"description\":\"Un tren en direcci\u00f3 al nord de l'illa de Honshu et deixar\u00e0 -en companyia del guia- a Nikko, lloc escollit pel clan de shoguns Tokugawa com a mausoleu per\",\"breadcrumb\":{\"@id\":\"http:\\\/\\\/viajandoporjapon.com\\\/ca\\\/excursion\\\/nikko\\\/#breadcrumb\"},\"inLanguage\":\"ca\",\"potentialAction\":[{\"@type\":\"ReadAction\",\"target\":[\"http:\\\/\\\/viajandoporjapon.com\\\/ca\\\/excursion\\\/nikko\\\/\"]}]},{\"@type\":\"ImageObject\",\"inLanguage\":\"ca\",\"@id\":\"http:\\\/\\\/viajandoporjapon.com\\\/ca\\\/excursion\\\/nikko\\\/#primaryimage\",\"url\":\"https:\\\/\\\/viajandoporjapon.com\\\/wp-content\\\/uploads\\\/2017\\\/05\\\/IMG_20181104_110504_HDR-scaled-1.jpg\",\"contentUrl\":\"https:\\\/\\\/viajandoporjapon.com\\\/wp-content\\\/uploads\\\/2017\\\/05\\\/IMG_20181104_110504_HDR-scaled-1.jpg\",\"width\":2560,\"height\":1920,\"caption\":\"El puente Shinky\u014d que da acceso al recinto de templos de Nikko\"},{\"@type\":\"BreadcrumbList\",\"@id\":\"http:\\\/\\\/viajandoporjapon.com\\\/ca\\\/excursion\\\/nikko\\\/#breadcrumb\",\"itemListElement\":[{\"@type\":\"ListItem\",\"position\":1,\"name\":\"Portada\",\"item\":\"http:\\\/\\\/viajandoporjapon.com\\\/ca\\\/\"},{\"@type\":\"ListItem\",\"position\":2,\"name\":\"Tienda\",\"item\":\"http:\\\/\\\/viajandoporjapon.com\\\/ca\\\/tienda\\\/\"},{\"@type\":\"ListItem\",\"position\":3,\"name\":\"Nikko\"}]},{\"@type\":\"WebSite\",\"@id\":\"http:\\\/\\\/viajandoporjapon.com\\\/#website\",\"url\":\"http:\\\/\\\/viajandoporjapon.com\\\/\",\"name\":\"Viajando por Jap\u00f3n\",\"description\":\"Somos especialistas en viajes a Jap\u00f3n\",\"potentialAction\":[{\"@type\":\"SearchAction\",\"target\":{\"@type\":\"EntryPoint\",\"urlTemplate\":\"http:\\\/\\\/viajandoporjapon.com\\\/?s={search_term_string}\"},\"query-input\":{\"@type\":\"PropertyValueSpecification\",\"valueRequired\":true,\"valueName\":\"search_term_string\"}}],\"inLanguage\":\"ca\"}]}<\/script>\n<!-- \/ Yoast SEO plugin. -->","yoast_head_json":{"title":"Excursiones - Viajando por Jap\u00f3n","description":"Un tren en direcci\u00f3 al nord de l'illa de Honshu et deixar\u00e0 -en companyia del guia- a Nikko, lloc escollit pel clan de shoguns Tokugawa com a mausoleu per","robots":{"index":"index","follow":"follow","max-snippet":"max-snippet:-1","max-image-preview":"max-image-preview:large","max-video-preview":"max-video-preview:-1"},"canonical":"http:\/\/viajandoporjapon.com\/ca\/excursion\/nikko\/","og_locale":"ca_ES","og_type":"article","og_title":"Excursiones - Viajando por Jap\u00f3n","og_description":"Un tren en direcci\u00f3 al nord de l'illa de Honshu et deixar\u00e0 -en companyia del guia- a Nikko, lloc escollit pel clan de shoguns Tokugawa com a mausoleu per","og_url":"http:\/\/viajandoporjapon.com\/ca\/excursion\/nikko\/","og_site_name":"Viajando por Jap\u00f3n","article_modified_time":"2020-04-03T09:09:14+00:00","og_image":[{"width":2560,"height":1920,"url":"http:\/\/viajandoporjapon.com\/wp-content\/uploads\/2017\/05\/IMG_20181104_110504_HDR-scaled-1.jpg","type":"image\/jpeg"}],"twitter_card":"summary_large_image","twitter_misc":{"Temps estimat de lectura":"1 minut"},"schema":{"@context":"https:\/\/schema.org","@graph":[{"@type":"WebPage","@id":"http:\/\/viajandoporjapon.com\/ca\/excursion\/nikko\/","url":"http:\/\/viajandoporjapon.com\/ca\/excursion\/nikko\/","name":"Excursiones - Viajando por Jap\u00f3n","isPartOf":{"@id":"http:\/\/viajandoporjapon.com\/#website"},"primaryImageOfPage":{"@id":"http:\/\/viajandoporjapon.com\/ca\/excursion\/nikko\/#primaryimage"},"image":{"@id":"http:\/\/viajandoporjapon.com\/ca\/excursion\/nikko\/#primaryimage"},"thumbnailUrl":"https:\/\/viajandoporjapon.com\/wp-content\/uploads\/2017\/05\/IMG_20181104_110504_HDR-scaled-1.jpg","datePublished":"2017-05-02T18:29:10+00:00","dateModified":"2020-04-03T09:09:14+00:00","description":"Un tren en direcci\u00f3 al nord de l'illa de Honshu et deixar\u00e0 -en companyia del guia- a Nikko, lloc escollit pel clan de shoguns Tokugawa com a mausoleu per","breadcrumb":{"@id":"http:\/\/viajandoporjapon.com\/ca\/excursion\/nikko\/#breadcrumb"},"inLanguage":"ca","potentialAction":[{"@type":"ReadAction","target":["http:\/\/viajandoporjapon.com\/ca\/excursion\/nikko\/"]}]},{"@type":"ImageObject","inLanguage":"ca","@id":"http:\/\/viajandoporjapon.com\/ca\/excursion\/nikko\/#primaryimage","url":"https:\/\/viajandoporjapon.com\/wp-content\/uploads\/2017\/05\/IMG_20181104_110504_HDR-scaled-1.jpg","contentUrl":"https:\/\/viajandoporjapon.com\/wp-content\/uploads\/2017\/05\/IMG_20181104_110504_HDR-scaled-1.jpg","width":2560,"height":1920,"caption":"El puente Shinky\u014d que da acceso al recinto de templos de Nikko"},{"@type":"BreadcrumbList","@id":"http:\/\/viajandoporjapon.com\/ca\/excursion\/nikko\/#breadcrumb","itemListElement":[{"@type":"ListItem","position":1,"name":"Portada","item":"http:\/\/viajandoporjapon.com\/ca\/"},{"@type":"ListItem","position":2,"name":"Tienda","item":"http:\/\/viajandoporjapon.com\/ca\/tienda\/"},{"@type":"ListItem","position":3,"name":"Nikko"}]},{"@type":"WebSite","@id":"http:\/\/viajandoporjapon.com\/#website","url":"http:\/\/viajandoporjapon.com\/","name":"Viajando por Jap\u00f3n","description":"Somos especialistas en viajes a Jap\u00f3n","potentialAction":[{"@type":"SearchAction","target":{"@type":"EntryPoint","urlTemplate":"http:\/\/viajandoporjapon.com\/?s={search_term_string}"},"query-input":{"@type":"PropertyValueSpecification","valueRequired":true,"valueName":"search_term_string"}}],"inLanguage":"ca"}]}},"_links":{"self":[{"href":"https:\/\/viajandoporjapon.com\/ca\/wp-json\/wp\/v2\/product\/9134","targetHints":{"allow":["GET"]}}],"collection":[{"href":"https:\/\/viajandoporjapon.com\/ca\/wp-json\/wp\/v2\/product"}],"about":[{"href":"https:\/\/viajandoporjapon.com\/ca\/wp-json\/wp\/v2\/types\/product"}],"replies":[{"embeddable":true,"href":"https:\/\/viajandoporjapon.com\/ca\/wp-json\/wp\/v2\/comments?post=9134"}],"wp:featuredmedia":[{"embeddable":true,"href":"https:\/\/viajandoporjapon.com\/ca\/wp-json\/wp\/v2\/media\/9785"}],"wp:attachment":[{"href":"https:\/\/viajandoporjapon.com\/ca\/wp-json\/wp\/v2\/media?parent=9134"}],"wp:term":[{"taxonomy":"product_brand","embeddable":true,"href":"https:\/\/viajandoporjapon.com\/ca\/wp-json\/wp\/v2\/product_brand?post=9134"},{"taxonomy":"product_cat","embeddable":true,"href":"https:\/\/viajandoporjapon.com\/ca\/wp-json\/wp\/v2\/product_cat?post=9134"},{"taxonomy":"product_tag","embeddable":true,"href":"https:\/\/viajandoporjapon.com\/ca\/wp-json\/wp\/v2\/product_tag?post=9134"}],"curies":[{"name":"wp","href":"https:\/\/api.w.org\/{rel}","templated":true}]}}