{"id":9123,"date":"2017-05-02T20:31:21","date_gmt":"2017-05-02T18:31:21","guid":{"rendered":"http:\/\/viajandoporjapon.com\/excursion\/yokohama\/"},"modified":"2020-04-02T15:26:09","modified_gmt":"2020-04-02T13:26:09","slug":"yokohama","status":"publish","type":"product","link":"https:\/\/viajandoporjapon.com\/ca\/excursion\/yokohama\/","title":{"rendered":"Yokohama"},"content":{"rendered":"<section class=\"av_textblock_section\">\n<div class=\"avia_textblock \">\n<p>Punt d&#8217;entrada de la major part de creuers que visiten el Jap\u00f3, Yokohama rep als visitants amb un espectacular port que du el futur al seu nom -Minato Mirai- i que va facilitar l&#8217;adaptaci\u00f3 d&#8217;un estil occidental en algunes de les seves edificacions. \u00a0El passeig vora el mar t&#8217;acabar\u00e0 portant al barri xin\u00e8s m\u00e9s gran del pa\u00eds, un lloc de primera per tastar una de les especialitats importades de la Xina de m\u00e9s fama arreu, els fideus <em>ramen<\/em>.<\/p>\n<p>&nbsp;<\/p>\n<p>Itinerari previst:<\/p>\n<p>&nbsp;<\/p>\n<ul>\n<li><strong>Sankeien<\/strong>, jard\u00ed d&#8217;estil japon\u00e8s.<\/li>\n<li><strong>Barri Xin\u00e8s<\/strong>, el m\u00e9s gran i popular del Jap\u00f3.<\/li>\n<li><strong>Minato Mirai<\/strong>, el port del futur, on trobar-hi l&#8217;edifici\u00a0<strong>Landmark Tower &#8211;<\/strong>fins fa poc una de les edificacions m\u00e9s altes del pa\u00eds- i tamb\u00e9 un indret perfecte per passejar vora l&#8217;Oce\u00e0 Pac\u00edfic amb vistes a l&#8217;antic magatzem portuari\u00a0<strong>Akarenga<\/strong>, amb una est\u00e8tica occidental poc habitual al pa\u00eds del Sol Ixent.<\/li>\n<\/ul>\n<p>&nbsp;<\/p>\n<p>El servei inclou el transport en tren des de T\u00f2quio i en metro dins la ciutat i les entrades necess\u00e0ries.<\/p>\n<p>&nbsp;<\/p>\n<p>*l&#8217;itinerari per als clients de <a href=\"http:\/\/viajandoporjapon.com\/ca\/circuito\/\">circuits<\/a> pot variar per tal de conservar l&#8217;estructura del viatge<\/p>\n<\/div>\n<\/section>\n","protected":false},"excerpt":{"rendered":"<p>Punt d&#8217;entrada de la major part de creuers que visiten el Jap\u00f3, Yokohama rep als visitants amb un espectacular port que du el futur al seu nom -Minato Mirai- i que va facilitar l&#8217;adaptaci\u00f3 d&#8217;un estil occidental en algunes de les seves edificacions. \u00a0El passeig vora el mar t&#8217;acabar\u00e0 portant al barri xin\u00e8s m\u00e9s gran del pa\u00eds, un lloc de primera per tastar una de les especialitats importades de la Xina de m\u00e9s fama arreu, els fideus ramen. &nbsp; Itinerari previst: &nbsp; Sankeien, jard\u00ed d&#8217;estil japon\u00e8s. Barri Xin\u00e8s, <a class=\"read-more\" href=\"https:\/\/viajandoporjapon.com\/ca\/excursion\/yokohama\/\">Continuar llegint <span class=\"meta-nav\">&rarr;<\/span><\/a><\/p>\n","protected":false},"featured_media":7640,"comment_status":"open","ping_status":"closed","template":"","meta":[],"product_brand":[],"product_cat":[416],"product_tag":[],"class_list":{"0":"post-9123","1":"product","2":"type-product","3":"status-publish","4":"has-post-thumbnail","6":"lugares-est-japo","7":"product_cat-sin-categoria-ca","10":"first","11":"instock","12":"sold-individually","13":"taxable","14":"shipping-taxable","15":"purchasable","16":"product-type-variable"},"yoast_head":"<!-- This site is optimized with the Yoast SEO plugin v27.4 - https:\/\/yoast.com\/product\/yoast-seo-wordpress\/ -->\n<title>Excursiones - Viajando por Jap\u00f3n<\/title>\n<meta name=\"description\" content=\"Punt d&#039;entrada de la major part de creuers que visiten el Jap\u00f3, Yokohama rep als visitants amb un espectacular port que du el futur al seu nom -Minato\" \/>\n<meta name=\"robots\" content=\"index, follow, max-snippet:-1, max-image-preview:large, max-video-preview:-1\" \/>\n<link rel=\"canonical\" href=\"http:\/\/viajandoporjapon.com\/ca\/excursion\/yokohama\/\" \/>\n<meta property=\"og:locale\" content=\"ca_ES\" \/>\n<meta property=\"og:type\" content=\"article\" \/>\n<meta property=\"og:title\" content=\"Excursiones - Viajando por Jap\u00f3n\" \/>\n<meta property=\"og:description\" content=\"Punt d&#039;entrada de la major part de creuers que visiten el Jap\u00f3, Yokohama rep als visitants amb un espectacular port que du el futur al seu nom -Minato\" \/>\n<meta property=\"og:url\" content=\"http:\/\/viajandoporjapon.com\/ca\/excursion\/yokohama\/\" \/>\n<meta property=\"og:site_name\" content=\"Viajando por Jap\u00f3n\" \/>\n<meta property=\"article:modified_time\" content=\"2020-04-02T13:26:09+00:00\" \/>\n<meta property=\"og:image\" content=\"http:\/\/viajandoporjapon.com\/wp-content\/uploads\/2017\/05\/Minato-Mirai.jpg\" \/>\n\t<meta property=\"og:image:width\" content=\"640\" \/>\n\t<meta property=\"og:image:height\" content=\"428\" \/>\n\t<meta property=\"og:image:type\" content=\"image\/jpeg\" \/>\n<meta name=\"twitter:card\" content=\"summary_large_image\" \/>\n<meta name=\"twitter:label1\" content=\"Temps estimat de lectura\" \/>\n\t<meta name=\"twitter:data1\" content=\"1 minut\" \/>\n<script type=\"application\/ld+json\" class=\"yoast-schema-graph\">{\"@context\":\"https:\\\/\\\/schema.org\",\"@graph\":[{\"@type\":\"WebPage\",\"@id\":\"http:\\\/\\\/viajandoporjapon.com\\\/ca\\\/excursion\\\/yokohama\\\/\",\"url\":\"http:\\\/\\\/viajandoporjapon.com\\\/ca\\\/excursion\\\/yokohama\\\/\",\"name\":\"Excursiones - Viajando por Jap\u00f3n\",\"isPartOf\":{\"@id\":\"http:\\\/\\\/viajandoporjapon.com\\\/#website\"},\"primaryImageOfPage\":{\"@id\":\"http:\\\/\\\/viajandoporjapon.com\\\/ca\\\/excursion\\\/yokohama\\\/#primaryimage\"},\"image\":{\"@id\":\"http:\\\/\\\/viajandoporjapon.com\\\/ca\\\/excursion\\\/yokohama\\\/#primaryimage\"},\"thumbnailUrl\":\"https:\\\/\\\/viajandoporjapon.com\\\/wp-content\\\/uploads\\\/2017\\\/05\\\/Minato-Mirai.jpg\",\"datePublished\":\"2017-05-02T18:31:21+00:00\",\"dateModified\":\"2020-04-02T13:26:09+00:00\",\"description\":\"Punt d'entrada de la major part de creuers que visiten el Jap\u00f3, Yokohama rep als visitants amb un espectacular port que du el futur al seu nom -Minato\",\"breadcrumb\":{\"@id\":\"http:\\\/\\\/viajandoporjapon.com\\\/ca\\\/excursion\\\/yokohama\\\/#breadcrumb\"},\"inLanguage\":\"ca\",\"potentialAction\":[{\"@type\":\"ReadAction\",\"target\":[\"http:\\\/\\\/viajandoporjapon.com\\\/ca\\\/excursion\\\/yokohama\\\/\"]}]},{\"@type\":\"ImageObject\",\"inLanguage\":\"ca\",\"@id\":\"http:\\\/\\\/viajandoporjapon.com\\\/ca\\\/excursion\\\/yokohama\\\/#primaryimage\",\"url\":\"https:\\\/\\\/viajandoporjapon.com\\\/wp-content\\\/uploads\\\/2017\\\/05\\\/Minato-Mirai.jpg\",\"contentUrl\":\"https:\\\/\\\/viajandoporjapon.com\\\/wp-content\\\/uploads\\\/2017\\\/05\\\/Minato-Mirai.jpg\",\"width\":640,\"height\":428},{\"@type\":\"BreadcrumbList\",\"@id\":\"http:\\\/\\\/viajandoporjapon.com\\\/ca\\\/excursion\\\/yokohama\\\/#breadcrumb\",\"itemListElement\":[{\"@type\":\"ListItem\",\"position\":1,\"name\":\"Portada\",\"item\":\"http:\\\/\\\/viajandoporjapon.com\\\/ca\\\/\"},{\"@type\":\"ListItem\",\"position\":2,\"name\":\"Tienda\",\"item\":\"http:\\\/\\\/viajandoporjapon.com\\\/ca\\\/tienda\\\/\"},{\"@type\":\"ListItem\",\"position\":3,\"name\":\"Yokohama\"}]},{\"@type\":\"WebSite\",\"@id\":\"http:\\\/\\\/viajandoporjapon.com\\\/#website\",\"url\":\"http:\\\/\\\/viajandoporjapon.com\\\/\",\"name\":\"Viajando por Jap\u00f3n\",\"description\":\"Somos especialistas en viajes a Jap\u00f3n\",\"potentialAction\":[{\"@type\":\"SearchAction\",\"target\":{\"@type\":\"EntryPoint\",\"urlTemplate\":\"http:\\\/\\\/viajandoporjapon.com\\\/?s={search_term_string}\"},\"query-input\":{\"@type\":\"PropertyValueSpecification\",\"valueRequired\":true,\"valueName\":\"search_term_string\"}}],\"inLanguage\":\"ca\"}]}<\/script>\n<!-- \/ Yoast SEO plugin. -->","yoast_head_json":{"title":"Excursiones - Viajando por Jap\u00f3n","description":"Punt d'entrada de la major part de creuers que visiten el Jap\u00f3, Yokohama rep als visitants amb un espectacular port que du el futur al seu nom -Minato","robots":{"index":"index","follow":"follow","max-snippet":"max-snippet:-1","max-image-preview":"max-image-preview:large","max-video-preview":"max-video-preview:-1"},"canonical":"http:\/\/viajandoporjapon.com\/ca\/excursion\/yokohama\/","og_locale":"ca_ES","og_type":"article","og_title":"Excursiones - Viajando por Jap\u00f3n","og_description":"Punt d'entrada de la major part de creuers que visiten el Jap\u00f3, Yokohama rep als visitants amb un espectacular port que du el futur al seu nom -Minato","og_url":"http:\/\/viajandoporjapon.com\/ca\/excursion\/yokohama\/","og_site_name":"Viajando por Jap\u00f3n","article_modified_time":"2020-04-02T13:26:09+00:00","og_image":[{"width":640,"height":428,"url":"http:\/\/viajandoporjapon.com\/wp-content\/uploads\/2017\/05\/Minato-Mirai.jpg","type":"image\/jpeg"}],"twitter_card":"summary_large_image","twitter_misc":{"Temps estimat de lectura":"1 minut"},"schema":{"@context":"https:\/\/schema.org","@graph":[{"@type":"WebPage","@id":"http:\/\/viajandoporjapon.com\/ca\/excursion\/yokohama\/","url":"http:\/\/viajandoporjapon.com\/ca\/excursion\/yokohama\/","name":"Excursiones - Viajando por Jap\u00f3n","isPartOf":{"@id":"http:\/\/viajandoporjapon.com\/#website"},"primaryImageOfPage":{"@id":"http:\/\/viajandoporjapon.com\/ca\/excursion\/yokohama\/#primaryimage"},"image":{"@id":"http:\/\/viajandoporjapon.com\/ca\/excursion\/yokohama\/#primaryimage"},"thumbnailUrl":"https:\/\/viajandoporjapon.com\/wp-content\/uploads\/2017\/05\/Minato-Mirai.jpg","datePublished":"2017-05-02T18:31:21+00:00","dateModified":"2020-04-02T13:26:09+00:00","description":"Punt d'entrada de la major part de creuers que visiten el Jap\u00f3, Yokohama rep als visitants amb un espectacular port que du el futur al seu nom -Minato","breadcrumb":{"@id":"http:\/\/viajandoporjapon.com\/ca\/excursion\/yokohama\/#breadcrumb"},"inLanguage":"ca","potentialAction":[{"@type":"ReadAction","target":["http:\/\/viajandoporjapon.com\/ca\/excursion\/yokohama\/"]}]},{"@type":"ImageObject","inLanguage":"ca","@id":"http:\/\/viajandoporjapon.com\/ca\/excursion\/yokohama\/#primaryimage","url":"https:\/\/viajandoporjapon.com\/wp-content\/uploads\/2017\/05\/Minato-Mirai.jpg","contentUrl":"https:\/\/viajandoporjapon.com\/wp-content\/uploads\/2017\/05\/Minato-Mirai.jpg","width":640,"height":428},{"@type":"BreadcrumbList","@id":"http:\/\/viajandoporjapon.com\/ca\/excursion\/yokohama\/#breadcrumb","itemListElement":[{"@type":"ListItem","position":1,"name":"Portada","item":"http:\/\/viajandoporjapon.com\/ca\/"},{"@type":"ListItem","position":2,"name":"Tienda","item":"http:\/\/viajandoporjapon.com\/ca\/tienda\/"},{"@type":"ListItem","position":3,"name":"Yokohama"}]},{"@type":"WebSite","@id":"http:\/\/viajandoporjapon.com\/#website","url":"http:\/\/viajandoporjapon.com\/","name":"Viajando por Jap\u00f3n","description":"Somos especialistas en viajes a Jap\u00f3n","potentialAction":[{"@type":"SearchAction","target":{"@type":"EntryPoint","urlTemplate":"http:\/\/viajandoporjapon.com\/?s={search_term_string}"},"query-input":{"@type":"PropertyValueSpecification","valueRequired":true,"valueName":"search_term_string"}}],"inLanguage":"ca"}]}},"_links":{"self":[{"href":"https:\/\/viajandoporjapon.com\/ca\/wp-json\/wp\/v2\/product\/9123","targetHints":{"allow":["GET"]}}],"collection":[{"href":"https:\/\/viajandoporjapon.com\/ca\/wp-json\/wp\/v2\/product"}],"about":[{"href":"https:\/\/viajandoporjapon.com\/ca\/wp-json\/wp\/v2\/types\/product"}],"replies":[{"embeddable":true,"href":"https:\/\/viajandoporjapon.com\/ca\/wp-json\/wp\/v2\/comments?post=9123"}],"wp:featuredmedia":[{"embeddable":true,"href":"https:\/\/viajandoporjapon.com\/ca\/wp-json\/wp\/v2\/media\/7640"}],"wp:attachment":[{"href":"https:\/\/viajandoporjapon.com\/ca\/wp-json\/wp\/v2\/media?parent=9123"}],"wp:term":[{"taxonomy":"product_brand","embeddable":true,"href":"https:\/\/viajandoporjapon.com\/ca\/wp-json\/wp\/v2\/product_brand?post=9123"},{"taxonomy":"product_cat","embeddable":true,"href":"https:\/\/viajandoporjapon.com\/ca\/wp-json\/wp\/v2\/product_cat?post=9123"},{"taxonomy":"product_tag","embeddable":true,"href":"https:\/\/viajandoporjapon.com\/ca\/wp-json\/wp\/v2\/product_tag?post=9123"}],"curies":[{"name":"wp","href":"https:\/\/api.w.org\/{rel}","templated":true}]}}