{"id":9110,"date":"2017-05-02T12:55:59","date_gmt":"2017-05-02T10:55:59","guid":{"rendered":"http:\/\/viajandoporjapon.com\/excursion\/koyasan\/"},"modified":"2020-04-02T13:30:06","modified_gmt":"2020-04-02T11:30:06","slug":"koyasan","status":"publish","type":"product","link":"https:\/\/viajandoporjapon.com\/ca\/excursion\/koyasan\/","title":{"rendered":"Koyasan"},"content":{"rendered":"<p>Al Koyasan hi trobar\u00e0s un enorme recinte de temples budistes que ha esdevingut Patrimoni de la Humanitat per la Unesco. Amb 1.200 anys d&#8217;hist\u00f2ria al darrera, la pres\u00e8ncia d&#8217;un guia es far\u00e0 m\u00e9s necess\u00e0ria que mai per tal de gaudir al m\u00e0xim d&#8217;aquest indret de natura i espiritualitat.<\/p>\n<p>&nbsp;<\/p>\n<p>Itinerari previst:<\/p>\n<p>&nbsp;<\/p>\n<ul>\n<li>Visita al recinte de temples (amb especial \u00e8mfasi al\u00a0<strong>Konpon Daito<\/strong>\u00a0i el\u00a0<strong>Kongobu-ji<\/strong>)<\/li>\n<li>Inclou el <strong>World Heritage Ticket<\/strong> (bitllet d&#8217;anada i tornada entre el Koyasan i Osaka, autobusos al Koyasan i descomptes en alguns comer\u00e7os)<\/li>\n<\/ul>\n<p>&nbsp;<\/p>\n<p>La visita inclou el transport necessari per arribar al Koyasan des de Kyoto o Osaka.<\/p>\n","protected":false},"excerpt":{"rendered":"<p>Al Koyasan hi trobar\u00e0s un enorme recinte de temples budistes que ha esdevingut Patrimoni de la Humanitat per la Unesco. Amb 1.200 anys d&#8217;hist\u00f2ria al darrera, la pres\u00e8ncia d&#8217;un guia es far\u00e0 m\u00e9s necess\u00e0ria que mai per tal de gaudir al m\u00e0xim d&#8217;aquest indret de natura i espiritualitat. &nbsp; Itinerari previst: &nbsp; Visita al recinte de temples (amb especial \u00e8mfasi al\u00a0Konpon Daito\u00a0i el\u00a0Kongobu-ji) Inclou el World Heritage Ticket (bitllet d&#8217;anada i tornada entre el Koyasan i Osaka, autobusos al Koyasan i descomptes en alguns comer\u00e7os) &nbsp; La visita <a class=\"read-more\" href=\"https:\/\/viajandoporjapon.com\/ca\/excursion\/koyasan\/\">Continuar llegint <span class=\"meta-nav\">&rarr;<\/span><\/a><\/p>\n","protected":false},"featured_media":9198,"comment_status":"open","ping_status":"closed","template":"","meta":[],"product_brand":[],"product_cat":[416],"product_tag":[],"class_list":{"0":"post-9110","1":"product","2":"type-product","3":"status-publish","4":"has-post-thumbnail","6":"lugares-oest-japo","7":"product_cat-sin-categoria-ca","10":"first","11":"instock","12":"sold-individually","13":"taxable","14":"shipping-taxable","15":"purchasable","16":"product-type-variable"},"yoast_head":"<!-- This site is optimized with the Yoast SEO plugin v27.4 - https:\/\/yoast.com\/product\/yoast-seo-wordpress\/ -->\n<title>Excursiones - Viajando por Jap\u00f3n<\/title>\n<meta name=\"description\" content=\"Al Koyasan hi trobar\u00e0s un enorme recinte de temples budistes que ha esdevingut Patrimoni de la Humanitat per la Unesco. Amb 1.200 anys d&#039;hist\u00f2ria al\" \/>\n<meta name=\"robots\" content=\"index, follow, max-snippet:-1, max-image-preview:large, max-video-preview:-1\" \/>\n<link rel=\"canonical\" href=\"http:\/\/viajandoporjapon.com\/ca\/excursion\/koyasan\/\" \/>\n<meta property=\"og:locale\" content=\"ca_ES\" \/>\n<meta property=\"og:type\" content=\"article\" \/>\n<meta property=\"og:title\" content=\"Excursiones - Viajando por Jap\u00f3n\" \/>\n<meta property=\"og:description\" content=\"Al Koyasan hi trobar\u00e0s un enorme recinte de temples budistes que ha esdevingut Patrimoni de la Humanitat per la Unesco. Amb 1.200 anys d&#039;hist\u00f2ria al\" \/>\n<meta property=\"og:url\" content=\"http:\/\/viajandoporjapon.com\/ca\/excursion\/koyasan\/\" \/>\n<meta property=\"og:site_name\" content=\"Viajando por Jap\u00f3n\" \/>\n<meta property=\"article:modified_time\" content=\"2020-04-02T11:30:06+00:00\" \/>\n<meta property=\"og:image\" content=\"http:\/\/viajandoporjapon.com\/wp-content\/uploads\/2017\/05\/Konpon-Daito-Koyasan.jpg\" \/>\n\t<meta property=\"og:image:width\" content=\"1024\" \/>\n\t<meta property=\"og:image:height\" content=\"683\" \/>\n\t<meta property=\"og:image:type\" content=\"image\/jpeg\" \/>\n<meta name=\"twitter:card\" content=\"summary_large_image\" \/>\n<meta name=\"twitter:label1\" content=\"Temps estimat de lectura\" \/>\n\t<meta name=\"twitter:data1\" content=\"1 minut\" \/>\n<script type=\"application\/ld+json\" class=\"yoast-schema-graph\">{\"@context\":\"https:\\\/\\\/schema.org\",\"@graph\":[{\"@type\":\"WebPage\",\"@id\":\"http:\\\/\\\/viajandoporjapon.com\\\/ca\\\/excursion\\\/koyasan\\\/\",\"url\":\"http:\\\/\\\/viajandoporjapon.com\\\/ca\\\/excursion\\\/koyasan\\\/\",\"name\":\"Excursiones - Viajando por Jap\u00f3n\",\"isPartOf\":{\"@id\":\"http:\\\/\\\/viajandoporjapon.com\\\/#website\"},\"primaryImageOfPage\":{\"@id\":\"http:\\\/\\\/viajandoporjapon.com\\\/ca\\\/excursion\\\/koyasan\\\/#primaryimage\"},\"image\":{\"@id\":\"http:\\\/\\\/viajandoporjapon.com\\\/ca\\\/excursion\\\/koyasan\\\/#primaryimage\"},\"thumbnailUrl\":\"https:\\\/\\\/viajandoporjapon.com\\\/wp-content\\\/uploads\\\/2017\\\/05\\\/Konpon-Daito-Koyasan.jpg\",\"datePublished\":\"2017-05-02T10:55:59+00:00\",\"dateModified\":\"2020-04-02T11:30:06+00:00\",\"description\":\"Al Koyasan hi trobar\u00e0s un enorme recinte de temples budistes que ha esdevingut Patrimoni de la Humanitat per la Unesco. Amb 1.200 anys d'hist\u00f2ria al\",\"breadcrumb\":{\"@id\":\"http:\\\/\\\/viajandoporjapon.com\\\/ca\\\/excursion\\\/koyasan\\\/#breadcrumb\"},\"inLanguage\":\"ca\",\"potentialAction\":[{\"@type\":\"ReadAction\",\"target\":[\"http:\\\/\\\/viajandoporjapon.com\\\/ca\\\/excursion\\\/koyasan\\\/\"]}]},{\"@type\":\"ImageObject\",\"inLanguage\":\"ca\",\"@id\":\"http:\\\/\\\/viajandoporjapon.com\\\/ca\\\/excursion\\\/koyasan\\\/#primaryimage\",\"url\":\"https:\\\/\\\/viajandoporjapon.com\\\/wp-content\\\/uploads\\\/2017\\\/05\\\/Konpon-Daito-Koyasan.jpg\",\"contentUrl\":\"https:\\\/\\\/viajandoporjapon.com\\\/wp-content\\\/uploads\\\/2017\\\/05\\\/Konpon-Daito-Koyasan.jpg\",\"width\":1024,\"height\":683},{\"@type\":\"BreadcrumbList\",\"@id\":\"http:\\\/\\\/viajandoporjapon.com\\\/ca\\\/excursion\\\/koyasan\\\/#breadcrumb\",\"itemListElement\":[{\"@type\":\"ListItem\",\"position\":1,\"name\":\"Portada\",\"item\":\"http:\\\/\\\/viajandoporjapon.com\\\/ca\\\/\"},{\"@type\":\"ListItem\",\"position\":2,\"name\":\"Tienda\",\"item\":\"http:\\\/\\\/viajandoporjapon.com\\\/ca\\\/tienda\\\/\"},{\"@type\":\"ListItem\",\"position\":3,\"name\":\"Koyasan\"}]},{\"@type\":\"WebSite\",\"@id\":\"http:\\\/\\\/viajandoporjapon.com\\\/#website\",\"url\":\"http:\\\/\\\/viajandoporjapon.com\\\/\",\"name\":\"Viajando por Jap\u00f3n\",\"description\":\"Somos especialistas en viajes a Jap\u00f3n\",\"potentialAction\":[{\"@type\":\"SearchAction\",\"target\":{\"@type\":\"EntryPoint\",\"urlTemplate\":\"http:\\\/\\\/viajandoporjapon.com\\\/?s={search_term_string}\"},\"query-input\":{\"@type\":\"PropertyValueSpecification\",\"valueRequired\":true,\"valueName\":\"search_term_string\"}}],\"inLanguage\":\"ca\"}]}<\/script>\n<!-- \/ Yoast SEO plugin. -->","yoast_head_json":{"title":"Excursiones - Viajando por Jap\u00f3n","description":"Al Koyasan hi trobar\u00e0s un enorme recinte de temples budistes que ha esdevingut Patrimoni de la Humanitat per la Unesco. Amb 1.200 anys d'hist\u00f2ria al","robots":{"index":"index","follow":"follow","max-snippet":"max-snippet:-1","max-image-preview":"max-image-preview:large","max-video-preview":"max-video-preview:-1"},"canonical":"http:\/\/viajandoporjapon.com\/ca\/excursion\/koyasan\/","og_locale":"ca_ES","og_type":"article","og_title":"Excursiones - Viajando por Jap\u00f3n","og_description":"Al Koyasan hi trobar\u00e0s un enorme recinte de temples budistes que ha esdevingut Patrimoni de la Humanitat per la Unesco. Amb 1.200 anys d'hist\u00f2ria al","og_url":"http:\/\/viajandoporjapon.com\/ca\/excursion\/koyasan\/","og_site_name":"Viajando por Jap\u00f3n","article_modified_time":"2020-04-02T11:30:06+00:00","og_image":[{"width":1024,"height":683,"url":"http:\/\/viajandoporjapon.com\/wp-content\/uploads\/2017\/05\/Konpon-Daito-Koyasan.jpg","type":"image\/jpeg"}],"twitter_card":"summary_large_image","twitter_misc":{"Temps estimat de lectura":"1 minut"},"schema":{"@context":"https:\/\/schema.org","@graph":[{"@type":"WebPage","@id":"http:\/\/viajandoporjapon.com\/ca\/excursion\/koyasan\/","url":"http:\/\/viajandoporjapon.com\/ca\/excursion\/koyasan\/","name":"Excursiones - Viajando por Jap\u00f3n","isPartOf":{"@id":"http:\/\/viajandoporjapon.com\/#website"},"primaryImageOfPage":{"@id":"http:\/\/viajandoporjapon.com\/ca\/excursion\/koyasan\/#primaryimage"},"image":{"@id":"http:\/\/viajandoporjapon.com\/ca\/excursion\/koyasan\/#primaryimage"},"thumbnailUrl":"https:\/\/viajandoporjapon.com\/wp-content\/uploads\/2017\/05\/Konpon-Daito-Koyasan.jpg","datePublished":"2017-05-02T10:55:59+00:00","dateModified":"2020-04-02T11:30:06+00:00","description":"Al Koyasan hi trobar\u00e0s un enorme recinte de temples budistes que ha esdevingut Patrimoni de la Humanitat per la Unesco. Amb 1.200 anys d'hist\u00f2ria al","breadcrumb":{"@id":"http:\/\/viajandoporjapon.com\/ca\/excursion\/koyasan\/#breadcrumb"},"inLanguage":"ca","potentialAction":[{"@type":"ReadAction","target":["http:\/\/viajandoporjapon.com\/ca\/excursion\/koyasan\/"]}]},{"@type":"ImageObject","inLanguage":"ca","@id":"http:\/\/viajandoporjapon.com\/ca\/excursion\/koyasan\/#primaryimage","url":"https:\/\/viajandoporjapon.com\/wp-content\/uploads\/2017\/05\/Konpon-Daito-Koyasan.jpg","contentUrl":"https:\/\/viajandoporjapon.com\/wp-content\/uploads\/2017\/05\/Konpon-Daito-Koyasan.jpg","width":1024,"height":683},{"@type":"BreadcrumbList","@id":"http:\/\/viajandoporjapon.com\/ca\/excursion\/koyasan\/#breadcrumb","itemListElement":[{"@type":"ListItem","position":1,"name":"Portada","item":"http:\/\/viajandoporjapon.com\/ca\/"},{"@type":"ListItem","position":2,"name":"Tienda","item":"http:\/\/viajandoporjapon.com\/ca\/tienda\/"},{"@type":"ListItem","position":3,"name":"Koyasan"}]},{"@type":"WebSite","@id":"http:\/\/viajandoporjapon.com\/#website","url":"http:\/\/viajandoporjapon.com\/","name":"Viajando por Jap\u00f3n","description":"Somos especialistas en viajes a Jap\u00f3n","potentialAction":[{"@type":"SearchAction","target":{"@type":"EntryPoint","urlTemplate":"http:\/\/viajandoporjapon.com\/?s={search_term_string}"},"query-input":{"@type":"PropertyValueSpecification","valueRequired":true,"valueName":"search_term_string"}}],"inLanguage":"ca"}]}},"_links":{"self":[{"href":"https:\/\/viajandoporjapon.com\/ca\/wp-json\/wp\/v2\/product\/9110","targetHints":{"allow":["GET"]}}],"collection":[{"href":"https:\/\/viajandoporjapon.com\/ca\/wp-json\/wp\/v2\/product"}],"about":[{"href":"https:\/\/viajandoporjapon.com\/ca\/wp-json\/wp\/v2\/types\/product"}],"replies":[{"embeddable":true,"href":"https:\/\/viajandoporjapon.com\/ca\/wp-json\/wp\/v2\/comments?post=9110"}],"wp:featuredmedia":[{"embeddable":true,"href":"https:\/\/viajandoporjapon.com\/ca\/wp-json\/wp\/v2\/media\/9198"}],"wp:attachment":[{"href":"https:\/\/viajandoporjapon.com\/ca\/wp-json\/wp\/v2\/media?parent=9110"}],"wp:term":[{"taxonomy":"product_brand","embeddable":true,"href":"https:\/\/viajandoporjapon.com\/ca\/wp-json\/wp\/v2\/product_brand?post=9110"},{"taxonomy":"product_cat","embeddable":true,"href":"https:\/\/viajandoporjapon.com\/ca\/wp-json\/wp\/v2\/product_cat?post=9110"},{"taxonomy":"product_tag","embeddable":true,"href":"https:\/\/viajandoporjapon.com\/ca\/wp-json\/wp\/v2\/product_tag?post=9110"}],"curies":[{"name":"wp","href":"https:\/\/api.w.org\/{rel}","templated":true}]}}