{"id":9099,"date":"2017-05-08T10:44:18","date_gmt":"2017-05-08T08:44:18","guid":{"rendered":"http:\/\/viajandoporjapon.com\/excursion\/osaka\/"},"modified":"2020-03-31T16:41:23","modified_gmt":"2020-03-31T14:41:23","slug":"osaka","status":"publish","type":"product","link":"https:\/\/viajandoporjapon.com\/ca\/excursion\/osaka\/","title":{"rendered":"Osaka"},"content":{"rendered":"<section class=\"av_textblock_section\">\n<div class=\"avia_textblock \">\n<p>A poca dist\u00e0ncia de l&#8217;elegant Kyoto, trobar\u00e0s aquest cau de soroll organitzat, bon menjar i habitants m\u00e9s animats que el japon\u00e8s mitj\u00e0. Osaka t&#8217;ofereix castells hist\u00f2rics, arquitectura impossible i l&#8217;ambient m\u00e9s animat per a gaudir de la c\u00e8lebre oferta culin\u00e0ria de la tercera ciutat m\u00e9s gran del pa\u00eds.<\/p>\n<p>&nbsp;<\/p>\n<p>Itinerari previst:<\/p>\n<p>&nbsp;<\/p>\n<ul>\n<li><strong>Castell d&#8217;Osaka<\/strong>, escenari d&#8217;una batalla que va canviar el rumb del pa\u00eds i envoltat d&#8217;un preci\u00f3s parc.<\/li>\n<li><strong>Umeda Sky Building<\/strong>, un espectacular edifici amb un &#8220;jard\u00ed flotant&#8221; a unes \u00faltimes plantes que semblen desafiar la gravetat. Vistes en 360\u00ba a la ciutat.<\/li>\n<li>La visita finalitzar\u00e0 al <strong>barri<\/strong>\u00a0<strong>Dotonbori,\u00a0<\/strong>sens cap mena de dubte dels m\u00e9s animats del Jap\u00f3 \u00a0i amb una oferta gastron\u00f2mica capa\u00e7 de satisfer el m\u00e9s exigent.<\/li>\n<\/ul>\n<p>&nbsp;<\/p>\n<p>La visita inclou el transport en tren per a arribar-hi des de Kyoto, el metro a Osaka i les entrades als lloc esmentats.<\/p>\n<\/div>\n<\/section>\n","protected":false},"excerpt":{"rendered":"<p>A poca dist\u00e0ncia de l&#8217;elegant Kyoto, trobar\u00e0s aquest cau de soroll organitzat, bon menjar i habitants m\u00e9s animats que el japon\u00e8s mitj\u00e0. Osaka t&#8217;ofereix castells hist\u00f2rics, arquitectura impossible i l&#8217;ambient m\u00e9s animat per a gaudir de la c\u00e8lebre oferta culin\u00e0ria de la tercera ciutat m\u00e9s gran del pa\u00eds. &nbsp; Itinerari previst: &nbsp; Castell d&#8217;Osaka, escenari d&#8217;una batalla que va canviar el rumb del pa\u00eds i envoltat d&#8217;un preci\u00f3s parc. Umeda Sky Building, un espectacular edifici amb un &#8220;jard\u00ed flotant&#8221; a unes \u00faltimes plantes que semblen desafiar la gravetat. <a class=\"read-more\" href=\"https:\/\/viajandoporjapon.com\/ca\/excursion\/osaka\/\">Continuar llegint <span class=\"meta-nav\">&rarr;<\/span><\/a><\/p>\n","protected":false},"featured_media":7699,"comment_status":"open","ping_status":"closed","template":"","meta":[],"product_brand":[],"product_cat":[416],"product_tag":[447,449,451,450,422,446,448,419],"class_list":{"0":"post-9099","1":"product","2":"type-product","3":"status-publish","4":"has-post-thumbnail","6":"lugares-oest-japo","7":"product_cat-sin-categoria-ca","8":"product_tag-castell-dosaka","9":"product_tag-dotonbori","10":"product_tag-ebisubashi","11":"product_tag-gastronomia","12":"product_tag-guia-privat","13":"product_tag-osaka","14":"product_tag-umeda-sky-building","15":"product_tag-visites-guiades","18":"first","19":"instock","20":"sold-individually","21":"taxable","22":"shipping-taxable","23":"purchasable","24":"product-type-variable"},"yoast_head":"<!-- This site is optimized with the Yoast SEO plugin v27.5 - https:\/\/yoast.com\/product\/yoast-seo-wordpress\/ -->\n<title>Excursiones - Viajando por Jap\u00f3n<\/title>\n<meta name=\"description\" content=\"A poca dist\u00e0ncia de l&#039;elegant Kyoto, trobar\u00e0s aquest cau de soroll organitzat, bon menjar i habitants m\u00e9s animats que el japon\u00e8s mitj\u00e0. Osaka t&#039;ofereix\" \/>\n<meta name=\"robots\" content=\"index, follow, max-snippet:-1, max-image-preview:large, max-video-preview:-1\" \/>\n<link rel=\"canonical\" href=\"http:\/\/viajandoporjapon.com\/ca\/excursion\/osaka\/\" \/>\n<meta property=\"og:locale\" content=\"ca_ES\" \/>\n<meta property=\"og:type\" content=\"article\" \/>\n<meta property=\"og:title\" content=\"Excursiones - Viajando por Jap\u00f3n\" \/>\n<meta property=\"og:description\" content=\"A poca dist\u00e0ncia de l&#039;elegant Kyoto, trobar\u00e0s aquest cau de soroll organitzat, bon menjar i habitants m\u00e9s animats que el japon\u00e8s mitj\u00e0. Osaka t&#039;ofereix\" \/>\n<meta property=\"og:url\" content=\"http:\/\/viajandoporjapon.com\/ca\/excursion\/osaka\/\" \/>\n<meta property=\"og:site_name\" content=\"Viajando por Jap\u00f3n\" \/>\n<meta property=\"article:modified_time\" content=\"2020-03-31T14:41:23+00:00\" \/>\n<meta property=\"og:image\" content=\"http:\/\/viajandoporjapon.com\/wp-content\/uploads\/2017\/05\/Osaka_Dotonbori.jpg\" \/>\n\t<meta property=\"og:image:width\" content=\"800\" \/>\n\t<meta property=\"og:image:height\" content=\"600\" \/>\n\t<meta property=\"og:image:type\" content=\"image\/jpeg\" \/>\n<meta name=\"twitter:card\" content=\"summary_large_image\" \/>\n<meta name=\"twitter:label1\" content=\"Temps estimat de lectura\" \/>\n\t<meta name=\"twitter:data1\" content=\"1 minut\" \/>\n<script type=\"application\/ld+json\" class=\"yoast-schema-graph\">{\"@context\":\"https:\\\/\\\/schema.org\",\"@graph\":[{\"@type\":\"WebPage\",\"@id\":\"http:\\\/\\\/viajandoporjapon.com\\\/ca\\\/excursion\\\/osaka\\\/\",\"url\":\"http:\\\/\\\/viajandoporjapon.com\\\/ca\\\/excursion\\\/osaka\\\/\",\"name\":\"Excursiones - Viajando por Jap\u00f3n\",\"isPartOf\":{\"@id\":\"http:\\\/\\\/viajandoporjapon.com\\\/#website\"},\"primaryImageOfPage\":{\"@id\":\"http:\\\/\\\/viajandoporjapon.com\\\/ca\\\/excursion\\\/osaka\\\/#primaryimage\"},\"image\":{\"@id\":\"http:\\\/\\\/viajandoporjapon.com\\\/ca\\\/excursion\\\/osaka\\\/#primaryimage\"},\"thumbnailUrl\":\"https:\\\/\\\/viajandoporjapon.com\\\/wp-content\\\/uploads\\\/2017\\\/05\\\/Osaka_Dotonbori.jpg\",\"datePublished\":\"2017-05-08T08:44:18+00:00\",\"dateModified\":\"2020-03-31T14:41:23+00:00\",\"description\":\"A poca dist\u00e0ncia de l'elegant Kyoto, trobar\u00e0s aquest cau de soroll organitzat, bon menjar i habitants m\u00e9s animats que el japon\u00e8s mitj\u00e0. Osaka t'ofereix\",\"breadcrumb\":{\"@id\":\"http:\\\/\\\/viajandoporjapon.com\\\/ca\\\/excursion\\\/osaka\\\/#breadcrumb\"},\"inLanguage\":\"ca\",\"potentialAction\":[{\"@type\":\"ReadAction\",\"target\":[\"http:\\\/\\\/viajandoporjapon.com\\\/ca\\\/excursion\\\/osaka\\\/\"]}]},{\"@type\":\"ImageObject\",\"inLanguage\":\"ca\",\"@id\":\"http:\\\/\\\/viajandoporjapon.com\\\/ca\\\/excursion\\\/osaka\\\/#primaryimage\",\"url\":\"https:\\\/\\\/viajandoporjapon.com\\\/wp-content\\\/uploads\\\/2017\\\/05\\\/Osaka_Dotonbori.jpg\",\"contentUrl\":\"https:\\\/\\\/viajandoporjapon.com\\\/wp-content\\\/uploads\\\/2017\\\/05\\\/Osaka_Dotonbori.jpg\",\"width\":800,\"height\":600,\"caption\":\"El bullicio nocturno en Dotonbori.\"},{\"@type\":\"BreadcrumbList\",\"@id\":\"http:\\\/\\\/viajandoporjapon.com\\\/ca\\\/excursion\\\/osaka\\\/#breadcrumb\",\"itemListElement\":[{\"@type\":\"ListItem\",\"position\":1,\"name\":\"Portada\",\"item\":\"http:\\\/\\\/viajandoporjapon.com\\\/ca\\\/\"},{\"@type\":\"ListItem\",\"position\":2,\"name\":\"Tienda\",\"item\":\"http:\\\/\\\/viajandoporjapon.com\\\/ca\\\/tienda\\\/\"},{\"@type\":\"ListItem\",\"position\":3,\"name\":\"Osaka\"}]},{\"@type\":\"WebSite\",\"@id\":\"http:\\\/\\\/viajandoporjapon.com\\\/#website\",\"url\":\"http:\\\/\\\/viajandoporjapon.com\\\/\",\"name\":\"Viajando por Jap\u00f3n\",\"description\":\"Somos especialistas en viajes a Jap\u00f3n\",\"potentialAction\":[{\"@type\":\"SearchAction\",\"target\":{\"@type\":\"EntryPoint\",\"urlTemplate\":\"http:\\\/\\\/viajandoporjapon.com\\\/?s={search_term_string}\"},\"query-input\":{\"@type\":\"PropertyValueSpecification\",\"valueRequired\":true,\"valueName\":\"search_term_string\"}}],\"inLanguage\":\"ca\"}]}<\/script>\n<!-- \/ Yoast SEO plugin. -->","yoast_head_json":{"title":"Excursiones - Viajando por Jap\u00f3n","description":"A poca dist\u00e0ncia de l'elegant Kyoto, trobar\u00e0s aquest cau de soroll organitzat, bon menjar i habitants m\u00e9s animats que el japon\u00e8s mitj\u00e0. Osaka t'ofereix","robots":{"index":"index","follow":"follow","max-snippet":"max-snippet:-1","max-image-preview":"max-image-preview:large","max-video-preview":"max-video-preview:-1"},"canonical":"http:\/\/viajandoporjapon.com\/ca\/excursion\/osaka\/","og_locale":"ca_ES","og_type":"article","og_title":"Excursiones - Viajando por Jap\u00f3n","og_description":"A poca dist\u00e0ncia de l'elegant Kyoto, trobar\u00e0s aquest cau de soroll organitzat, bon menjar i habitants m\u00e9s animats que el japon\u00e8s mitj\u00e0. Osaka t'ofereix","og_url":"http:\/\/viajandoporjapon.com\/ca\/excursion\/osaka\/","og_site_name":"Viajando por Jap\u00f3n","article_modified_time":"2020-03-31T14:41:23+00:00","og_image":[{"width":800,"height":600,"url":"http:\/\/viajandoporjapon.com\/wp-content\/uploads\/2017\/05\/Osaka_Dotonbori.jpg","type":"image\/jpeg"}],"twitter_card":"summary_large_image","twitter_misc":{"Temps estimat de lectura":"1 minut"},"schema":{"@context":"https:\/\/schema.org","@graph":[{"@type":"WebPage","@id":"http:\/\/viajandoporjapon.com\/ca\/excursion\/osaka\/","url":"http:\/\/viajandoporjapon.com\/ca\/excursion\/osaka\/","name":"Excursiones - Viajando por Jap\u00f3n","isPartOf":{"@id":"http:\/\/viajandoporjapon.com\/#website"},"primaryImageOfPage":{"@id":"http:\/\/viajandoporjapon.com\/ca\/excursion\/osaka\/#primaryimage"},"image":{"@id":"http:\/\/viajandoporjapon.com\/ca\/excursion\/osaka\/#primaryimage"},"thumbnailUrl":"https:\/\/viajandoporjapon.com\/wp-content\/uploads\/2017\/05\/Osaka_Dotonbori.jpg","datePublished":"2017-05-08T08:44:18+00:00","dateModified":"2020-03-31T14:41:23+00:00","description":"A poca dist\u00e0ncia de l'elegant Kyoto, trobar\u00e0s aquest cau de soroll organitzat, bon menjar i habitants m\u00e9s animats que el japon\u00e8s mitj\u00e0. Osaka t'ofereix","breadcrumb":{"@id":"http:\/\/viajandoporjapon.com\/ca\/excursion\/osaka\/#breadcrumb"},"inLanguage":"ca","potentialAction":[{"@type":"ReadAction","target":["http:\/\/viajandoporjapon.com\/ca\/excursion\/osaka\/"]}]},{"@type":"ImageObject","inLanguage":"ca","@id":"http:\/\/viajandoporjapon.com\/ca\/excursion\/osaka\/#primaryimage","url":"https:\/\/viajandoporjapon.com\/wp-content\/uploads\/2017\/05\/Osaka_Dotonbori.jpg","contentUrl":"https:\/\/viajandoporjapon.com\/wp-content\/uploads\/2017\/05\/Osaka_Dotonbori.jpg","width":800,"height":600,"caption":"El bullicio nocturno en Dotonbori."},{"@type":"BreadcrumbList","@id":"http:\/\/viajandoporjapon.com\/ca\/excursion\/osaka\/#breadcrumb","itemListElement":[{"@type":"ListItem","position":1,"name":"Portada","item":"http:\/\/viajandoporjapon.com\/ca\/"},{"@type":"ListItem","position":2,"name":"Tienda","item":"http:\/\/viajandoporjapon.com\/ca\/tienda\/"},{"@type":"ListItem","position":3,"name":"Osaka"}]},{"@type":"WebSite","@id":"http:\/\/viajandoporjapon.com\/#website","url":"http:\/\/viajandoporjapon.com\/","name":"Viajando por Jap\u00f3n","description":"Somos especialistas en viajes a Jap\u00f3n","potentialAction":[{"@type":"SearchAction","target":{"@type":"EntryPoint","urlTemplate":"http:\/\/viajandoporjapon.com\/?s={search_term_string}"},"query-input":{"@type":"PropertyValueSpecification","valueRequired":true,"valueName":"search_term_string"}}],"inLanguage":"ca"}]}},"_links":{"self":[{"href":"https:\/\/viajandoporjapon.com\/ca\/wp-json\/wp\/v2\/product\/9099","targetHints":{"allow":["GET"]}}],"collection":[{"href":"https:\/\/viajandoporjapon.com\/ca\/wp-json\/wp\/v2\/product"}],"about":[{"href":"https:\/\/viajandoporjapon.com\/ca\/wp-json\/wp\/v2\/types\/product"}],"replies":[{"embeddable":true,"href":"https:\/\/viajandoporjapon.com\/ca\/wp-json\/wp\/v2\/comments?post=9099"}],"wp:featuredmedia":[{"embeddable":true,"href":"https:\/\/viajandoporjapon.com\/ca\/wp-json\/wp\/v2\/media\/7699"}],"wp:attachment":[{"href":"https:\/\/viajandoporjapon.com\/ca\/wp-json\/wp\/v2\/media?parent=9099"}],"wp:term":[{"taxonomy":"product_brand","embeddable":true,"href":"https:\/\/viajandoporjapon.com\/ca\/wp-json\/wp\/v2\/product_brand?post=9099"},{"taxonomy":"product_cat","embeddable":true,"href":"https:\/\/viajandoporjapon.com\/ca\/wp-json\/wp\/v2\/product_cat?post=9099"},{"taxonomy":"product_tag","embeddable":true,"href":"https:\/\/viajandoporjapon.com\/ca\/wp-json\/wp\/v2\/product_tag?post=9099"}],"curies":[{"name":"wp","href":"https:\/\/api.w.org\/{rel}","templated":true}]}}