{"id":9043,"date":"2017-05-02T20:18:22","date_gmt":"2017-05-02T18:18:22","guid":{"rendered":"http:\/\/viajandoporjapon.com\/excursion\/kamakura\/"},"modified":"2020-03-24T16:05:52","modified_gmt":"2020-03-24T15:05:52","slug":"kamakura","status":"publish","type":"product","link":"https:\/\/viajandoporjapon.com\/ca\/excursion\/kamakura\/","title":{"rendered":"Kamakura"},"content":{"rendered":"<p>La ciutat escollida per l&#8217;elit guerrera japonesa com a centre de control -del pa\u00eds i de l&#8217;emperador- entre els segles XII i XIV es va beneficiar d&#8217;aquesta situaci\u00f3 gr\u00e0cies al refinat gust dels samurais aix\u00ed com a la seva devoci\u00f3 religiosa.<\/p>\n<p>&nbsp;<\/p>\n<p>El guia et descobrir\u00e0 el resultat d&#8217;aquesta capitalitat no oficial en els seus santuaris, temples i en la preciosa est\u00e0tua del Gran Buda de Kamakura, en perfecte harmonia des de fa segles amb la natura que l&#8217;envolta.<\/p>\n<p>&nbsp;<\/p>\n<p>Itinerari previst:<\/p>\n<p>&nbsp;<\/p>\n<ul>\n<li>Santuari\u00a0<strong>Tsurugaoka Hachimangu<\/strong>, al final d&#8217;un llarg passeig de cirerers i dedicat a la de\u00eftat Hachiman, protectora del clan Minamoto, que va fundar el temple i, de manera m\u00e9s general, dels guerrers.<\/li>\n<li>El\u00a0<strong>Kotoku-in<\/strong>, temple budista que allotja el Gran Buda de Kamakura, d&#8217;onze metres d&#8217;al\u00e7\u00e0ria.<\/li>\n<li>Santuari\u00a0<strong>Zeniarai Benten<\/strong>, que sembla sortit d&#8217;una pel\u00b7l\u00edcula del mestre Miyazaki, amagat en un forat al bosc i del que es diu que qui renta els diners en l&#8217;aigua de la seva deu multiplicar\u00e0 les riqueses.<\/li>\n<\/ul>\n<p>&nbsp;<\/p>\n<section class=\"av_textblock_section\">\n<div class=\"avia_textblock \">\n<p>La visita inclou tot el transport necessari en tren per fer el trajecte des de T\u00f2quio i per moure&#8217;s per la zona aix\u00ed com les entrades necess\u00e0ries.<\/p>\n<\/div>\n<\/section>\n<p>&nbsp;<\/p>\n<section class=\"av_textblock_section\">\n<div class=\"avia_textblock \">\n<p>*l&#8217;itinerari per als clients de <a href=\"http:\/\/viajandoporjapon.com\/ca\/circuito\/\">circuits<\/a> pot variar per tal de conservar l&#8217;estructura del viatge<\/p>\n<\/div>\n<\/section>\n","protected":false},"excerpt":{"rendered":"<p>La ciutat escollida per l&#8217;elit guerrera japonesa com a centre de control -del pa\u00eds i de l&#8217;emperador- entre els segles XII i XIV es va beneficiar d&#8217;aquesta situaci\u00f3 gr\u00e0cies al refinat gust dels samurais aix\u00ed com a la seva devoci\u00f3 religiosa. &nbsp; El guia et descobrir\u00e0 el resultat d&#8217;aquesta capitalitat no oficial en els seus santuaris, temples i en la preciosa est\u00e0tua del Gran Buda de Kamakura, en perfecte harmonia des de fa segles amb la natura que l&#8217;envolta. &nbsp; Itinerari previst: &nbsp; Santuari\u00a0Tsurugaoka Hachimangu, al final d&#8217;un <a class=\"read-more\" href=\"https:\/\/viajandoporjapon.com\/ca\/excursion\/kamakura\/\">Continuar llegint <span class=\"meta-nav\">&rarr;<\/span><\/a><\/p>\n","protected":false},"featured_media":9796,"comment_status":"open","ping_status":"closed","template":"","meta":[],"product_brand":[],"product_cat":[416],"product_tag":[434,433,422,432,430,429,419],"class_list":{"0":"post-9043","1":"product","2":"type-product","3":"status-publish","4":"has-post-thumbnail","6":"lugares-est-japo","7":"product_cat-sin-categoria-ca","8":"product_tag-budisme","9":"product_tag-gran-buda","10":"product_tag-guia-privat","11":"product_tag-kamakura","12":"product_tag-santuaris","13":"product_tag-temples","14":"product_tag-visites-guiades","17":"first","18":"instock","19":"sold-individually","20":"taxable","21":"shipping-taxable","22":"purchasable","23":"product-type-variable"},"yoast_head":"<!-- This site is optimized with the Yoast SEO plugin v27.4 - https:\/\/yoast.com\/product\/yoast-seo-wordpress\/ -->\n<title>Excursiones - Viajando por Jap\u00f3n<\/title>\n<meta name=\"description\" content=\"La ciutat escollida per l&#039;elit guerrera japonesa com a centre de control -del pa\u00eds i de l&#039;emperador- entre els segles XII i XIV es va beneficiar d&#039;aquesta\" \/>\n<meta name=\"robots\" content=\"index, follow, max-snippet:-1, max-image-preview:large, max-video-preview:-1\" \/>\n<link rel=\"canonical\" href=\"http:\/\/viajandoporjapon.com\/ca\/excursion\/kamakura\/\" \/>\n<meta property=\"og:locale\" content=\"ca_ES\" \/>\n<meta property=\"og:type\" content=\"article\" \/>\n<meta property=\"og:title\" content=\"Excursiones - Viajando por Jap\u00f3n\" \/>\n<meta property=\"og:description\" content=\"La ciutat escollida per l&#039;elit guerrera japonesa com a centre de control -del pa\u00eds i de l&#039;emperador- entre els segles XII i XIV es va beneficiar d&#039;aquesta\" \/>\n<meta property=\"og:url\" content=\"http:\/\/viajandoporjapon.com\/ca\/excursion\/kamakura\/\" \/>\n<meta property=\"og:site_name\" content=\"Viajando por Jap\u00f3n\" \/>\n<meta property=\"article:modified_time\" content=\"2020-03-24T15:05:52+00:00\" \/>\n<meta property=\"og:image\" content=\"http:\/\/viajandoporjapon.com\/wp-content\/uploads\/2017\/05\/Marca_agua_020.jpg\" \/>\n\t<meta property=\"og:image:width\" content=\"2362\" \/>\n\t<meta property=\"og:image:height\" content=\"1575\" \/>\n\t<meta property=\"og:image:type\" content=\"image\/jpeg\" \/>\n<meta name=\"twitter:card\" content=\"summary_large_image\" \/>\n<meta name=\"twitter:label1\" content=\"Temps estimat de lectura\" \/>\n\t<meta name=\"twitter:data1\" content=\"1 minut\" \/>\n<script type=\"application\/ld+json\" class=\"yoast-schema-graph\">{\"@context\":\"https:\\\/\\\/schema.org\",\"@graph\":[{\"@type\":\"WebPage\",\"@id\":\"http:\\\/\\\/viajandoporjapon.com\\\/ca\\\/excursion\\\/kamakura\\\/\",\"url\":\"http:\\\/\\\/viajandoporjapon.com\\\/ca\\\/excursion\\\/kamakura\\\/\",\"name\":\"Excursiones - Viajando por Jap\u00f3n\",\"isPartOf\":{\"@id\":\"http:\\\/\\\/viajandoporjapon.com\\\/#website\"},\"primaryImageOfPage\":{\"@id\":\"http:\\\/\\\/viajandoporjapon.com\\\/ca\\\/excursion\\\/kamakura\\\/#primaryimage\"},\"image\":{\"@id\":\"http:\\\/\\\/viajandoporjapon.com\\\/ca\\\/excursion\\\/kamakura\\\/#primaryimage\"},\"thumbnailUrl\":\"https:\\\/\\\/viajandoporjapon.com\\\/wp-content\\\/uploads\\\/2017\\\/05\\\/Marca_agua_020.jpg\",\"datePublished\":\"2017-05-02T18:18:22+00:00\",\"dateModified\":\"2020-03-24T15:05:52+00:00\",\"description\":\"La ciutat escollida per l'elit guerrera japonesa com a centre de control -del pa\u00eds i de l'emperador- entre els segles XII i XIV es va beneficiar d'aquesta\",\"breadcrumb\":{\"@id\":\"http:\\\/\\\/viajandoporjapon.com\\\/ca\\\/excursion\\\/kamakura\\\/#breadcrumb\"},\"inLanguage\":\"ca\",\"potentialAction\":[{\"@type\":\"ReadAction\",\"target\":[\"http:\\\/\\\/viajandoporjapon.com\\\/ca\\\/excursion\\\/kamakura\\\/\"]}]},{\"@type\":\"ImageObject\",\"inLanguage\":\"ca\",\"@id\":\"http:\\\/\\\/viajandoporjapon.com\\\/ca\\\/excursion\\\/kamakura\\\/#primaryimage\",\"url\":\"https:\\\/\\\/viajandoporjapon.com\\\/wp-content\\\/uploads\\\/2017\\\/05\\\/Marca_agua_020.jpg\",\"contentUrl\":\"https:\\\/\\\/viajandoporjapon.com\\\/wp-content\\\/uploads\\\/2017\\\/05\\\/Marca_agua_020.jpg\",\"width\":2362,\"height\":1575,\"caption\":\"Gran buda de Kamakura en el templo Kotoku-in\"},{\"@type\":\"BreadcrumbList\",\"@id\":\"http:\\\/\\\/viajandoporjapon.com\\\/ca\\\/excursion\\\/kamakura\\\/#breadcrumb\",\"itemListElement\":[{\"@type\":\"ListItem\",\"position\":1,\"name\":\"Portada\",\"item\":\"http:\\\/\\\/viajandoporjapon.com\\\/ca\\\/\"},{\"@type\":\"ListItem\",\"position\":2,\"name\":\"Tienda\",\"item\":\"http:\\\/\\\/viajandoporjapon.com\\\/ca\\\/tienda\\\/\"},{\"@type\":\"ListItem\",\"position\":3,\"name\":\"Kamakura\"}]},{\"@type\":\"WebSite\",\"@id\":\"http:\\\/\\\/viajandoporjapon.com\\\/#website\",\"url\":\"http:\\\/\\\/viajandoporjapon.com\\\/\",\"name\":\"Viajando por Jap\u00f3n\",\"description\":\"Somos especialistas en viajes a Jap\u00f3n\",\"potentialAction\":[{\"@type\":\"SearchAction\",\"target\":{\"@type\":\"EntryPoint\",\"urlTemplate\":\"http:\\\/\\\/viajandoporjapon.com\\\/?s={search_term_string}\"},\"query-input\":{\"@type\":\"PropertyValueSpecification\",\"valueRequired\":true,\"valueName\":\"search_term_string\"}}],\"inLanguage\":\"ca\"}]}<\/script>\n<!-- \/ Yoast SEO plugin. -->","yoast_head_json":{"title":"Excursiones - Viajando por Jap\u00f3n","description":"La ciutat escollida per l'elit guerrera japonesa com a centre de control -del pa\u00eds i de l'emperador- entre els segles XII i XIV es va beneficiar d'aquesta","robots":{"index":"index","follow":"follow","max-snippet":"max-snippet:-1","max-image-preview":"max-image-preview:large","max-video-preview":"max-video-preview:-1"},"canonical":"http:\/\/viajandoporjapon.com\/ca\/excursion\/kamakura\/","og_locale":"ca_ES","og_type":"article","og_title":"Excursiones - Viajando por Jap\u00f3n","og_description":"La ciutat escollida per l'elit guerrera japonesa com a centre de control -del pa\u00eds i de l'emperador- entre els segles XII i XIV es va beneficiar d'aquesta","og_url":"http:\/\/viajandoporjapon.com\/ca\/excursion\/kamakura\/","og_site_name":"Viajando por Jap\u00f3n","article_modified_time":"2020-03-24T15:05:52+00:00","og_image":[{"width":2362,"height":1575,"url":"http:\/\/viajandoporjapon.com\/wp-content\/uploads\/2017\/05\/Marca_agua_020.jpg","type":"image\/jpeg"}],"twitter_card":"summary_large_image","twitter_misc":{"Temps estimat de lectura":"1 minut"},"schema":{"@context":"https:\/\/schema.org","@graph":[{"@type":"WebPage","@id":"http:\/\/viajandoporjapon.com\/ca\/excursion\/kamakura\/","url":"http:\/\/viajandoporjapon.com\/ca\/excursion\/kamakura\/","name":"Excursiones - Viajando por Jap\u00f3n","isPartOf":{"@id":"http:\/\/viajandoporjapon.com\/#website"},"primaryImageOfPage":{"@id":"http:\/\/viajandoporjapon.com\/ca\/excursion\/kamakura\/#primaryimage"},"image":{"@id":"http:\/\/viajandoporjapon.com\/ca\/excursion\/kamakura\/#primaryimage"},"thumbnailUrl":"https:\/\/viajandoporjapon.com\/wp-content\/uploads\/2017\/05\/Marca_agua_020.jpg","datePublished":"2017-05-02T18:18:22+00:00","dateModified":"2020-03-24T15:05:52+00:00","description":"La ciutat escollida per l'elit guerrera japonesa com a centre de control -del pa\u00eds i de l'emperador- entre els segles XII i XIV es va beneficiar d'aquesta","breadcrumb":{"@id":"http:\/\/viajandoporjapon.com\/ca\/excursion\/kamakura\/#breadcrumb"},"inLanguage":"ca","potentialAction":[{"@type":"ReadAction","target":["http:\/\/viajandoporjapon.com\/ca\/excursion\/kamakura\/"]}]},{"@type":"ImageObject","inLanguage":"ca","@id":"http:\/\/viajandoporjapon.com\/ca\/excursion\/kamakura\/#primaryimage","url":"https:\/\/viajandoporjapon.com\/wp-content\/uploads\/2017\/05\/Marca_agua_020.jpg","contentUrl":"https:\/\/viajandoporjapon.com\/wp-content\/uploads\/2017\/05\/Marca_agua_020.jpg","width":2362,"height":1575,"caption":"Gran buda de Kamakura en el templo Kotoku-in"},{"@type":"BreadcrumbList","@id":"http:\/\/viajandoporjapon.com\/ca\/excursion\/kamakura\/#breadcrumb","itemListElement":[{"@type":"ListItem","position":1,"name":"Portada","item":"http:\/\/viajandoporjapon.com\/ca\/"},{"@type":"ListItem","position":2,"name":"Tienda","item":"http:\/\/viajandoporjapon.com\/ca\/tienda\/"},{"@type":"ListItem","position":3,"name":"Kamakura"}]},{"@type":"WebSite","@id":"http:\/\/viajandoporjapon.com\/#website","url":"http:\/\/viajandoporjapon.com\/","name":"Viajando por Jap\u00f3n","description":"Somos especialistas en viajes a Jap\u00f3n","potentialAction":[{"@type":"SearchAction","target":{"@type":"EntryPoint","urlTemplate":"http:\/\/viajandoporjapon.com\/?s={search_term_string}"},"query-input":{"@type":"PropertyValueSpecification","valueRequired":true,"valueName":"search_term_string"}}],"inLanguage":"ca"}]}},"_links":{"self":[{"href":"https:\/\/viajandoporjapon.com\/ca\/wp-json\/wp\/v2\/product\/9043","targetHints":{"allow":["GET"]}}],"collection":[{"href":"https:\/\/viajandoporjapon.com\/ca\/wp-json\/wp\/v2\/product"}],"about":[{"href":"https:\/\/viajandoporjapon.com\/ca\/wp-json\/wp\/v2\/types\/product"}],"replies":[{"embeddable":true,"href":"https:\/\/viajandoporjapon.com\/ca\/wp-json\/wp\/v2\/comments?post=9043"}],"wp:featuredmedia":[{"embeddable":true,"href":"https:\/\/viajandoporjapon.com\/ca\/wp-json\/wp\/v2\/media\/9796"}],"wp:attachment":[{"href":"https:\/\/viajandoporjapon.com\/ca\/wp-json\/wp\/v2\/media?parent=9043"}],"wp:term":[{"taxonomy":"product_brand","embeddable":true,"href":"https:\/\/viajandoporjapon.com\/ca\/wp-json\/wp\/v2\/product_brand?post=9043"},{"taxonomy":"product_cat","embeddable":true,"href":"https:\/\/viajandoporjapon.com\/ca\/wp-json\/wp\/v2\/product_cat?post=9043"},{"taxonomy":"product_tag","embeddable":true,"href":"https:\/\/viajandoporjapon.com\/ca\/wp-json\/wp\/v2\/product_tag?post=9043"}],"curies":[{"name":"wp","href":"https:\/\/api.w.org\/{rel}","templated":true}]}}