{"id":9030,"date":"2017-05-08T10:39:13","date_gmt":"2020-03-23T15:36:11","guid":{"rendered":"http:\/\/viajandoporjapon.com\/?post_type=product&#038;p=9030"},"modified":"2020-03-24T10:48:27","modified_gmt":"2020-03-24T09:48:27","slug":"kyoto","status":"publish","type":"product","link":"https:\/\/viajandoporjapon.com\/ca\/excursion\/kyoto\/","title":{"rendered":"Kyoto"},"content":{"rendered":"<p>L&#8217;antiga capital imperial, alliberada del tr\u00e0gic dest\u00ed d&#8217;altres ciutats japoneses durant la Segona Guerra Mundial, mant\u00e9 encara tota l&#8217;eleg\u00e0ncia que la va fer famosa en el seu moment de m\u00e0xima esplendor.<\/p>\n<p>&nbsp;<\/p>\n<p>Grans avingudes, palaus, temples, santuaris i els seus barris tradicionals es conjuminen per fer de Kyoto una de les ciutats m\u00e9s boniques del m\u00f3n. Qui millor que el nostre guia privat per descobrir-te-la?:<\/p>\n<p>&nbsp;<\/p>\n<p>Itinerari previst:<\/p>\n<p>&nbsp;<\/p>\n<ul>\n<li>Visita al\u00a0<strong>Kinkakuji<\/strong>, el temple del pavell\u00f3 daurat.<\/li>\n<li>El <strong>Castell de\u00a0Nijo<\/strong>, a ulls d&#8217;un occidental un mansi\u00f3 feudal en la que poder entrar gaireb\u00e9 fins a la cuina i gaudir dels seus espectaculars jardins.<\/li>\n<li>El <strong>santuari\u00a0Kiyomizu<\/strong>, a m\u00e9s a m\u00e9s d&#8217;allargar-te la vida amb l&#8217;aigua que hi brolla, et permetr\u00e0 unes vistes precioses de la ciutat des del tur\u00f3 en el que es troba.<\/li>\n<li><strong>Barri de\u00a0Gion<\/strong>;\u00a0final de la visita al barri de les geishes.<\/li>\n<\/ul>\n<p>&nbsp;<\/p>\n<section class=\"av_textblock_section\">\n<div class=\"avia_textblock \">\n<p>La visita inclou tot el transport necessari per a moure&#8217;s per la ciutat.<\/p>\n<\/div>\n<\/section>\n<p>&nbsp;<\/p>\n<section class=\"av_textblock_section\">\n<div class=\"avia_textblock \">\n<p>*l&#8217;itinerari per als clients de <a href=\"http:\/\/viajandoporjapon.com\/ca\/circuito\/\">circuits<\/a> pot variar per tal de conservar l&#8217;estructura del viatge<\/p>\n<\/div>\n<\/section>\n","protected":false},"excerpt":{"rendered":"<p>L&#8217;antiga capital imperial, alliberada del tr\u00e0gic dest\u00ed d&#8217;altres ciutats japoneses durant la Segona Guerra Mundial, mant\u00e9 encara tota l&#8217;eleg\u00e0ncia que la va fer famosa en el seu moment de m\u00e0xima esplendor. &nbsp; Grans avingudes, palaus, temples, santuaris i els seus barris tradicionals es conjuminen per fer de Kyoto una de les ciutats m\u00e9s boniques del m\u00f3n. Qui millor que el nostre guia privat per descobrir-te-la?: &nbsp; Itinerari previst: &nbsp; Visita al\u00a0Kinkakuji, el temple del pavell\u00f3 daurat. El Castell de\u00a0Nijo, a ulls d&#8217;un occidental un mansi\u00f3 feudal en la <a class=\"read-more\" href=\"https:\/\/viajandoporjapon.com\/ca\/excursion\/kyoto\/\">Continuar llegint <span class=\"meta-nav\">&rarr;<\/span><\/a><\/p>\n","protected":false},"featured_media":8591,"comment_status":"open","ping_status":"closed","template":"","meta":[],"product_brand":[],"product_cat":[416],"product_tag":[],"class_list":{"0":"post-9030","1":"product","2":"type-product","3":"status-publish","4":"has-post-thumbnail","6":"lugares-oest-japo","7":"product_cat-sin-categoria-ca","10":"first","11":"instock","12":"sold-individually","13":"taxable","14":"shipping-taxable","15":"purchasable","16":"product-type-variable"},"yoast_head":"<!-- This site is optimized with the Yoast SEO plugin v27.4 - https:\/\/yoast.com\/product\/yoast-seo-wordpress\/ -->\n<title>Excursiones - Viajando por Jap\u00f3n<\/title>\n<meta name=\"description\" content=\"L&#039;antiga capital imperial, alliberada del tr\u00e0gic dest\u00ed d&#039;altres ciutats japoneses durant la Segona Guerra Mundial, mant\u00e9 encara tota l&#039;eleg\u00e0ncia que la va\" \/>\n<meta name=\"robots\" content=\"index, follow, max-snippet:-1, max-image-preview:large, max-video-preview:-1\" \/>\n<link rel=\"canonical\" href=\"http:\/\/viajandoporjapon.com\/ca\/excursion\/kyoto\/\" \/>\n<meta property=\"og:locale\" content=\"ca_ES\" \/>\n<meta property=\"og:type\" content=\"article\" \/>\n<meta property=\"og:title\" content=\"Excursiones - Viajando por Jap\u00f3n\" \/>\n<meta property=\"og:description\" content=\"L&#039;antiga capital imperial, alliberada del tr\u00e0gic dest\u00ed d&#039;altres ciutats japoneses durant la Segona Guerra Mundial, mant\u00e9 encara tota l&#039;eleg\u00e0ncia que la va\" \/>\n<meta property=\"og:url\" content=\"http:\/\/viajandoporjapon.com\/ca\/excursion\/kyoto\/\" \/>\n<meta property=\"og:site_name\" content=\"Viajando por Jap\u00f3n\" \/>\n<meta property=\"article:modified_time\" content=\"2020-03-24T09:48:27+00:00\" \/>\n<meta property=\"og:image\" content=\"http:\/\/viajandoporjapon.com\/wp-content\/uploads\/2017\/05\/Marca_agua_105.jpg\" \/>\n\t<meta property=\"og:image:width\" content=\"2362\" \/>\n\t<meta property=\"og:image:height\" content=\"1575\" \/>\n\t<meta property=\"og:image:type\" content=\"image\/jpeg\" \/>\n<meta name=\"twitter:card\" content=\"summary_large_image\" \/>\n<meta name=\"twitter:label1\" content=\"Temps estimat de lectura\" \/>\n\t<meta name=\"twitter:data1\" content=\"1 minut\" \/>\n<script type=\"application\/ld+json\" class=\"yoast-schema-graph\">{\"@context\":\"https:\\\/\\\/schema.org\",\"@graph\":[{\"@type\":\"WebPage\",\"@id\":\"http:\\\/\\\/viajandoporjapon.com\\\/ca\\\/excursion\\\/kyoto\\\/\",\"url\":\"http:\\\/\\\/viajandoporjapon.com\\\/ca\\\/excursion\\\/kyoto\\\/\",\"name\":\"Excursiones - Viajando por Jap\u00f3n\",\"isPartOf\":{\"@id\":\"http:\\\/\\\/viajandoporjapon.com\\\/#website\"},\"primaryImageOfPage\":{\"@id\":\"http:\\\/\\\/viajandoporjapon.com\\\/ca\\\/excursion\\\/kyoto\\\/#primaryimage\"},\"image\":{\"@id\":\"http:\\\/\\\/viajandoporjapon.com\\\/ca\\\/excursion\\\/kyoto\\\/#primaryimage\"},\"thumbnailUrl\":\"https:\\\/\\\/viajandoporjapon.com\\\/wp-content\\\/uploads\\\/2017\\\/05\\\/Marca_agua_105.jpg\",\"datePublished\":\"2020-03-23T15:36:11+00:00\",\"dateModified\":\"2020-03-24T09:48:27+00:00\",\"description\":\"L'antiga capital imperial, alliberada del tr\u00e0gic dest\u00ed d'altres ciutats japoneses durant la Segona Guerra Mundial, mant\u00e9 encara tota l'eleg\u00e0ncia que la va\",\"breadcrumb\":{\"@id\":\"http:\\\/\\\/viajandoporjapon.com\\\/ca\\\/excursion\\\/kyoto\\\/#breadcrumb\"},\"inLanguage\":\"ca\",\"potentialAction\":[{\"@type\":\"ReadAction\",\"target\":[\"http:\\\/\\\/viajandoporjapon.com\\\/ca\\\/excursion\\\/kyoto\\\/\"]}]},{\"@type\":\"ImageObject\",\"inLanguage\":\"ca\",\"@id\":\"http:\\\/\\\/viajandoporjapon.com\\\/ca\\\/excursion\\\/kyoto\\\/#primaryimage\",\"url\":\"https:\\\/\\\/viajandoporjapon.com\\\/wp-content\\\/uploads\\\/2017\\\/05\\\/Marca_agua_105.jpg\",\"contentUrl\":\"https:\\\/\\\/viajandoporjapon.com\\\/wp-content\\\/uploads\\\/2017\\\/05\\\/Marca_agua_105.jpg\",\"width\":2362,\"height\":1575},{\"@type\":\"BreadcrumbList\",\"@id\":\"http:\\\/\\\/viajandoporjapon.com\\\/ca\\\/excursion\\\/kyoto\\\/#breadcrumb\",\"itemListElement\":[{\"@type\":\"ListItem\",\"position\":1,\"name\":\"Portada\",\"item\":\"http:\\\/\\\/viajandoporjapon.com\\\/ca\\\/\"},{\"@type\":\"ListItem\",\"position\":2,\"name\":\"Tienda\",\"item\":\"http:\\\/\\\/viajandoporjapon.com\\\/ca\\\/tienda\\\/\"},{\"@type\":\"ListItem\",\"position\":3,\"name\":\"Kyoto\"}]},{\"@type\":\"WebSite\",\"@id\":\"http:\\\/\\\/viajandoporjapon.com\\\/#website\",\"url\":\"http:\\\/\\\/viajandoporjapon.com\\\/\",\"name\":\"Viajando por Jap\u00f3n\",\"description\":\"Somos especialistas en viajes a Jap\u00f3n\",\"potentialAction\":[{\"@type\":\"SearchAction\",\"target\":{\"@type\":\"EntryPoint\",\"urlTemplate\":\"http:\\\/\\\/viajandoporjapon.com\\\/?s={search_term_string}\"},\"query-input\":{\"@type\":\"PropertyValueSpecification\",\"valueRequired\":true,\"valueName\":\"search_term_string\"}}],\"inLanguage\":\"ca\"}]}<\/script>\n<!-- \/ Yoast SEO plugin. -->","yoast_head_json":{"title":"Excursiones - Viajando por Jap\u00f3n","description":"L'antiga capital imperial, alliberada del tr\u00e0gic dest\u00ed d'altres ciutats japoneses durant la Segona Guerra Mundial, mant\u00e9 encara tota l'eleg\u00e0ncia que la va","robots":{"index":"index","follow":"follow","max-snippet":"max-snippet:-1","max-image-preview":"max-image-preview:large","max-video-preview":"max-video-preview:-1"},"canonical":"http:\/\/viajandoporjapon.com\/ca\/excursion\/kyoto\/","og_locale":"ca_ES","og_type":"article","og_title":"Excursiones - Viajando por Jap\u00f3n","og_description":"L'antiga capital imperial, alliberada del tr\u00e0gic dest\u00ed d'altres ciutats japoneses durant la Segona Guerra Mundial, mant\u00e9 encara tota l'eleg\u00e0ncia que la va","og_url":"http:\/\/viajandoporjapon.com\/ca\/excursion\/kyoto\/","og_site_name":"Viajando por Jap\u00f3n","article_modified_time":"2020-03-24T09:48:27+00:00","og_image":[{"width":2362,"height":1575,"url":"http:\/\/viajandoporjapon.com\/wp-content\/uploads\/2017\/05\/Marca_agua_105.jpg","type":"image\/jpeg"}],"twitter_card":"summary_large_image","twitter_misc":{"Temps estimat de lectura":"1 minut"},"schema":{"@context":"https:\/\/schema.org","@graph":[{"@type":"WebPage","@id":"http:\/\/viajandoporjapon.com\/ca\/excursion\/kyoto\/","url":"http:\/\/viajandoporjapon.com\/ca\/excursion\/kyoto\/","name":"Excursiones - Viajando por Jap\u00f3n","isPartOf":{"@id":"http:\/\/viajandoporjapon.com\/#website"},"primaryImageOfPage":{"@id":"http:\/\/viajandoporjapon.com\/ca\/excursion\/kyoto\/#primaryimage"},"image":{"@id":"http:\/\/viajandoporjapon.com\/ca\/excursion\/kyoto\/#primaryimage"},"thumbnailUrl":"https:\/\/viajandoporjapon.com\/wp-content\/uploads\/2017\/05\/Marca_agua_105.jpg","datePublished":"2020-03-23T15:36:11+00:00","dateModified":"2020-03-24T09:48:27+00:00","description":"L'antiga capital imperial, alliberada del tr\u00e0gic dest\u00ed d'altres ciutats japoneses durant la Segona Guerra Mundial, mant\u00e9 encara tota l'eleg\u00e0ncia que la va","breadcrumb":{"@id":"http:\/\/viajandoporjapon.com\/ca\/excursion\/kyoto\/#breadcrumb"},"inLanguage":"ca","potentialAction":[{"@type":"ReadAction","target":["http:\/\/viajandoporjapon.com\/ca\/excursion\/kyoto\/"]}]},{"@type":"ImageObject","inLanguage":"ca","@id":"http:\/\/viajandoporjapon.com\/ca\/excursion\/kyoto\/#primaryimage","url":"https:\/\/viajandoporjapon.com\/wp-content\/uploads\/2017\/05\/Marca_agua_105.jpg","contentUrl":"https:\/\/viajandoporjapon.com\/wp-content\/uploads\/2017\/05\/Marca_agua_105.jpg","width":2362,"height":1575},{"@type":"BreadcrumbList","@id":"http:\/\/viajandoporjapon.com\/ca\/excursion\/kyoto\/#breadcrumb","itemListElement":[{"@type":"ListItem","position":1,"name":"Portada","item":"http:\/\/viajandoporjapon.com\/ca\/"},{"@type":"ListItem","position":2,"name":"Tienda","item":"http:\/\/viajandoporjapon.com\/ca\/tienda\/"},{"@type":"ListItem","position":3,"name":"Kyoto"}]},{"@type":"WebSite","@id":"http:\/\/viajandoporjapon.com\/#website","url":"http:\/\/viajandoporjapon.com\/","name":"Viajando por Jap\u00f3n","description":"Somos especialistas en viajes a Jap\u00f3n","potentialAction":[{"@type":"SearchAction","target":{"@type":"EntryPoint","urlTemplate":"http:\/\/viajandoporjapon.com\/?s={search_term_string}"},"query-input":{"@type":"PropertyValueSpecification","valueRequired":true,"valueName":"search_term_string"}}],"inLanguage":"ca"}]}},"_links":{"self":[{"href":"https:\/\/viajandoporjapon.com\/ca\/wp-json\/wp\/v2\/product\/9030","targetHints":{"allow":["GET"]}}],"collection":[{"href":"https:\/\/viajandoporjapon.com\/ca\/wp-json\/wp\/v2\/product"}],"about":[{"href":"https:\/\/viajandoporjapon.com\/ca\/wp-json\/wp\/v2\/types\/product"}],"replies":[{"embeddable":true,"href":"https:\/\/viajandoporjapon.com\/ca\/wp-json\/wp\/v2\/comments?post=9030"}],"wp:featuredmedia":[{"embeddable":true,"href":"https:\/\/viajandoporjapon.com\/ca\/wp-json\/wp\/v2\/media\/8591"}],"wp:attachment":[{"href":"https:\/\/viajandoporjapon.com\/ca\/wp-json\/wp\/v2\/media?parent=9030"}],"wp:term":[{"taxonomy":"product_brand","embeddable":true,"href":"https:\/\/viajandoporjapon.com\/ca\/wp-json\/wp\/v2\/product_brand?post=9030"},{"taxonomy":"product_cat","embeddable":true,"href":"https:\/\/viajandoporjapon.com\/ca\/wp-json\/wp\/v2\/product_cat?post=9030"},{"taxonomy":"product_tag","embeddable":true,"href":"https:\/\/viajandoporjapon.com\/ca\/wp-json\/wp\/v2\/product_tag?post=9030"}],"curies":[{"name":"wp","href":"https:\/\/api.w.org\/{rel}","templated":true}]}}