{"id":8177,"date":"2018-06-27T09:38:33","date_gmt":"2020-01-23T12:38:16","guid":{"rendered":"http:\/\/viajandoporjapon.com\/?post_type=product&#038;p=8177"},"modified":"2020-03-25T11:08:25","modified_gmt":"2020-03-25T10:08:25","slug":"nara","status":"publish","type":"product","link":"https:\/\/viajandoporjapon.com\/ca\/excursion\/nara\/","title":{"rendered":"Nara"},"content":{"rendered":"<p>Nara i la seva cort imperial van servir com a punt d&#8217;entrada i difusi\u00f3 del budisme a un pa\u00eds que fins aleshores gaudia de la cultura religiosa del xintoisme. Els seus recintes de temples es van convertir en fonts de saber, des d&#8217;on es van redactar els primers codis de lleis del pa\u00eds i des d&#8217;on es va desenvolupar de manera molt important la civilitzaci\u00f3 japonesa.<\/p>\n<p>&nbsp;<\/p>\n<p>Amb una hist\u00f2ria tan rica, Nara \u00e9s un lloc perfecte per gaudir-lo amb l&#8217;acompanyament d&#8217;un guia que ens ajudi a con\u00e8ixer qu\u00e8 passava en aquelles ciutats de fusta i davant budes monumentals.<\/p>\n<p>&nbsp;<\/p>\n<p>Itinerari previst:<\/p>\n<p>&nbsp;<\/p>\n<ul>\n<li>Temple\u00a0<strong>Horyuji<\/strong>, fundat el 607 i un dels temples m\u00e9s importants del Jap\u00f3 a l&#8217;\u00e8poca. \u00c9s Patrimoni de la Humanitat per la UNESCO.<\/li>\n<li>Passejada per la ciutat de\u00a0<strong>Nara<\/strong>.<\/li>\n<li>Temple\u00a0<strong>Todaiji<\/strong>, destinaci\u00f3 final d&#8217;aquest servei de guia. Els c\u00e9rvols ens rebran tot just davant la porta que dona acc\u00e9s al temple que allotja el <strong>Gran Buda<\/strong> de Nara.<\/li>\n<\/ul>\n<p>&nbsp;<\/p>\n<section class=\"av_textblock_section\">\n<div class=\"avia_textblock \">\n<p>La visita inclou tot el transport necessari en tren per arribar a Nara i per a moure-s&#8217;hi.<\/p>\n<\/div>\n<\/section>\n<p>&nbsp;<\/p>\n<section class=\"av_textblock_section\">\n<div class=\"avia_textblock \">\n<p>*l&#8217;itinerari per als clients de <a href=\"http:\/\/viajandoporjapon.com\/ca\/circuito\/\">circuits<\/a> pot variar per tal de conservar l&#8217;estructura del viatge<\/p>\n<\/div>\n<\/section>\n","protected":false},"excerpt":{"rendered":"<p>Nara i la seva cort imperial van servir com a punt d&#8217;entrada i difusi\u00f3 del budisme a un pa\u00eds que fins aleshores gaudia de la cultura religiosa del xintoisme. Els seus recintes de temples es van convertir en fonts de saber, des d&#8217;on es van redactar els primers codis de lleis del pa\u00eds i des d&#8217;on es va desenvolupar de manera molt important la civilitzaci\u00f3 japonesa. &nbsp; Amb una hist\u00f2ria tan rica, Nara \u00e9s un lloc perfecte per gaudir-lo amb l&#8217;acompanyament d&#8217;un guia que ens ajudi a con\u00e8ixer <a class=\"read-more\" href=\"https:\/\/viajandoporjapon.com\/ca\/excursion\/nara\/\">Continuar llegint <span class=\"meta-nav\">&rarr;<\/span><\/a><\/p>\n","protected":false},"featured_media":7702,"comment_status":"open","ping_status":"closed","template":"","meta":[],"product_brand":[],"product_cat":[416],"product_tag":[],"class_list":{"0":"post-8177","1":"product","2":"type-product","3":"status-publish","4":"has-post-thumbnail","6":"lugares-oest-japo","7":"product_cat-sin-categoria-ca","10":"first","11":"instock","12":"sold-individually","13":"taxable","14":"shipping-taxable","15":"purchasable","16":"product-type-variable"},"yoast_head":"<!-- This site is optimized with the Yoast SEO plugin v27.5 - https:\/\/yoast.com\/product\/yoast-seo-wordpress\/ -->\n<title>Excursiones - Viajando por Jap\u00f3n<\/title>\n<meta name=\"description\" content=\"Nara i la seva cort imperial van servir com a punt d&#039;entrada i difusi\u00f3 del budisme a un pa\u00eds que fins aleshores gaudia de la cultura religiosa del\" \/>\n<meta name=\"robots\" content=\"index, follow, max-snippet:-1, max-image-preview:large, max-video-preview:-1\" \/>\n<link rel=\"canonical\" href=\"http:\/\/viajandoporjapon.com\/ca\/excursion\/nara\/\" \/>\n<meta property=\"og:locale\" content=\"ca_ES\" \/>\n<meta property=\"og:type\" content=\"article\" \/>\n<meta property=\"og:title\" content=\"Excursiones - Viajando por Jap\u00f3n\" \/>\n<meta property=\"og:description\" content=\"Nara i la seva cort imperial van servir com a punt d&#039;entrada i difusi\u00f3 del budisme a un pa\u00eds que fins aleshores gaudia de la cultura religiosa del\" \/>\n<meta property=\"og:url\" content=\"http:\/\/viajandoporjapon.com\/ca\/excursion\/nara\/\" \/>\n<meta property=\"og:site_name\" content=\"Viajando por Jap\u00f3n\" \/>\n<meta property=\"article:modified_time\" content=\"2020-03-25T10:08:25+00:00\" \/>\n<meta property=\"og:image\" content=\"http:\/\/viajandoporjapon.com\/wp-content\/uploads\/2017\/05\/Nara-Gran-buda-de-Nara.jpg\" \/>\n\t<meta property=\"og:image:width\" content=\"640\" \/>\n\t<meta property=\"og:image:height\" content=\"427\" \/>\n\t<meta property=\"og:image:type\" content=\"image\/jpeg\" \/>\n<meta name=\"twitter:card\" content=\"summary_large_image\" \/>\n<meta name=\"twitter:label1\" content=\"Temps estimat de lectura\" \/>\n\t<meta name=\"twitter:data1\" content=\"1 minut\" \/>\n<script type=\"application\/ld+json\" class=\"yoast-schema-graph\">{\"@context\":\"https:\\\/\\\/schema.org\",\"@graph\":[{\"@type\":\"WebPage\",\"@id\":\"http:\\\/\\\/viajandoporjapon.com\\\/ca\\\/excursion\\\/nara\\\/\",\"url\":\"http:\\\/\\\/viajandoporjapon.com\\\/ca\\\/excursion\\\/nara\\\/\",\"name\":\"Excursiones - Viajando por Jap\u00f3n\",\"isPartOf\":{\"@id\":\"http:\\\/\\\/viajandoporjapon.com\\\/#website\"},\"primaryImageOfPage\":{\"@id\":\"http:\\\/\\\/viajandoporjapon.com\\\/ca\\\/excursion\\\/nara\\\/#primaryimage\"},\"image\":{\"@id\":\"http:\\\/\\\/viajandoporjapon.com\\\/ca\\\/excursion\\\/nara\\\/#primaryimage\"},\"thumbnailUrl\":\"https:\\\/\\\/viajandoporjapon.com\\\/wp-content\\\/uploads\\\/2017\\\/05\\\/Nara-Gran-buda-de-Nara.jpg\",\"datePublished\":\"2020-01-23T12:38:16+00:00\",\"dateModified\":\"2020-03-25T10:08:25+00:00\",\"description\":\"Nara i la seva cort imperial van servir com a punt d'entrada i difusi\u00f3 del budisme a un pa\u00eds que fins aleshores gaudia de la cultura religiosa del\",\"breadcrumb\":{\"@id\":\"http:\\\/\\\/viajandoporjapon.com\\\/ca\\\/excursion\\\/nara\\\/#breadcrumb\"},\"inLanguage\":\"ca\",\"potentialAction\":[{\"@type\":\"ReadAction\",\"target\":[\"http:\\\/\\\/viajandoporjapon.com\\\/ca\\\/excursion\\\/nara\\\/\"]}]},{\"@type\":\"ImageObject\",\"inLanguage\":\"ca\",\"@id\":\"http:\\\/\\\/viajandoporjapon.com\\\/ca\\\/excursion\\\/nara\\\/#primaryimage\",\"url\":\"https:\\\/\\\/viajandoporjapon.com\\\/wp-content\\\/uploads\\\/2017\\\/05\\\/Nara-Gran-buda-de-Nara.jpg\",\"contentUrl\":\"https:\\\/\\\/viajandoporjapon.com\\\/wp-content\\\/uploads\\\/2017\\\/05\\\/Nara-Gran-buda-de-Nara.jpg\",\"width\":640,\"height\":427,\"caption\":\"Gran Buda de Nara\"},{\"@type\":\"BreadcrumbList\",\"@id\":\"http:\\\/\\\/viajandoporjapon.com\\\/ca\\\/excursion\\\/nara\\\/#breadcrumb\",\"itemListElement\":[{\"@type\":\"ListItem\",\"position\":1,\"name\":\"Portada\",\"item\":\"http:\\\/\\\/viajandoporjapon.com\\\/ca\\\/\"},{\"@type\":\"ListItem\",\"position\":2,\"name\":\"Tienda\",\"item\":\"http:\\\/\\\/viajandoporjapon.com\\\/ca\\\/tienda\\\/\"},{\"@type\":\"ListItem\",\"position\":3,\"name\":\"Nara\"}]},{\"@type\":\"WebSite\",\"@id\":\"http:\\\/\\\/viajandoporjapon.com\\\/#website\",\"url\":\"http:\\\/\\\/viajandoporjapon.com\\\/\",\"name\":\"Viajando por Jap\u00f3n\",\"description\":\"Somos especialistas en viajes a Jap\u00f3n\",\"potentialAction\":[{\"@type\":\"SearchAction\",\"target\":{\"@type\":\"EntryPoint\",\"urlTemplate\":\"http:\\\/\\\/viajandoporjapon.com\\\/?s={search_term_string}\"},\"query-input\":{\"@type\":\"PropertyValueSpecification\",\"valueRequired\":true,\"valueName\":\"search_term_string\"}}],\"inLanguage\":\"ca\"}]}<\/script>\n<!-- \/ Yoast SEO plugin. -->","yoast_head_json":{"title":"Excursiones - Viajando por Jap\u00f3n","description":"Nara i la seva cort imperial van servir com a punt d'entrada i difusi\u00f3 del budisme a un pa\u00eds que fins aleshores gaudia de la cultura religiosa del","robots":{"index":"index","follow":"follow","max-snippet":"max-snippet:-1","max-image-preview":"max-image-preview:large","max-video-preview":"max-video-preview:-1"},"canonical":"http:\/\/viajandoporjapon.com\/ca\/excursion\/nara\/","og_locale":"ca_ES","og_type":"article","og_title":"Excursiones - Viajando por Jap\u00f3n","og_description":"Nara i la seva cort imperial van servir com a punt d'entrada i difusi\u00f3 del budisme a un pa\u00eds que fins aleshores gaudia de la cultura religiosa del","og_url":"http:\/\/viajandoporjapon.com\/ca\/excursion\/nara\/","og_site_name":"Viajando por Jap\u00f3n","article_modified_time":"2020-03-25T10:08:25+00:00","og_image":[{"width":640,"height":427,"url":"http:\/\/viajandoporjapon.com\/wp-content\/uploads\/2017\/05\/Nara-Gran-buda-de-Nara.jpg","type":"image\/jpeg"}],"twitter_card":"summary_large_image","twitter_misc":{"Temps estimat de lectura":"1 minut"},"schema":{"@context":"https:\/\/schema.org","@graph":[{"@type":"WebPage","@id":"http:\/\/viajandoporjapon.com\/ca\/excursion\/nara\/","url":"http:\/\/viajandoporjapon.com\/ca\/excursion\/nara\/","name":"Excursiones - Viajando por Jap\u00f3n","isPartOf":{"@id":"http:\/\/viajandoporjapon.com\/#website"},"primaryImageOfPage":{"@id":"http:\/\/viajandoporjapon.com\/ca\/excursion\/nara\/#primaryimage"},"image":{"@id":"http:\/\/viajandoporjapon.com\/ca\/excursion\/nara\/#primaryimage"},"thumbnailUrl":"https:\/\/viajandoporjapon.com\/wp-content\/uploads\/2017\/05\/Nara-Gran-buda-de-Nara.jpg","datePublished":"2020-01-23T12:38:16+00:00","dateModified":"2020-03-25T10:08:25+00:00","description":"Nara i la seva cort imperial van servir com a punt d'entrada i difusi\u00f3 del budisme a un pa\u00eds que fins aleshores gaudia de la cultura religiosa del","breadcrumb":{"@id":"http:\/\/viajandoporjapon.com\/ca\/excursion\/nara\/#breadcrumb"},"inLanguage":"ca","potentialAction":[{"@type":"ReadAction","target":["http:\/\/viajandoporjapon.com\/ca\/excursion\/nara\/"]}]},{"@type":"ImageObject","inLanguage":"ca","@id":"http:\/\/viajandoporjapon.com\/ca\/excursion\/nara\/#primaryimage","url":"https:\/\/viajandoporjapon.com\/wp-content\/uploads\/2017\/05\/Nara-Gran-buda-de-Nara.jpg","contentUrl":"https:\/\/viajandoporjapon.com\/wp-content\/uploads\/2017\/05\/Nara-Gran-buda-de-Nara.jpg","width":640,"height":427,"caption":"Gran Buda de Nara"},{"@type":"BreadcrumbList","@id":"http:\/\/viajandoporjapon.com\/ca\/excursion\/nara\/#breadcrumb","itemListElement":[{"@type":"ListItem","position":1,"name":"Portada","item":"http:\/\/viajandoporjapon.com\/ca\/"},{"@type":"ListItem","position":2,"name":"Tienda","item":"http:\/\/viajandoporjapon.com\/ca\/tienda\/"},{"@type":"ListItem","position":3,"name":"Nara"}]},{"@type":"WebSite","@id":"http:\/\/viajandoporjapon.com\/#website","url":"http:\/\/viajandoporjapon.com\/","name":"Viajando por Jap\u00f3n","description":"Somos especialistas en viajes a Jap\u00f3n","potentialAction":[{"@type":"SearchAction","target":{"@type":"EntryPoint","urlTemplate":"http:\/\/viajandoporjapon.com\/?s={search_term_string}"},"query-input":{"@type":"PropertyValueSpecification","valueRequired":true,"valueName":"search_term_string"}}],"inLanguage":"ca"}]}},"_links":{"self":[{"href":"https:\/\/viajandoporjapon.com\/ca\/wp-json\/wp\/v2\/product\/8177","targetHints":{"allow":["GET"]}}],"collection":[{"href":"https:\/\/viajandoporjapon.com\/ca\/wp-json\/wp\/v2\/product"}],"about":[{"href":"https:\/\/viajandoporjapon.com\/ca\/wp-json\/wp\/v2\/types\/product"}],"replies":[{"embeddable":true,"href":"https:\/\/viajandoporjapon.com\/ca\/wp-json\/wp\/v2\/comments?post=8177"}],"wp:featuredmedia":[{"embeddable":true,"href":"https:\/\/viajandoporjapon.com\/ca\/wp-json\/wp\/v2\/media\/7702"}],"wp:attachment":[{"href":"https:\/\/viajandoporjapon.com\/ca\/wp-json\/wp\/v2\/media?parent=8177"}],"wp:term":[{"taxonomy":"product_brand","embeddable":true,"href":"https:\/\/viajandoporjapon.com\/ca\/wp-json\/wp\/v2\/product_brand?post=8177"},{"taxonomy":"product_cat","embeddable":true,"href":"https:\/\/viajandoporjapon.com\/ca\/wp-json\/wp\/v2\/product_cat?post=8177"},{"taxonomy":"product_tag","embeddable":true,"href":"https:\/\/viajandoporjapon.com\/ca\/wp-json\/wp\/v2\/product_tag?post=8177"}],"curies":[{"name":"wp","href":"https:\/\/api.w.org\/{rel}","templated":true}]}}