{"id":8151,"date":"2018-06-27T09:43:53","date_gmt":"2018-06-27T07:43:53","guid":{"rendered":"http:\/\/viajandoporjapon.com\/excursion\/hiroshima-y-miyajima\/"},"modified":"2020-03-31T12:53:46","modified_gmt":"2020-03-31T10:53:46","slug":"hiroshima-y-miyajima","status":"publish","type":"product","link":"https:\/\/viajandoporjapon.com\/ca\/excursion\/hiroshima-y-miyajima\/","title":{"rendered":"Hiroshima i Miyajima"},"content":{"rendered":"<p>La ciutat de Hiroshima hauria de ser de visita obligada per a tots aquells visitants del Jap\u00f3. La ciutat et posa cara a cara amb la hist\u00f2ria i \u00e9s una mostra monumental de l&#8217;esperit de superaci\u00f3 japon\u00e8s. A m\u00e9s a m\u00e9s, podr\u00e0s gaudir de l&#8217;especialitat gastron\u00f2mica de la ciutat i, m\u00e9s tard, fer cap a la preciosa illa de Miyajima que amb el seu <em>torii<\/em> flotant \u00e9s considerada una de les tres vistes m\u00e9s boniques del Jap\u00f3.<\/p>\n<p>&nbsp;<\/p>\n<p>Itinerari previst:<\/p>\n<p>&nbsp;<\/p>\n<ul>\n<li><strong>Parc del Memorial de la Pau<\/strong>, al punt zero de la caiguda de la bomba i constru\u00eft en mem\u00f2ria de les v\u00edctimes.<\/li>\n<li><strong>Museu de la Pau<\/strong>, espai dedicat a la hist\u00f2ria de la ciutat abans i despr\u00e9s de l&#8217;esdeveniment que l&#8217;ha marcada hist\u00f2ricament.<\/li>\n<li>Ferri fins a l&#8217;illa de\u00a0<strong>Miyajima<\/strong>\u00a0on hi ha el <strong>santuari<\/strong>\u00a0<strong>Itsukushima <\/strong>i el fam\u00f3s <em>torii<\/em> flotant.<\/li>\n<\/ul>\n<p>&nbsp;<\/p>\n<p>La visita inclou tot el transport necessari per a moure&#8217;s per la ciutat de Hiroshima i les entrades als llocs esmentats.<\/p>\n","protected":false},"excerpt":{"rendered":"<p>La ciutat de Hiroshima hauria de ser de visita obligada per a tots aquells visitants del Jap\u00f3. La ciutat et posa cara a cara amb la hist\u00f2ria i \u00e9s una mostra monumental de l&#8217;esperit de superaci\u00f3 japon\u00e8s. A m\u00e9s a m\u00e9s, podr\u00e0s gaudir de l&#8217;especialitat gastron\u00f2mica de la ciutat i, m\u00e9s tard, fer cap a la preciosa illa de Miyajima que amb el seu torii flotant \u00e9s considerada una de les tres vistes m\u00e9s boniques del Jap\u00f3. &nbsp; Itinerari previst: &nbsp; Parc del Memorial de la Pau, al <a class=\"read-more\" href=\"https:\/\/viajandoporjapon.com\/ca\/excursion\/hiroshima-y-miyajima\/\">Continuar llegint <span class=\"meta-nav\">&rarr;<\/span><\/a><\/p>\n","protected":false},"featured_media":9787,"comment_status":"open","ping_status":"closed","template":"","meta":[],"product_brand":[],"product_cat":[416],"product_tag":[],"class_list":{"0":"post-8151","1":"product","2":"type-product","3":"status-publish","4":"has-post-thumbnail","6":"lugares-oest-japo","7":"product_cat-sin-categoria-ca","10":"first","11":"instock","12":"sold-individually","13":"taxable","14":"shipping-taxable","15":"purchasable","16":"product-type-variable"},"yoast_head":"<!-- This site is optimized with the Yoast SEO plugin v27.5 - https:\/\/yoast.com\/product\/yoast-seo-wordpress\/ -->\n<title>Excursiones - Viajando por Jap\u00f3n<\/title>\n<meta name=\"description\" content=\"La ciutat de Hiroshima hauria de ser de visita obligada per a tots aquells visitants del Jap\u00f3. La ciutat et posa cara a cara amb la hist\u00f2ria i \u00e9s una\" \/>\n<meta name=\"robots\" content=\"index, follow, max-snippet:-1, max-image-preview:large, max-video-preview:-1\" \/>\n<link rel=\"canonical\" href=\"http:\/\/viajandoporjapon.com\/ca\/excursion\/hiroshima-y-miyajima\/\" \/>\n<meta property=\"og:locale\" content=\"ca_ES\" \/>\n<meta property=\"og:type\" content=\"article\" \/>\n<meta property=\"og:title\" content=\"Excursiones - Viajando por Jap\u00f3n\" \/>\n<meta property=\"og:description\" content=\"La ciutat de Hiroshima hauria de ser de visita obligada per a tots aquells visitants del Jap\u00f3. La ciutat et posa cara a cara amb la hist\u00f2ria i \u00e9s una\" \/>\n<meta property=\"og:url\" content=\"http:\/\/viajandoporjapon.com\/ca\/excursion\/hiroshima-y-miyajima\/\" \/>\n<meta property=\"og:site_name\" content=\"Viajando por Jap\u00f3n\" \/>\n<meta property=\"article:modified_time\" content=\"2020-03-31T10:53:46+00:00\" \/>\n<meta property=\"og:image\" content=\"http:\/\/viajandoporjapon.com\/wp-content\/uploads\/2018\/06\/Hiroshima_Ayako-scaled-1.jpeg\" \/>\n\t<meta property=\"og:image:width\" content=\"2560\" \/>\n\t<meta property=\"og:image:height\" content=\"1920\" \/>\n\t<meta property=\"og:image:type\" content=\"image\/jpeg\" \/>\n<meta name=\"twitter:card\" content=\"summary_large_image\" \/>\n<meta name=\"twitter:label1\" content=\"Temps estimat de lectura\" \/>\n\t<meta name=\"twitter:data1\" content=\"1 minut\" \/>\n<script type=\"application\/ld+json\" class=\"yoast-schema-graph\">{\"@context\":\"https:\\\/\\\/schema.org\",\"@graph\":[{\"@type\":\"WebPage\",\"@id\":\"http:\\\/\\\/viajandoporjapon.com\\\/ca\\\/excursion\\\/hiroshima-y-miyajima\\\/\",\"url\":\"http:\\\/\\\/viajandoporjapon.com\\\/ca\\\/excursion\\\/hiroshima-y-miyajima\\\/\",\"name\":\"Excursiones - Viajando por Jap\u00f3n\",\"isPartOf\":{\"@id\":\"http:\\\/\\\/viajandoporjapon.com\\\/#website\"},\"primaryImageOfPage\":{\"@id\":\"http:\\\/\\\/viajandoporjapon.com\\\/ca\\\/excursion\\\/hiroshima-y-miyajima\\\/#primaryimage\"},\"image\":{\"@id\":\"http:\\\/\\\/viajandoporjapon.com\\\/ca\\\/excursion\\\/hiroshima-y-miyajima\\\/#primaryimage\"},\"thumbnailUrl\":\"https:\\\/\\\/viajandoporjapon.com\\\/wp-content\\\/uploads\\\/2018\\\/06\\\/Hiroshima_Ayako-scaled-1.jpeg\",\"datePublished\":\"2018-06-27T07:43:53+00:00\",\"dateModified\":\"2020-03-31T10:53:46+00:00\",\"description\":\"La ciutat de Hiroshima hauria de ser de visita obligada per a tots aquells visitants del Jap\u00f3. La ciutat et posa cara a cara amb la hist\u00f2ria i \u00e9s una\",\"breadcrumb\":{\"@id\":\"http:\\\/\\\/viajandoporjapon.com\\\/ca\\\/excursion\\\/hiroshima-y-miyajima\\\/#breadcrumb\"},\"inLanguage\":\"ca\",\"potentialAction\":[{\"@type\":\"ReadAction\",\"target\":[\"http:\\\/\\\/viajandoporjapon.com\\\/ca\\\/excursion\\\/hiroshima-y-miyajima\\\/\"]}]},{\"@type\":\"ImageObject\",\"inLanguage\":\"ca\",\"@id\":\"http:\\\/\\\/viajandoporjapon.com\\\/ca\\\/excursion\\\/hiroshima-y-miyajima\\\/#primaryimage\",\"url\":\"https:\\\/\\\/viajandoporjapon.com\\\/wp-content\\\/uploads\\\/2018\\\/06\\\/Hiroshima_Ayako-scaled-1.jpeg\",\"contentUrl\":\"https:\\\/\\\/viajandoporjapon.com\\\/wp-content\\\/uploads\\\/2018\\\/06\\\/Hiroshima_Ayako-scaled-1.jpeg\",\"width\":2560,\"height\":1920,\"caption\":\"C\u00fapula Genbaku, pr\u00e1cticamente en el punto 0 de la explosi\u00f3n\"},{\"@type\":\"BreadcrumbList\",\"@id\":\"http:\\\/\\\/viajandoporjapon.com\\\/ca\\\/excursion\\\/hiroshima-y-miyajima\\\/#breadcrumb\",\"itemListElement\":[{\"@type\":\"ListItem\",\"position\":1,\"name\":\"Portada\",\"item\":\"http:\\\/\\\/viajandoporjapon.com\\\/ca\\\/\"},{\"@type\":\"ListItem\",\"position\":2,\"name\":\"Tienda\",\"item\":\"http:\\\/\\\/viajandoporjapon.com\\\/ca\\\/tienda\\\/\"},{\"@type\":\"ListItem\",\"position\":3,\"name\":\"Hiroshima i Miyajima\"}]},{\"@type\":\"WebSite\",\"@id\":\"http:\\\/\\\/viajandoporjapon.com\\\/#website\",\"url\":\"http:\\\/\\\/viajandoporjapon.com\\\/\",\"name\":\"Viajando por Jap\u00f3n\",\"description\":\"Somos especialistas en viajes a Jap\u00f3n\",\"potentialAction\":[{\"@type\":\"SearchAction\",\"target\":{\"@type\":\"EntryPoint\",\"urlTemplate\":\"http:\\\/\\\/viajandoporjapon.com\\\/?s={search_term_string}\"},\"query-input\":{\"@type\":\"PropertyValueSpecification\",\"valueRequired\":true,\"valueName\":\"search_term_string\"}}],\"inLanguage\":\"ca\"}]}<\/script>\n<!-- \/ Yoast SEO plugin. -->","yoast_head_json":{"title":"Excursiones - Viajando por Jap\u00f3n","description":"La ciutat de Hiroshima hauria de ser de visita obligada per a tots aquells visitants del Jap\u00f3. La ciutat et posa cara a cara amb la hist\u00f2ria i \u00e9s una","robots":{"index":"index","follow":"follow","max-snippet":"max-snippet:-1","max-image-preview":"max-image-preview:large","max-video-preview":"max-video-preview:-1"},"canonical":"http:\/\/viajandoporjapon.com\/ca\/excursion\/hiroshima-y-miyajima\/","og_locale":"ca_ES","og_type":"article","og_title":"Excursiones - Viajando por Jap\u00f3n","og_description":"La ciutat de Hiroshima hauria de ser de visita obligada per a tots aquells visitants del Jap\u00f3. La ciutat et posa cara a cara amb la hist\u00f2ria i \u00e9s una","og_url":"http:\/\/viajandoporjapon.com\/ca\/excursion\/hiroshima-y-miyajima\/","og_site_name":"Viajando por Jap\u00f3n","article_modified_time":"2020-03-31T10:53:46+00:00","og_image":[{"width":2560,"height":1920,"url":"http:\/\/viajandoporjapon.com\/wp-content\/uploads\/2018\/06\/Hiroshima_Ayako-scaled-1.jpeg","type":"image\/jpeg"}],"twitter_card":"summary_large_image","twitter_misc":{"Temps estimat de lectura":"1 minut"},"schema":{"@context":"https:\/\/schema.org","@graph":[{"@type":"WebPage","@id":"http:\/\/viajandoporjapon.com\/ca\/excursion\/hiroshima-y-miyajima\/","url":"http:\/\/viajandoporjapon.com\/ca\/excursion\/hiroshima-y-miyajima\/","name":"Excursiones - Viajando por Jap\u00f3n","isPartOf":{"@id":"http:\/\/viajandoporjapon.com\/#website"},"primaryImageOfPage":{"@id":"http:\/\/viajandoporjapon.com\/ca\/excursion\/hiroshima-y-miyajima\/#primaryimage"},"image":{"@id":"http:\/\/viajandoporjapon.com\/ca\/excursion\/hiroshima-y-miyajima\/#primaryimage"},"thumbnailUrl":"https:\/\/viajandoporjapon.com\/wp-content\/uploads\/2018\/06\/Hiroshima_Ayako-scaled-1.jpeg","datePublished":"2018-06-27T07:43:53+00:00","dateModified":"2020-03-31T10:53:46+00:00","description":"La ciutat de Hiroshima hauria de ser de visita obligada per a tots aquells visitants del Jap\u00f3. La ciutat et posa cara a cara amb la hist\u00f2ria i \u00e9s una","breadcrumb":{"@id":"http:\/\/viajandoporjapon.com\/ca\/excursion\/hiroshima-y-miyajima\/#breadcrumb"},"inLanguage":"ca","potentialAction":[{"@type":"ReadAction","target":["http:\/\/viajandoporjapon.com\/ca\/excursion\/hiroshima-y-miyajima\/"]}]},{"@type":"ImageObject","inLanguage":"ca","@id":"http:\/\/viajandoporjapon.com\/ca\/excursion\/hiroshima-y-miyajima\/#primaryimage","url":"https:\/\/viajandoporjapon.com\/wp-content\/uploads\/2018\/06\/Hiroshima_Ayako-scaled-1.jpeg","contentUrl":"https:\/\/viajandoporjapon.com\/wp-content\/uploads\/2018\/06\/Hiroshima_Ayako-scaled-1.jpeg","width":2560,"height":1920,"caption":"C\u00fapula Genbaku, pr\u00e1cticamente en el punto 0 de la explosi\u00f3n"},{"@type":"BreadcrumbList","@id":"http:\/\/viajandoporjapon.com\/ca\/excursion\/hiroshima-y-miyajima\/#breadcrumb","itemListElement":[{"@type":"ListItem","position":1,"name":"Portada","item":"http:\/\/viajandoporjapon.com\/ca\/"},{"@type":"ListItem","position":2,"name":"Tienda","item":"http:\/\/viajandoporjapon.com\/ca\/tienda\/"},{"@type":"ListItem","position":3,"name":"Hiroshima i Miyajima"}]},{"@type":"WebSite","@id":"http:\/\/viajandoporjapon.com\/#website","url":"http:\/\/viajandoporjapon.com\/","name":"Viajando por Jap\u00f3n","description":"Somos especialistas en viajes a Jap\u00f3n","potentialAction":[{"@type":"SearchAction","target":{"@type":"EntryPoint","urlTemplate":"http:\/\/viajandoporjapon.com\/?s={search_term_string}"},"query-input":{"@type":"PropertyValueSpecification","valueRequired":true,"valueName":"search_term_string"}}],"inLanguage":"ca"}]}},"_links":{"self":[{"href":"https:\/\/viajandoporjapon.com\/ca\/wp-json\/wp\/v2\/product\/8151","targetHints":{"allow":["GET"]}}],"collection":[{"href":"https:\/\/viajandoporjapon.com\/ca\/wp-json\/wp\/v2\/product"}],"about":[{"href":"https:\/\/viajandoporjapon.com\/ca\/wp-json\/wp\/v2\/types\/product"}],"replies":[{"embeddable":true,"href":"https:\/\/viajandoporjapon.com\/ca\/wp-json\/wp\/v2\/comments?post=8151"}],"wp:featuredmedia":[{"embeddable":true,"href":"https:\/\/viajandoporjapon.com\/ca\/wp-json\/wp\/v2\/media\/9787"}],"wp:attachment":[{"href":"https:\/\/viajandoporjapon.com\/ca\/wp-json\/wp\/v2\/media?parent=8151"}],"wp:term":[{"taxonomy":"product_brand","embeddable":true,"href":"https:\/\/viajandoporjapon.com\/ca\/wp-json\/wp\/v2\/product_brand?post=8151"},{"taxonomy":"product_cat","embeddable":true,"href":"https:\/\/viajandoporjapon.com\/ca\/wp-json\/wp\/v2\/product_cat?post=8151"},{"taxonomy":"product_tag","embeddable":true,"href":"https:\/\/viajandoporjapon.com\/ca\/wp-json\/wp\/v2\/product_tag?post=8151"}],"curies":[{"name":"wp","href":"https:\/\/api.w.org\/{rel}","templated":true}]}}