{"id":8006,"date":"2020-01-07T20:00:43","date_gmt":"2020-01-07T19:00:43","guid":{"rendered":"http:\/\/viajandoporjapon.com\/?page_id=8006"},"modified":"2020-01-07T20:00:43","modified_gmt":"2020-01-07T19:00:43","slug":"com-arribar","status":"publish","type":"page","link":"https:\/\/viajandoporjapon.com\/ca\/com-arribar\/","title":{"rendered":"Com arribar"},"content":{"rendered":"<p><img decoding=\"async\" src=\"http:\/\/www.spain-nexus.com\/_common\/image\/base\/header_logo.png\" \/><\/p>\n<p>A 3 minutos andando de la parada de Metro de Liceu (L3)<\/p>\n<p>A 8 minutos andando de la estaci\u00f3n de Pla\u00e7a Catalunya (L3, L1, Renfe, FGC)<\/p>\n<p>Acceso en autob\u00fas: 59, V13 (La Rambla &#8211; Liceu)<\/p>\n<p>&nbsp;<\/p>\n<figure id=\"attachment_5242\" aria-describedby=\"caption-attachment-5242\" style=\"width: 225px\" class=\"wp-caption alignleft\"><img loading=\"lazy\" decoding=\"async\" class=\"wp-image-5242 size-medium\" src=\"http:\/\/viajandoporjapon.com\/wp-content\/uploads\/2018\/04\/IMG_20180215_093217_HDR-225x300.jpg\" alt=\"\" width=\"225\" height=\"300\" srcset=\"https:\/\/viajandoporjapon.com\/wp-content\/uploads\/2018\/04\/IMG_20180215_093217_HDR-225x300.jpg 225w, https:\/\/viajandoporjapon.com\/wp-content\/uploads\/2018\/04\/IMG_20180215_093217_HDR-768x1024.jpg 768w, https:\/\/viajandoporjapon.com\/wp-content\/uploads\/2018\/04\/IMG_20180215_093217_HDR-600x800.jpg 600w\" sizes=\"auto, (max-width: 225px) 100vw, 225px\" \/><figcaption id=\"caption-attachment-5242\" class=\"wp-caption-text\">Desde la parada de metro de Liceu (L3), gira a la izquierda cuando veas una joyer\u00eda.<\/figcaption><\/figure>\n<figure id=\"attachment_5243\" aria-describedby=\"caption-attachment-5243\" style=\"width: 225px\" class=\"wp-caption alignleft\"><img loading=\"lazy\" decoding=\"async\" class=\"wp-image-5243 size-medium\" src=\"http:\/\/viajandoporjapon.com\/wp-content\/uploads\/2018\/04\/IMG_20180215_093402_HDR-225x300.jpg\" alt=\"\" width=\"225\" height=\"300\" srcset=\"https:\/\/viajandoporjapon.com\/wp-content\/uploads\/2018\/04\/IMG_20180215_093402_HDR-225x300.jpg 225w, https:\/\/viajandoporjapon.com\/wp-content\/uploads\/2018\/04\/IMG_20180215_093402_HDR-768x1024.jpg 768w, https:\/\/viajandoporjapon.com\/wp-content\/uploads\/2018\/04\/IMG_20180215_093402_HDR-600x800.jpg 600w\" sizes=\"auto, (max-width: 225px) 100vw, 225px\" \/><figcaption id=\"caption-attachment-5243\" class=\"wp-caption-text\">Vista de la calle desde La Rambla.<\/figcaption><\/figure>\n<p>&nbsp;<\/p>\n<p>&nbsp;<\/p>\n<p>&nbsp;<\/p>\n<p>&nbsp;<\/p>\n<p>&nbsp;<\/p>\n<p>&nbsp;<\/p>\n<p>&nbsp;<\/p>\n<p>&nbsp;<\/p>\n<p>&nbsp;<\/p>\n<p>&nbsp;<\/p>\n<figure id=\"attachment_5240\" aria-describedby=\"caption-attachment-5240\" style=\"width: 225px\" class=\"wp-caption alignleft\"><img loading=\"lazy\" decoding=\"async\" class=\"wp-image-5240 size-medium\" src=\"http:\/\/viajandoporjapon.com\/wp-content\/uploads\/2018\/04\/CV-225x300.png\" alt=\"\" width=\"225\" height=\"300\" srcset=\"https:\/\/viajandoporjapon.com\/wp-content\/uploads\/2018\/04\/CV-225x300.png 225w, https:\/\/viajandoporjapon.com\/wp-content\/uploads\/2018\/04\/CV-768x1024.png 768w, https:\/\/viajandoporjapon.com\/wp-content\/uploads\/2018\/04\/CV-600x800.png 600w, https:\/\/viajandoporjapon.com\/wp-content\/uploads\/2018\/04\/CV.png 960w\" sizes=\"auto, (max-width: 225px) 100vw, 225px\" \/><figcaption id=\"caption-attachment-5240\" class=\"wp-caption-text\">Entrando al Passatge d&#8217;Amadeu Bag\u00e9s, pasado el escaparate de la joyer\u00eda ver\u00e1s una puerta a mano derecha.<\/figcaption><\/figure>\n<figure id=\"attachment_5244\" aria-describedby=\"caption-attachment-5244\" style=\"width: 225px\" class=\"wp-caption alignleft\"><img loading=\"lazy\" decoding=\"async\" class=\"wp-image-5244 size-medium\" src=\"http:\/\/viajandoporjapon.com\/wp-content\/uploads\/2018\/04\/IMG_20180215_093545_HDR-225x300.jpg\" alt=\"\" width=\"225\" height=\"300\" srcset=\"https:\/\/viajandoporjapon.com\/wp-content\/uploads\/2018\/04\/IMG_20180215_093545_HDR-225x300.jpg 225w, https:\/\/viajandoporjapon.com\/wp-content\/uploads\/2018\/04\/IMG_20180215_093545_HDR-768x1024.jpg 768w, https:\/\/viajandoporjapon.com\/wp-content\/uploads\/2018\/04\/IMG_20180215_093545_HDR-600x800.jpg 600w\" sizes=\"auto, (max-width: 225px) 100vw, 225px\" \/><figcaption id=\"caption-attachment-5244\" class=\"wp-caption-text\">Pulsa &#8216;2&#8217; seguido de la tecla de la campana para llamar.<\/figcaption><\/figure>\n<div class=\"mceTemp\"><\/div>\n<p>&nbsp;<\/p>\n<p>&nbsp;<\/p>\n<p>&nbsp;<\/p>\n<p>&nbsp;<\/p>\n<p>&nbsp;<\/p>\n<p>&nbsp;<\/p>\n<p>&nbsp;<\/p>\n<p>&nbsp;<\/p>\n<p>&nbsp;<\/p>\n<p>&nbsp;<\/p>\n<figure id=\"attachment_5245\" aria-describedby=\"caption-attachment-5245\" style=\"width: 225px\" class=\"wp-caption alignnone\"><img loading=\"lazy\" decoding=\"async\" class=\"wp-image-5245 size-medium\" src=\"http:\/\/viajandoporjapon.com\/wp-content\/uploads\/2018\/04\/xx-225x300.jpg\" alt=\"\" width=\"225\" height=\"300\" srcset=\"https:\/\/viajandoporjapon.com\/wp-content\/uploads\/2018\/04\/xx-225x300.jpg 225w, https:\/\/viajandoporjapon.com\/wp-content\/uploads\/2018\/04\/xx-768x1024.jpg 768w, https:\/\/viajandoporjapon.com\/wp-content\/uploads\/2018\/04\/xx-600x800.jpg 600w\" sizes=\"auto, (max-width: 225px) 100vw, 225px\" \/><figcaption id=\"caption-attachment-5245\" class=\"wp-caption-text\">\u00a1Estaremos encantados de atenderte!<\/figcaption><\/figure>\n<div class=\"mceTemp\"><\/div>\n<p>&nbsp;<\/p>\n","protected":false},"excerpt":{"rendered":"<p>A 3 minutos andando de la parada de Metro de Liceu (L3) A 8 minutos andando de la estaci\u00f3n de Pla\u00e7a Catalunya (L3, L1, Renfe, FGC) Acceso en autob\u00fas: 59, V13 (La Rambla &#8211; Liceu) &nbsp; &nbsp; &nbsp; &nbsp; &nbsp; &nbsp; &nbsp; &nbsp; &nbsp; &nbsp; &nbsp; &nbsp; &nbsp; &nbsp; &nbsp; &nbsp; &nbsp; &nbsp; &nbsp; &nbsp; &nbsp; &nbsp;<\/p>\n","protected":false},"author":1,"featured_media":0,"parent":0,"menu_order":0,"comment_status":"closed","ping_status":"closed","template":"","meta":{"footnotes":""},"class_list":["post-8006","page","type-page","status-publish","hentry"],"yoast_head":"<!-- This site is optimized with the Yoast SEO plugin v27.4 - https:\/\/yoast.com\/product\/yoast-seo-wordpress\/ -->\n<title>Com arribar - Viajando por Jap\u00f3n<\/title>\n<meta name=\"description\" content=\"A 3 minutos andando de la parada de Metro de Liceu (L3) A 8 minutos andando de la estaci\u00f3n de Pla\u00e7a Catalunya (L3, L1, Renfe, FGC) Acceso en autob\u00fas: 59,\" \/>\n<meta name=\"robots\" content=\"index, follow, max-snippet:-1, max-image-preview:large, max-video-preview:-1\" \/>\n<link rel=\"canonical\" href=\"http:\/\/viajandoporjapon.com\/ca\/com-arribar\/\" \/>\n<meta property=\"og:locale\" content=\"ca_ES\" \/>\n<meta property=\"og:type\" content=\"article\" \/>\n<meta property=\"og:title\" content=\"Com arribar - Viajando por Jap\u00f3n\" \/>\n<meta property=\"og:description\" content=\"A 3 minutos andando de la parada de Metro de Liceu (L3) A 8 minutos andando de la estaci\u00f3n de Pla\u00e7a Catalunya (L3, L1, Renfe, FGC) Acceso en autob\u00fas: 59,\" \/>\n<meta property=\"og:url\" content=\"http:\/\/viajandoporjapon.com\/ca\/com-arribar\/\" \/>\n<meta property=\"og:site_name\" content=\"Viajando por Jap\u00f3n\" \/>\n<meta property=\"og:image\" content=\"http:\/\/www.spain-nexus.com\/_common\/image\/base\/header_logo.png\" \/>\n<meta name=\"twitter:card\" content=\"summary_large_image\" \/>\n<meta name=\"twitter:label1\" content=\"Temps estimat de lectura\" \/>\n\t<meta name=\"twitter:data1\" content=\"1 minut\" \/>\n<script type=\"application\/ld+json\" class=\"yoast-schema-graph\">{\"@context\":\"https:\\\/\\\/schema.org\",\"@graph\":[{\"@type\":\"WebPage\",\"@id\":\"http:\\\/\\\/viajandoporjapon.com\\\/ca\\\/com-arribar\\\/\",\"url\":\"http:\\\/\\\/viajandoporjapon.com\\\/ca\\\/com-arribar\\\/\",\"name\":\"Com arribar - Viajando por Jap\u00f3n\",\"isPartOf\":{\"@id\":\"http:\\\/\\\/viajandoporjapon.com\\\/#website\"},\"primaryImageOfPage\":{\"@id\":\"http:\\\/\\\/viajandoporjapon.com\\\/ca\\\/com-arribar\\\/#primaryimage\"},\"image\":{\"@id\":\"http:\\\/\\\/viajandoporjapon.com\\\/ca\\\/com-arribar\\\/#primaryimage\"},\"thumbnailUrl\":\"http:\\\/\\\/www.spain-nexus.com\\\/_common\\\/image\\\/base\\\/header_logo.png\",\"datePublished\":\"2020-01-07T19:00:43+00:00\",\"description\":\"A 3 minutos andando de la parada de Metro de Liceu (L3) A 8 minutos andando de la estaci\u00f3n de Pla\u00e7a Catalunya (L3, L1, Renfe, FGC) Acceso en autob\u00fas: 59,\",\"breadcrumb\":{\"@id\":\"http:\\\/\\\/viajandoporjapon.com\\\/ca\\\/com-arribar\\\/#breadcrumb\"},\"inLanguage\":\"ca\",\"potentialAction\":[{\"@type\":\"ReadAction\",\"target\":[\"http:\\\/\\\/viajandoporjapon.com\\\/ca\\\/com-arribar\\\/\"]}]},{\"@type\":\"ImageObject\",\"inLanguage\":\"ca\",\"@id\":\"http:\\\/\\\/viajandoporjapon.com\\\/ca\\\/com-arribar\\\/#primaryimage\",\"url\":\"http:\\\/\\\/www.spain-nexus.com\\\/_common\\\/image\\\/base\\\/header_logo.png\",\"contentUrl\":\"http:\\\/\\\/www.spain-nexus.com\\\/_common\\\/image\\\/base\\\/header_logo.png\"},{\"@type\":\"BreadcrumbList\",\"@id\":\"http:\\\/\\\/viajandoporjapon.com\\\/ca\\\/com-arribar\\\/#breadcrumb\",\"itemListElement\":[{\"@type\":\"ListItem\",\"position\":1,\"name\":\"Portada\",\"item\":\"http:\\\/\\\/viajandoporjapon.com\\\/ca\\\/\"},{\"@type\":\"ListItem\",\"position\":2,\"name\":\"Com arribar\"}]},{\"@type\":\"WebSite\",\"@id\":\"http:\\\/\\\/viajandoporjapon.com\\\/#website\",\"url\":\"http:\\\/\\\/viajandoporjapon.com\\\/\",\"name\":\"Viajando por Jap\u00f3n\",\"description\":\"Somos especialistas en viajes a Jap\u00f3n\",\"potentialAction\":[{\"@type\":\"SearchAction\",\"target\":{\"@type\":\"EntryPoint\",\"urlTemplate\":\"http:\\\/\\\/viajandoporjapon.com\\\/?s={search_term_string}\"},\"query-input\":{\"@type\":\"PropertyValueSpecification\",\"valueRequired\":true,\"valueName\":\"search_term_string\"}}],\"inLanguage\":\"ca\"}]}<\/script>\n<!-- \/ Yoast SEO plugin. -->","yoast_head_json":{"title":"Com arribar - Viajando por Jap\u00f3n","description":"A 3 minutos andando de la parada de Metro de Liceu (L3) A 8 minutos andando de la estaci\u00f3n de Pla\u00e7a Catalunya (L3, L1, Renfe, FGC) Acceso en autob\u00fas: 59,","robots":{"index":"index","follow":"follow","max-snippet":"max-snippet:-1","max-image-preview":"max-image-preview:large","max-video-preview":"max-video-preview:-1"},"canonical":"http:\/\/viajandoporjapon.com\/ca\/com-arribar\/","og_locale":"ca_ES","og_type":"article","og_title":"Com arribar - Viajando por Jap\u00f3n","og_description":"A 3 minutos andando de la parada de Metro de Liceu (L3) A 8 minutos andando de la estaci\u00f3n de Pla\u00e7a Catalunya (L3, L1, Renfe, FGC) Acceso en autob\u00fas: 59,","og_url":"http:\/\/viajandoporjapon.com\/ca\/com-arribar\/","og_site_name":"Viajando por Jap\u00f3n","og_image":[{"url":"http:\/\/www.spain-nexus.com\/_common\/image\/base\/header_logo.png","type":"","width":"","height":""}],"twitter_card":"summary_large_image","twitter_misc":{"Temps estimat de lectura":"1 minut"},"schema":{"@context":"https:\/\/schema.org","@graph":[{"@type":"WebPage","@id":"http:\/\/viajandoporjapon.com\/ca\/com-arribar\/","url":"http:\/\/viajandoporjapon.com\/ca\/com-arribar\/","name":"Com arribar - Viajando por Jap\u00f3n","isPartOf":{"@id":"http:\/\/viajandoporjapon.com\/#website"},"primaryImageOfPage":{"@id":"http:\/\/viajandoporjapon.com\/ca\/com-arribar\/#primaryimage"},"image":{"@id":"http:\/\/viajandoporjapon.com\/ca\/com-arribar\/#primaryimage"},"thumbnailUrl":"http:\/\/www.spain-nexus.com\/_common\/image\/base\/header_logo.png","datePublished":"2020-01-07T19:00:43+00:00","description":"A 3 minutos andando de la parada de Metro de Liceu (L3) A 8 minutos andando de la estaci\u00f3n de Pla\u00e7a Catalunya (L3, L1, Renfe, FGC) Acceso en autob\u00fas: 59,","breadcrumb":{"@id":"http:\/\/viajandoporjapon.com\/ca\/com-arribar\/#breadcrumb"},"inLanguage":"ca","potentialAction":[{"@type":"ReadAction","target":["http:\/\/viajandoporjapon.com\/ca\/com-arribar\/"]}]},{"@type":"ImageObject","inLanguage":"ca","@id":"http:\/\/viajandoporjapon.com\/ca\/com-arribar\/#primaryimage","url":"http:\/\/www.spain-nexus.com\/_common\/image\/base\/header_logo.png","contentUrl":"http:\/\/www.spain-nexus.com\/_common\/image\/base\/header_logo.png"},{"@type":"BreadcrumbList","@id":"http:\/\/viajandoporjapon.com\/ca\/com-arribar\/#breadcrumb","itemListElement":[{"@type":"ListItem","position":1,"name":"Portada","item":"http:\/\/viajandoporjapon.com\/ca\/"},{"@type":"ListItem","position":2,"name":"Com arribar"}]},{"@type":"WebSite","@id":"http:\/\/viajandoporjapon.com\/#website","url":"http:\/\/viajandoporjapon.com\/","name":"Viajando por Jap\u00f3n","description":"Somos especialistas en viajes a Jap\u00f3n","potentialAction":[{"@type":"SearchAction","target":{"@type":"EntryPoint","urlTemplate":"http:\/\/viajandoporjapon.com\/?s={search_term_string}"},"query-input":{"@type":"PropertyValueSpecification","valueRequired":true,"valueName":"search_term_string"}}],"inLanguage":"ca"}]}},"_links":{"self":[{"href":"https:\/\/viajandoporjapon.com\/ca\/wp-json\/wp\/v2\/pages\/8006","targetHints":{"allow":["GET"]}}],"collection":[{"href":"https:\/\/viajandoporjapon.com\/ca\/wp-json\/wp\/v2\/pages"}],"about":[{"href":"https:\/\/viajandoporjapon.com\/ca\/wp-json\/wp\/v2\/types\/page"}],"author":[{"embeddable":true,"href":"https:\/\/viajandoporjapon.com\/ca\/wp-json\/wp\/v2\/users\/1"}],"replies":[{"embeddable":true,"href":"https:\/\/viajandoporjapon.com\/ca\/wp-json\/wp\/v2\/comments?post=8006"}],"version-history":[{"count":1,"href":"https:\/\/viajandoporjapon.com\/ca\/wp-json\/wp\/v2\/pages\/8006\/revisions"}],"predecessor-version":[{"id":8007,"href":"https:\/\/viajandoporjapon.com\/ca\/wp-json\/wp\/v2\/pages\/8006\/revisions\/8007"}],"wp:attachment":[{"href":"https:\/\/viajandoporjapon.com\/ca\/wp-json\/wp\/v2\/media?parent=8006"}],"curies":[{"name":"wp","href":"https:\/\/api.w.org\/{rel}","templated":true}]}}