{"id":7999,"date":"2020-01-07T19:53:47","date_gmt":"2020-01-07T18:53:47","guid":{"rendered":"http:\/\/viajandoporjapon.com\/?page_id=7999"},"modified":"2020-01-07T19:53:47","modified_gmt":"2020-01-07T18:53:47","slug":"que-diuen-els-nostres-clients","status":"publish","type":"page","link":"https:\/\/viajandoporjapon.com\/ca\/que-diuen-els-nostres-clients\/","title":{"rendered":"Qu\u00e8 diuen els nostres clients"},"content":{"rendered":"<p>Ens dediquem a oferir-te grans experi\u00e8ncies, coneix les experi\u00e8ncies d&#8217;alguns dels nostres clients que han conegut Jap\u00f3 amb nosaltres.<\/p>\n","protected":false},"excerpt":{"rendered":"<p>Ens dediquem a oferir-te grans experi\u00e8ncies, coneix les experi\u00e8ncies d&#8217;alguns dels nostres clients que han conegut Jap\u00f3 amb nosaltres.<\/p>\n","protected":false},"author":1,"featured_media":0,"parent":0,"menu_order":0,"comment_status":"closed","ping_status":"closed","template":"template-clientes.php","meta":{"footnotes":""},"class_list":["post-7999","page","type-page","status-publish","hentry"],"yoast_head":"<!-- This site is optimized with the Yoast SEO plugin v27.4 - https:\/\/yoast.com\/product\/yoast-seo-wordpress\/ -->\n<title>Qu\u00e8 diuen els nostres clients - Viajando por Jap\u00f3n<\/title>\n<meta name=\"description\" content=\"Ens dediquem a oferir-te grans experi\u00e8ncies, coneix les experi\u00e8ncies d&#039;alguns dels nostres clients que han conegut Jap\u00f3 amb nosaltres.\" \/>\n<meta name=\"robots\" content=\"index, follow, max-snippet:-1, max-image-preview:large, max-video-preview:-1\" \/>\n<link rel=\"canonical\" href=\"http:\/\/viajandoporjapon.com\/ca\/que-diuen-els-nostres-clients\/\" \/>\n<meta property=\"og:locale\" content=\"ca_ES\" \/>\n<meta property=\"og:type\" content=\"article\" \/>\n<meta property=\"og:title\" content=\"Qu\u00e8 diuen els nostres clients - Viajando por Jap\u00f3n\" \/>\n<meta property=\"og:description\" content=\"Ens dediquem a oferir-te grans experi\u00e8ncies, coneix les experi\u00e8ncies d&#039;alguns dels nostres clients que han conegut Jap\u00f3 amb nosaltres.\" \/>\n<meta property=\"og:url\" content=\"http:\/\/viajandoporjapon.com\/ca\/que-diuen-els-nostres-clients\/\" \/>\n<meta property=\"og:site_name\" content=\"Viajando por Jap\u00f3n\" \/>\n<meta name=\"twitter:card\" content=\"summary_large_image\" \/>\n<script type=\"application\/ld+json\" class=\"yoast-schema-graph\">{\"@context\":\"https:\\\/\\\/schema.org\",\"@graph\":[{\"@type\":\"WebPage\",\"@id\":\"http:\\\/\\\/viajandoporjapon.com\\\/ca\\\/que-diuen-els-nostres-clients\\\/\",\"url\":\"http:\\\/\\\/viajandoporjapon.com\\\/ca\\\/que-diuen-els-nostres-clients\\\/\",\"name\":\"Qu\u00e8 diuen els nostres clients - Viajando por Jap\u00f3n\",\"isPartOf\":{\"@id\":\"http:\\\/\\\/viajandoporjapon.com\\\/#website\"},\"datePublished\":\"2020-01-07T18:53:47+00:00\",\"description\":\"Ens dediquem a oferir-te grans experi\u00e8ncies, coneix les experi\u00e8ncies d'alguns dels nostres clients que han conegut Jap\u00f3 amb nosaltres.\",\"breadcrumb\":{\"@id\":\"http:\\\/\\\/viajandoporjapon.com\\\/ca\\\/que-diuen-els-nostres-clients\\\/#breadcrumb\"},\"inLanguage\":\"ca\",\"potentialAction\":[{\"@type\":\"ReadAction\",\"target\":[\"http:\\\/\\\/viajandoporjapon.com\\\/ca\\\/que-diuen-els-nostres-clients\\\/\"]}]},{\"@type\":\"BreadcrumbList\",\"@id\":\"http:\\\/\\\/viajandoporjapon.com\\\/ca\\\/que-diuen-els-nostres-clients\\\/#breadcrumb\",\"itemListElement\":[{\"@type\":\"ListItem\",\"position\":1,\"name\":\"Portada\",\"item\":\"http:\\\/\\\/viajandoporjapon.com\\\/ca\\\/\"},{\"@type\":\"ListItem\",\"position\":2,\"name\":\"Qu\u00e8 diuen els nostres clients\"}]},{\"@type\":\"WebSite\",\"@id\":\"http:\\\/\\\/viajandoporjapon.com\\\/#website\",\"url\":\"http:\\\/\\\/viajandoporjapon.com\\\/\",\"name\":\"Viajando por Jap\u00f3n\",\"description\":\"Somos especialistas en viajes a Jap\u00f3n\",\"potentialAction\":[{\"@type\":\"SearchAction\",\"target\":{\"@type\":\"EntryPoint\",\"urlTemplate\":\"http:\\\/\\\/viajandoporjapon.com\\\/?s={search_term_string}\"},\"query-input\":{\"@type\":\"PropertyValueSpecification\",\"valueRequired\":true,\"valueName\":\"search_term_string\"}}],\"inLanguage\":\"ca\"}]}<\/script>\n<!-- \/ Yoast SEO plugin. -->","yoast_head_json":{"title":"Qu\u00e8 diuen els nostres clients - Viajando por Jap\u00f3n","description":"Ens dediquem a oferir-te grans experi\u00e8ncies, coneix les experi\u00e8ncies d'alguns dels nostres clients que han conegut Jap\u00f3 amb nosaltres.","robots":{"index":"index","follow":"follow","max-snippet":"max-snippet:-1","max-image-preview":"max-image-preview:large","max-video-preview":"max-video-preview:-1"},"canonical":"http:\/\/viajandoporjapon.com\/ca\/que-diuen-els-nostres-clients\/","og_locale":"ca_ES","og_type":"article","og_title":"Qu\u00e8 diuen els nostres clients - Viajando por Jap\u00f3n","og_description":"Ens dediquem a oferir-te grans experi\u00e8ncies, coneix les experi\u00e8ncies d'alguns dels nostres clients que han conegut Jap\u00f3 amb nosaltres.","og_url":"http:\/\/viajandoporjapon.com\/ca\/que-diuen-els-nostres-clients\/","og_site_name":"Viajando por Jap\u00f3n","twitter_card":"summary_large_image","schema":{"@context":"https:\/\/schema.org","@graph":[{"@type":"WebPage","@id":"http:\/\/viajandoporjapon.com\/ca\/que-diuen-els-nostres-clients\/","url":"http:\/\/viajandoporjapon.com\/ca\/que-diuen-els-nostres-clients\/","name":"Qu\u00e8 diuen els nostres clients - Viajando por Jap\u00f3n","isPartOf":{"@id":"http:\/\/viajandoporjapon.com\/#website"},"datePublished":"2020-01-07T18:53:47+00:00","description":"Ens dediquem a oferir-te grans experi\u00e8ncies, coneix les experi\u00e8ncies d'alguns dels nostres clients que han conegut Jap\u00f3 amb nosaltres.","breadcrumb":{"@id":"http:\/\/viajandoporjapon.com\/ca\/que-diuen-els-nostres-clients\/#breadcrumb"},"inLanguage":"ca","potentialAction":[{"@type":"ReadAction","target":["http:\/\/viajandoporjapon.com\/ca\/que-diuen-els-nostres-clients\/"]}]},{"@type":"BreadcrumbList","@id":"http:\/\/viajandoporjapon.com\/ca\/que-diuen-els-nostres-clients\/#breadcrumb","itemListElement":[{"@type":"ListItem","position":1,"name":"Portada","item":"http:\/\/viajandoporjapon.com\/ca\/"},{"@type":"ListItem","position":2,"name":"Qu\u00e8 diuen els nostres clients"}]},{"@type":"WebSite","@id":"http:\/\/viajandoporjapon.com\/#website","url":"http:\/\/viajandoporjapon.com\/","name":"Viajando por Jap\u00f3n","description":"Somos especialistas en viajes a Jap\u00f3n","potentialAction":[{"@type":"SearchAction","target":{"@type":"EntryPoint","urlTemplate":"http:\/\/viajandoporjapon.com\/?s={search_term_string}"},"query-input":{"@type":"PropertyValueSpecification","valueRequired":true,"valueName":"search_term_string"}}],"inLanguage":"ca"}]}},"_links":{"self":[{"href":"https:\/\/viajandoporjapon.com\/ca\/wp-json\/wp\/v2\/pages\/7999","targetHints":{"allow":["GET"]}}],"collection":[{"href":"https:\/\/viajandoporjapon.com\/ca\/wp-json\/wp\/v2\/pages"}],"about":[{"href":"https:\/\/viajandoporjapon.com\/ca\/wp-json\/wp\/v2\/types\/page"}],"author":[{"embeddable":true,"href":"https:\/\/viajandoporjapon.com\/ca\/wp-json\/wp\/v2\/users\/1"}],"replies":[{"embeddable":true,"href":"https:\/\/viajandoporjapon.com\/ca\/wp-json\/wp\/v2\/comments?post=7999"}],"version-history":[{"count":1,"href":"https:\/\/viajandoporjapon.com\/ca\/wp-json\/wp\/v2\/pages\/7999\/revisions"}],"predecessor-version":[{"id":8000,"href":"https:\/\/viajandoporjapon.com\/ca\/wp-json\/wp\/v2\/pages\/7999\/revisions\/8000"}],"wp:attachment":[{"href":"https:\/\/viajandoporjapon.com\/ca\/wp-json\/wp\/v2\/media?parent=7999"}],"curies":[{"name":"wp","href":"https:\/\/api.w.org\/{rel}","templated":true}]}}