{"id":7997,"date":"2020-01-07T19:52:59","date_gmt":"2020-01-07T18:52:59","guid":{"rendered":"http:\/\/viajandoporjapon.com\/?page_id=7997"},"modified":"2020-01-07T19:52:59","modified_gmt":"2020-01-07T18:52:59","slug":"informacio-sobre-el-japo","status":"publish","type":"page","link":"https:\/\/viajandoporjapon.com\/ca\/informacio-sobre-el-japo\/","title":{"rendered":"Informaci\u00f3 sobre el Jap\u00f3"},"content":{"rendered":"<p>En este apartado queremos presentaros Jap\u00f3n, daros algunos consejos para vuestro viaje y en definitiva, compartir con vosotros algunas de sus peculiaridades.<\/p>\n<p><strong>\u00bfCOMO DEFINIR JAP\u00d3N?<\/strong><\/p>\n<p><img loading=\"lazy\" decoding=\"async\" class=\"size-medium wp-image-4063 alignright\" src=\"http:\/\/viajandoporjapon.com\/wp-content\/uploads\/2017\/05\/Osaka_Dotonbori-300x225.jpg\" alt=\"\" width=\"300\" height=\"225\" srcset=\"https:\/\/viajandoporjapon.com\/wp-content\/uploads\/2017\/05\/Osaka_Dotonbori-300x225.jpg 300w, https:\/\/viajandoporjapon.com\/wp-content\/uploads\/2017\/05\/Osaka_Dotonbori-600x450.jpg 600w, https:\/\/viajandoporjapon.com\/wp-content\/uploads\/2017\/05\/Osaka_Dotonbori-768x576.jpg 768w, https:\/\/viajandoporjapon.com\/wp-content\/uploads\/2017\/05\/Osaka_Dotonbori.jpg 800w\" sizes=\"auto, (max-width: 300px) 100vw, 300px\" \/><\/p>\n<p>Jap\u00f3n es diferente, Jap\u00f3n es\u2026 geishas, karaoke, manga, anime, sushi, kabuki, hombres de negocio, templos\u2026.S\u00ed, Jap\u00f3n es todo eso y mucho m\u00e1s, es hermoso, relajante, nost\u00e1lgico, profundo, moderno, seductor, excitante, sustancioso, cultural, conmovedor, divertido, suntuoso\u2026<\/p>\n<p>Recorrer las centelleantes calles de Tokio u Osaka, sus barrios de ne\u00f3n, su ruido de m\u00e1quinas, su incesante tr\u00e1fico peatonal, o descansar a la sombra de los jardines de Kioto y en templos donde el incienso perfuma todo el d\u00eda,\u00a0todo en Jap\u00f3n es sorprendente.<\/p>\n<p>Desde la Era Meiji (1868-1912) con la apertura de Jap\u00f3n al turismo, el pa\u00eds ha crecido a un ritmo trepidante: trenes de alta velocidad, pistas de esqu\u00ed cubiertas, galer\u00edas comerciales que venden sin tregua lo que acaba de ser dise\u00f1ado\u2026 Al mismo tiempo, junto a los excesos de la gran ciudad, conviven tradiciones centenarias y peque\u00f1os pueblos dondeparece que no ha pasado el tiempo, donde se conserva la esencia m\u00e1s \u00edntima del coraz\u00f3n nip\u00f3n.<\/p>\n<p><img loading=\"lazy\" decoding=\"async\" class=\"size-medium wp-image-5017 alignleft\" src=\"http:\/\/viajandoporjapon.com\/wp-content\/uploads\/2018\/01\/Photo-by-shibuya246-on-Foter.com-CC-BY-NC-300x200.jpg\" alt=\"\" width=\"300\" height=\"200\" srcset=\"https:\/\/viajandoporjapon.com\/wp-content\/uploads\/2018\/01\/Photo-by-shibuya246-on-Foter.com-CC-BY-NC-300x200.jpg 300w, https:\/\/viajandoporjapon.com\/wp-content\/uploads\/2018\/01\/Photo-by-shibuya246-on-Foter.com-CC-BY-NC-600x399.jpg 600w, https:\/\/viajandoporjapon.com\/wp-content\/uploads\/2018\/01\/Photo-by-shibuya246-on-Foter.com-CC-BY-NC-768x511.jpg 768w, https:\/\/viajandoporjapon.com\/wp-content\/uploads\/2018\/01\/Photo-by-shibuya246-on-Foter.com-CC-BY-NC.jpg 1024w\" sizes=\"auto, (max-width: 300px) 100vw, 300px\" \/><\/p>\n<p>Con un sentido est\u00e9tico de la belleza muy particular, la delicadeza y la inclinaci\u00f3n hacia el detalle caracterizan las obras de arte y la artesan\u00eda japonesa.\u00a0Un pa\u00eds donde el pasado se mezcla irremediablemente\u00a0con el presente.<\/p>\n<p>Jap\u00f3n, pa\u00eds de cultura, se erigi\u00f3 entre tifones y terremotos, arreglos florales e industria automovil\u00edstica, imperios sucesivos e independencia\u2026\u00a0Son sus contradicciones, o mejor dicho la forma en la que \u00e9stas conviven, lo que han conformado lo que hoy en d\u00eda podemos ver.<\/p>\n<p>No existe otra forma de penetrar en este mundo que dejarse llevar. Porque las posibilidades son infinitas, debemos emprender el viaje. Siempre.<\/p>\n","protected":false},"excerpt":{"rendered":"<p>En este apartado queremos presentaros Jap\u00f3n, daros algunos consejos para vuestro viaje y en definitiva, compartir con vosotros algunas de sus peculiaridades. \u00bfCOMO DEFINIR JAP\u00d3N? Jap\u00f3n es diferente, Jap\u00f3n es\u2026 geishas, karaoke, manga, anime, sushi, kabuki, hombres de negocio, templos\u2026.S\u00ed, Jap\u00f3n es todo eso y mucho m\u00e1s, es hermoso, relajante, nost\u00e1lgico, profundo, moderno, seductor, excitante, sustancioso, cultural, conmovedor, divertido, suntuoso\u2026 Recorrer las centelleantes calles de Tokio u Osaka, sus barrios de ne\u00f3n, su ruido de m\u00e1quinas, su incesante tr\u00e1fico peatonal, o descansar a la sombra de los jardines <a class=\"read-more\" href=\"https:\/\/viajandoporjapon.com\/ca\/informacio-sobre-el-japo\/\">Continuar llegint <span class=\"meta-nav\">&rarr;<\/span><\/a><\/p>\n","protected":false},"author":1,"featured_media":0,"parent":0,"menu_order":6,"comment_status":"closed","ping_status":"closed","template":"template-subpaginas.php","meta":{"footnotes":""},"class_list":["post-7997","page","type-page","status-publish","hentry"],"yoast_head":"<!-- This site is optimized with the Yoast SEO plugin v27.4 - https:\/\/yoast.com\/product\/yoast-seo-wordpress\/ -->\n<title>Informaci\u00f3 sobre el Jap\u00f3 - Viajando por Jap\u00f3n<\/title>\n<meta name=\"description\" content=\"En este apartado queremos presentaros Jap\u00f3n, daros algunos consejos para vuestro viaje y en definitiva, compartir con vosotros algunas de sus\" \/>\n<meta name=\"robots\" content=\"index, follow, max-snippet:-1, max-image-preview:large, max-video-preview:-1\" \/>\n<link rel=\"canonical\" href=\"http:\/\/viajandoporjapon.com\/ca\/informacio-sobre-el-japo\/\" \/>\n<meta property=\"og:locale\" content=\"ca_ES\" \/>\n<meta property=\"og:type\" content=\"article\" \/>\n<meta property=\"og:title\" content=\"Informaci\u00f3 sobre el Jap\u00f3 - Viajando por Jap\u00f3n\" \/>\n<meta property=\"og:description\" content=\"En este apartado queremos presentaros Jap\u00f3n, daros algunos consejos para vuestro viaje y en definitiva, compartir con vosotros algunas de sus\" \/>\n<meta property=\"og:url\" content=\"http:\/\/viajandoporjapon.com\/ca\/informacio-sobre-el-japo\/\" \/>\n<meta property=\"og:site_name\" content=\"Viajando por Jap\u00f3n\" \/>\n<meta property=\"og:image\" content=\"http:\/\/viajandoporjapon.com\/wp-content\/uploads\/2017\/05\/Osaka_Dotonbori-300x225.jpg\" \/>\n<meta name=\"twitter:card\" content=\"summary_large_image\" \/>\n<meta name=\"twitter:label1\" content=\"Temps estimat de lectura\" \/>\n\t<meta name=\"twitter:data1\" content=\"2 minuts\" \/>\n<script type=\"application\/ld+json\" class=\"yoast-schema-graph\">{\"@context\":\"https:\\\/\\\/schema.org\",\"@graph\":[{\"@type\":\"WebPage\",\"@id\":\"http:\\\/\\\/viajandoporjapon.com\\\/ca\\\/informacio-sobre-el-japo\\\/\",\"url\":\"http:\\\/\\\/viajandoporjapon.com\\\/ca\\\/informacio-sobre-el-japo\\\/\",\"name\":\"Informaci\u00f3 sobre el Jap\u00f3 - Viajando por Jap\u00f3n\",\"isPartOf\":{\"@id\":\"http:\\\/\\\/viajandoporjapon.com\\\/#website\"},\"primaryImageOfPage\":{\"@id\":\"http:\\\/\\\/viajandoporjapon.com\\\/ca\\\/informacio-sobre-el-japo\\\/#primaryimage\"},\"image\":{\"@id\":\"http:\\\/\\\/viajandoporjapon.com\\\/ca\\\/informacio-sobre-el-japo\\\/#primaryimage\"},\"thumbnailUrl\":\"http:\\\/\\\/viajandoporjapon.com\\\/wp-content\\\/uploads\\\/2017\\\/05\\\/Osaka_Dotonbori-300x225.jpg\",\"datePublished\":\"2020-01-07T18:52:59+00:00\",\"description\":\"En este apartado queremos presentaros Jap\u00f3n, daros algunos consejos para vuestro viaje y en definitiva, compartir con vosotros algunas de sus\",\"breadcrumb\":{\"@id\":\"http:\\\/\\\/viajandoporjapon.com\\\/ca\\\/informacio-sobre-el-japo\\\/#breadcrumb\"},\"inLanguage\":\"ca\",\"potentialAction\":[{\"@type\":\"ReadAction\",\"target\":[\"http:\\\/\\\/viajandoporjapon.com\\\/ca\\\/informacio-sobre-el-japo\\\/\"]}]},{\"@type\":\"ImageObject\",\"inLanguage\":\"ca\",\"@id\":\"http:\\\/\\\/viajandoporjapon.com\\\/ca\\\/informacio-sobre-el-japo\\\/#primaryimage\",\"url\":\"http:\\\/\\\/viajandoporjapon.com\\\/wp-content\\\/uploads\\\/2017\\\/05\\\/Osaka_Dotonbori-300x225.jpg\",\"contentUrl\":\"http:\\\/\\\/viajandoporjapon.com\\\/wp-content\\\/uploads\\\/2017\\\/05\\\/Osaka_Dotonbori-300x225.jpg\"},{\"@type\":\"BreadcrumbList\",\"@id\":\"http:\\\/\\\/viajandoporjapon.com\\\/ca\\\/informacio-sobre-el-japo\\\/#breadcrumb\",\"itemListElement\":[{\"@type\":\"ListItem\",\"position\":1,\"name\":\"Portada\",\"item\":\"http:\\\/\\\/viajandoporjapon.com\\\/ca\\\/\"},{\"@type\":\"ListItem\",\"position\":2,\"name\":\"Informaci\u00f3 sobre el Jap\u00f3\"}]},{\"@type\":\"WebSite\",\"@id\":\"http:\\\/\\\/viajandoporjapon.com\\\/#website\",\"url\":\"http:\\\/\\\/viajandoporjapon.com\\\/\",\"name\":\"Viajando por Jap\u00f3n\",\"description\":\"Somos especialistas en viajes a Jap\u00f3n\",\"potentialAction\":[{\"@type\":\"SearchAction\",\"target\":{\"@type\":\"EntryPoint\",\"urlTemplate\":\"http:\\\/\\\/viajandoporjapon.com\\\/?s={search_term_string}\"},\"query-input\":{\"@type\":\"PropertyValueSpecification\",\"valueRequired\":true,\"valueName\":\"search_term_string\"}}],\"inLanguage\":\"ca\"}]}<\/script>\n<!-- \/ Yoast SEO plugin. -->","yoast_head_json":{"title":"Informaci\u00f3 sobre el Jap\u00f3 - Viajando por Jap\u00f3n","description":"En este apartado queremos presentaros Jap\u00f3n, daros algunos consejos para vuestro viaje y en definitiva, compartir con vosotros algunas de sus","robots":{"index":"index","follow":"follow","max-snippet":"max-snippet:-1","max-image-preview":"max-image-preview:large","max-video-preview":"max-video-preview:-1"},"canonical":"http:\/\/viajandoporjapon.com\/ca\/informacio-sobre-el-japo\/","og_locale":"ca_ES","og_type":"article","og_title":"Informaci\u00f3 sobre el Jap\u00f3 - Viajando por Jap\u00f3n","og_description":"En este apartado queremos presentaros Jap\u00f3n, daros algunos consejos para vuestro viaje y en definitiva, compartir con vosotros algunas de sus","og_url":"http:\/\/viajandoporjapon.com\/ca\/informacio-sobre-el-japo\/","og_site_name":"Viajando por Jap\u00f3n","og_image":[{"url":"http:\/\/viajandoporjapon.com\/wp-content\/uploads\/2017\/05\/Osaka_Dotonbori-300x225.jpg","type":"","width":"","height":""}],"twitter_card":"summary_large_image","twitter_misc":{"Temps estimat de lectura":"2 minuts"},"schema":{"@context":"https:\/\/schema.org","@graph":[{"@type":"WebPage","@id":"http:\/\/viajandoporjapon.com\/ca\/informacio-sobre-el-japo\/","url":"http:\/\/viajandoporjapon.com\/ca\/informacio-sobre-el-japo\/","name":"Informaci\u00f3 sobre el Jap\u00f3 - Viajando por Jap\u00f3n","isPartOf":{"@id":"http:\/\/viajandoporjapon.com\/#website"},"primaryImageOfPage":{"@id":"http:\/\/viajandoporjapon.com\/ca\/informacio-sobre-el-japo\/#primaryimage"},"image":{"@id":"http:\/\/viajandoporjapon.com\/ca\/informacio-sobre-el-japo\/#primaryimage"},"thumbnailUrl":"http:\/\/viajandoporjapon.com\/wp-content\/uploads\/2017\/05\/Osaka_Dotonbori-300x225.jpg","datePublished":"2020-01-07T18:52:59+00:00","description":"En este apartado queremos presentaros Jap\u00f3n, daros algunos consejos para vuestro viaje y en definitiva, compartir con vosotros algunas de sus","breadcrumb":{"@id":"http:\/\/viajandoporjapon.com\/ca\/informacio-sobre-el-japo\/#breadcrumb"},"inLanguage":"ca","potentialAction":[{"@type":"ReadAction","target":["http:\/\/viajandoporjapon.com\/ca\/informacio-sobre-el-japo\/"]}]},{"@type":"ImageObject","inLanguage":"ca","@id":"http:\/\/viajandoporjapon.com\/ca\/informacio-sobre-el-japo\/#primaryimage","url":"http:\/\/viajandoporjapon.com\/wp-content\/uploads\/2017\/05\/Osaka_Dotonbori-300x225.jpg","contentUrl":"http:\/\/viajandoporjapon.com\/wp-content\/uploads\/2017\/05\/Osaka_Dotonbori-300x225.jpg"},{"@type":"BreadcrumbList","@id":"http:\/\/viajandoporjapon.com\/ca\/informacio-sobre-el-japo\/#breadcrumb","itemListElement":[{"@type":"ListItem","position":1,"name":"Portada","item":"http:\/\/viajandoporjapon.com\/ca\/"},{"@type":"ListItem","position":2,"name":"Informaci\u00f3 sobre el Jap\u00f3"}]},{"@type":"WebSite","@id":"http:\/\/viajandoporjapon.com\/#website","url":"http:\/\/viajandoporjapon.com\/","name":"Viajando por Jap\u00f3n","description":"Somos especialistas en viajes a Jap\u00f3n","potentialAction":[{"@type":"SearchAction","target":{"@type":"EntryPoint","urlTemplate":"http:\/\/viajandoporjapon.com\/?s={search_term_string}"},"query-input":{"@type":"PropertyValueSpecification","valueRequired":true,"valueName":"search_term_string"}}],"inLanguage":"ca"}]}},"_links":{"self":[{"href":"https:\/\/viajandoporjapon.com\/ca\/wp-json\/wp\/v2\/pages\/7997","targetHints":{"allow":["GET"]}}],"collection":[{"href":"https:\/\/viajandoporjapon.com\/ca\/wp-json\/wp\/v2\/pages"}],"about":[{"href":"https:\/\/viajandoporjapon.com\/ca\/wp-json\/wp\/v2\/types\/page"}],"author":[{"embeddable":true,"href":"https:\/\/viajandoporjapon.com\/ca\/wp-json\/wp\/v2\/users\/1"}],"replies":[{"embeddable":true,"href":"https:\/\/viajandoporjapon.com\/ca\/wp-json\/wp\/v2\/comments?post=7997"}],"version-history":[{"count":1,"href":"https:\/\/viajandoporjapon.com\/ca\/wp-json\/wp\/v2\/pages\/7997\/revisions"}],"predecessor-version":[{"id":7998,"href":"https:\/\/viajandoporjapon.com\/ca\/wp-json\/wp\/v2\/pages\/7997\/revisions\/7998"}],"wp:attachment":[{"href":"https:\/\/viajandoporjapon.com\/ca\/wp-json\/wp\/v2\/media?parent=7997"}],"curies":[{"name":"wp","href":"https:\/\/api.w.org\/{rel}","templated":true}]}}