{"id":7989,"date":"2017-05-03T12:25:45","date_gmt":"2017-05-03T12:25:45","guid":{"rendered":"http:\/\/viajandoporjapon.com\/creditos\/"},"modified":"2020-01-07T19:48:52","modified_gmt":"2020-01-07T18:48:52","slug":"credits","status":"publish","type":"page","link":"https:\/\/viajandoporjapon.com\/ca\/credits\/","title":{"rendered":"Cr\u00e8dits"},"content":{"rendered":"<h3>Dise\u00f1o<\/h3>\n<p>\u00c1lvaro G\u00f3mez\u00a0<a href=\"http:\/\/mrfoxtalbot.com\/\">MrFoxTalbot<\/a><\/p>\n<h3>Desarrollo<\/h3>\n<p>Francisco Torres y equipo <a href=\"https:\/\/giga4.es\/\">GIGA4<\/a><\/p>\n<h3>Im\u00e1genes<\/h3>\n<p>Licencias creative commons, obtenidas de:<\/p>\n<ul>\n<li><a href=\"https:\/\/www.flickr.com\/photos\/sorokine\/9166399161\/in\/faves-21582421@N08\/\">Alex Sorokine<\/a><\/li>\n<li><a href=\"https:\/\/www.flickr.com\/photos\/aigle_dore\/15927296051\/in\/faves-21582421@N08\/\">Moyan Brenn<\/a><\/li>\n<li><a href=\"https:\/\/www.flickr.com\/photos\/aigle_dore\/31612951402\/in\/faves-21582421@N08\/\">Moyan Brenn<\/a><\/li>\n<li><a href=\"https:\/\/www.flickr.com\/photos\/aigle_dore\/31643735721\/in\/faves-21582421@N08\/\">Moyan Brenn<\/a><\/li>\n<li><a href=\"https:\/\/www.flickr.com\/photos\/aigle_dore\/31722515086\/in\/faves-21582421@N08\/\">Moyan Brenn<\/a><\/li>\n<li><a href=\"https:\/\/www.flickr.com\/photos\/aigle_dore\/31759971015\/in\/faves-21582421@N08\/\">Moyan Brenn<\/a><\/li>\n<li><a href=\"https:\/\/www.flickr.com\/photos\/pedrosz\/30138897033\/in\/faves-21582421@N08\/\">Pedro Szekely<\/a><\/li>\n<\/ul>\n","protected":false},"excerpt":{"rendered":"<p>Dise\u00f1o \u00c1lvaro G\u00f3mez\u00a0MrFoxTalbot Desarrollo Francisco Torres y equipo GIGA4 Im\u00e1genes Licencias creative commons, obtenidas de: Alex Sorokine Moyan Brenn Moyan Brenn Moyan Brenn Moyan Brenn Moyan Brenn Pedro Szekely<\/p>\n","protected":false},"author":7,"featured_media":0,"parent":0,"menu_order":0,"comment_status":"closed","ping_status":"closed","template":"","meta":{"footnotes":""},"class_list":["post-7989","page","type-page","status-publish","hentry"],"yoast_head":"<!-- This site is optimized with the Yoast SEO plugin v27.4 - https:\/\/yoast.com\/product\/yoast-seo-wordpress\/ -->\n<title>Cr\u00e8dits - Viajando por Jap\u00f3n<\/title>\n<meta name=\"description\" content=\"Dise\u00f1o \u00c1lvaro G\u00f3mez\u00a0MrFoxTalbot Desarrollo Francisco Torres y equipo GIGA4 Im\u00e1genes Licencias creative commons, obtenidas de: Alex Sorokine Moyan Brenn\" \/>\n<meta name=\"robots\" content=\"noindex, nofollow\" \/>\n<meta property=\"og:locale\" content=\"ca_ES\" \/>\n<meta property=\"og:type\" content=\"article\" \/>\n<meta property=\"og:title\" content=\"Cr\u00e8dits - Viajando por Jap\u00f3n\" \/>\n<meta property=\"og:description\" content=\"Dise\u00f1o \u00c1lvaro G\u00f3mez\u00a0MrFoxTalbot Desarrollo Francisco Torres y equipo GIGA4 Im\u00e1genes Licencias creative commons, obtenidas de: Alex Sorokine Moyan Brenn\" \/>\n<meta property=\"og:url\" content=\"http:\/\/viajandoporjapon.com\/ca\/credits\/\" \/>\n<meta property=\"og:site_name\" content=\"Viajando por Jap\u00f3n\" \/>\n<meta property=\"article:modified_time\" content=\"2020-01-07T18:48:52+00:00\" \/>\n<meta name=\"twitter:card\" content=\"summary_large_image\" \/>\n<script type=\"application\/ld+json\" class=\"yoast-schema-graph\">{\"@context\":\"https:\\\/\\\/schema.org\",\"@graph\":[{\"@type\":\"WebPage\",\"@id\":\"http:\\\/\\\/viajandoporjapon.com\\\/ca\\\/credits\\\/\",\"url\":\"http:\\\/\\\/viajandoporjapon.com\\\/ca\\\/credits\\\/\",\"name\":\"Cr\u00e8dits - Viajando por Jap\u00f3n\",\"isPartOf\":{\"@id\":\"http:\\\/\\\/viajandoporjapon.com\\\/#website\"},\"datePublished\":\"2017-05-03T12:25:45+00:00\",\"dateModified\":\"2020-01-07T18:48:52+00:00\",\"description\":\"Dise\u00f1o \u00c1lvaro G\u00f3mez\u00a0MrFoxTalbot Desarrollo Francisco Torres y equipo GIGA4 Im\u00e1genes Licencias creative commons, obtenidas de: Alex Sorokine Moyan Brenn\",\"breadcrumb\":{\"@id\":\"http:\\\/\\\/viajandoporjapon.com\\\/ca\\\/credits\\\/#breadcrumb\"},\"inLanguage\":\"ca\",\"potentialAction\":[{\"@type\":\"ReadAction\",\"target\":[\"http:\\\/\\\/viajandoporjapon.com\\\/ca\\\/credits\\\/\"]}]},{\"@type\":\"BreadcrumbList\",\"@id\":\"http:\\\/\\\/viajandoporjapon.com\\\/ca\\\/credits\\\/#breadcrumb\",\"itemListElement\":[{\"@type\":\"ListItem\",\"position\":1,\"name\":\"Portada\",\"item\":\"http:\\\/\\\/viajandoporjapon.com\\\/ca\\\/\"},{\"@type\":\"ListItem\",\"position\":2,\"name\":\"Cr\u00e8dits\"}]},{\"@type\":\"WebSite\",\"@id\":\"http:\\\/\\\/viajandoporjapon.com\\\/#website\",\"url\":\"http:\\\/\\\/viajandoporjapon.com\\\/\",\"name\":\"Viajando por Jap\u00f3n\",\"description\":\"Somos especialistas en viajes a Jap\u00f3n\",\"potentialAction\":[{\"@type\":\"SearchAction\",\"target\":{\"@type\":\"EntryPoint\",\"urlTemplate\":\"http:\\\/\\\/viajandoporjapon.com\\\/?s={search_term_string}\"},\"query-input\":{\"@type\":\"PropertyValueSpecification\",\"valueRequired\":true,\"valueName\":\"search_term_string\"}}],\"inLanguage\":\"ca\"}]}<\/script>\n<!-- \/ Yoast SEO plugin. -->","yoast_head_json":{"title":"Cr\u00e8dits - Viajando por Jap\u00f3n","description":"Dise\u00f1o \u00c1lvaro G\u00f3mez\u00a0MrFoxTalbot Desarrollo Francisco Torres y equipo GIGA4 Im\u00e1genes Licencias creative commons, obtenidas de: Alex Sorokine Moyan Brenn","robots":{"index":"noindex","follow":"nofollow"},"og_locale":"ca_ES","og_type":"article","og_title":"Cr\u00e8dits - Viajando por Jap\u00f3n","og_description":"Dise\u00f1o \u00c1lvaro G\u00f3mez\u00a0MrFoxTalbot Desarrollo Francisco Torres y equipo GIGA4 Im\u00e1genes Licencias creative commons, obtenidas de: Alex Sorokine Moyan Brenn","og_url":"http:\/\/viajandoporjapon.com\/ca\/credits\/","og_site_name":"Viajando por Jap\u00f3n","article_modified_time":"2020-01-07T18:48:52+00:00","twitter_card":"summary_large_image","schema":{"@context":"https:\/\/schema.org","@graph":[{"@type":"WebPage","@id":"http:\/\/viajandoporjapon.com\/ca\/credits\/","url":"http:\/\/viajandoporjapon.com\/ca\/credits\/","name":"Cr\u00e8dits - Viajando por Jap\u00f3n","isPartOf":{"@id":"http:\/\/viajandoporjapon.com\/#website"},"datePublished":"2017-05-03T12:25:45+00:00","dateModified":"2020-01-07T18:48:52+00:00","description":"Dise\u00f1o \u00c1lvaro G\u00f3mez\u00a0MrFoxTalbot Desarrollo Francisco Torres y equipo GIGA4 Im\u00e1genes Licencias creative commons, obtenidas de: Alex Sorokine Moyan Brenn","breadcrumb":{"@id":"http:\/\/viajandoporjapon.com\/ca\/credits\/#breadcrumb"},"inLanguage":"ca","potentialAction":[{"@type":"ReadAction","target":["http:\/\/viajandoporjapon.com\/ca\/credits\/"]}]},{"@type":"BreadcrumbList","@id":"http:\/\/viajandoporjapon.com\/ca\/credits\/#breadcrumb","itemListElement":[{"@type":"ListItem","position":1,"name":"Portada","item":"http:\/\/viajandoporjapon.com\/ca\/"},{"@type":"ListItem","position":2,"name":"Cr\u00e8dits"}]},{"@type":"WebSite","@id":"http:\/\/viajandoporjapon.com\/#website","url":"http:\/\/viajandoporjapon.com\/","name":"Viajando por Jap\u00f3n","description":"Somos especialistas en viajes a Jap\u00f3n","potentialAction":[{"@type":"SearchAction","target":{"@type":"EntryPoint","urlTemplate":"http:\/\/viajandoporjapon.com\/?s={search_term_string}"},"query-input":{"@type":"PropertyValueSpecification","valueRequired":true,"valueName":"search_term_string"}}],"inLanguage":"ca"}]}},"_links":{"self":[{"href":"https:\/\/viajandoporjapon.com\/ca\/wp-json\/wp\/v2\/pages\/7989","targetHints":{"allow":["GET"]}}],"collection":[{"href":"https:\/\/viajandoporjapon.com\/ca\/wp-json\/wp\/v2\/pages"}],"about":[{"href":"https:\/\/viajandoporjapon.com\/ca\/wp-json\/wp\/v2\/types\/page"}],"author":[{"embeddable":true,"href":"https:\/\/viajandoporjapon.com\/ca\/wp-json\/wp\/v2\/users\/7"}],"replies":[{"embeddable":true,"href":"https:\/\/viajandoporjapon.com\/ca\/wp-json\/wp\/v2\/comments?post=7989"}],"version-history":[{"count":1,"href":"https:\/\/viajandoporjapon.com\/ca\/wp-json\/wp\/v2\/pages\/7989\/revisions"}],"predecessor-version":[{"id":7990,"href":"https:\/\/viajandoporjapon.com\/ca\/wp-json\/wp\/v2\/pages\/7989\/revisions\/7990"}],"wp:attachment":[{"href":"https:\/\/viajandoporjapon.com\/ca\/wp-json\/wp\/v2\/media?parent=7989"}],"curies":[{"name":"wp","href":"https:\/\/api.w.org\/{rel}","templated":true}]}}