{"id":7984,"date":"2020-01-07T19:46:47","date_gmt":"2020-01-07T18:46:47","guid":{"rendered":"http:\/\/viajandoporjapon.com\/?page_id=7984"},"modified":"2020-01-07T19:46:47","modified_gmt":"2020-01-07T18:46:47","slug":"politica-de-privacitat","status":"publish","type":"page","link":"https:\/\/viajandoporjapon.com\/ca\/politica-de-privacitat\/","title":{"rendered":"Pol\u00edtica de privacitat"},"content":{"rendered":"<p>La informaci\u00f3n que nos proporcionas est\u00e1 protegida por la Ley de Protecci\u00f3n de Datos de Car\u00e1cter Personal. NEXUS RESORT S.A.U. no vende, ni alquila, ni pone a disposici\u00f3n de terceras personas los datos proporcionados.<\/p>\n<p>Te informamos que, mediante la cumplimentaci\u00f3n voluntaria del formulario de contacto, tus datos personales quedar\u00e1n incorporados y ser\u00e1n procesados para enviarte propuestas de viajes.<\/p>\n<p>RESPONSABLE DEL FICHERO.- De acuerdo con lo previsto en la Ley 15\/1999, de 13 de diciembre, sobre Protecci\u00f3n de Datos de Car\u00e1cter Personal (LOPD), se le informa de que los datos personales que se recogen en <a class=\"moz-txt-link-abbreviated\" href=\"http:\/\/viajandoporjapon.com\">www.viajandoporjapon.com<\/a> ser\u00e1n incorporados a ficheros de la titularidad de NEXUS RESORT S.A.U., con domicilio en La Rambla 88, 1r 1a. 08002 Barcelona.<\/p>\n<p>FINALIDADES DE LOS TRATAMIENTOS.- Los datos de navegaci\u00f3n, tales como el nombre de dominio del Proveedor de Servicios de Internet (ISP), la direcci\u00f3n IP de acceso a la red, la fecha y hora de acceso a nuestra web o la direcci\u00f3n de internet desde la que el usuario naveg\u00f3 a <a class=\"moz-txt-link-abbreviated\" href=\"http:\/\/viajandoporjapon.com\">www.viajandoporjapon.com<\/a>, ser\u00e1n tratados para fines estad\u00edsticos y de mejora de la experiencia de navegaci\u00f3n.<br \/>\nLos dem\u00e1s datos personales que se recogen en esta web, ser\u00e1n tratados para la tramitaci\u00f3n de sus solicitudes, la gesti\u00f3n de la relaci\u00f3n con los usuarios registrados y el control del \u00e1rea de acceso restringido.<\/p>\n<p>DATOS DE TERCEROS.- La utilizaci\u00f3n de la presente web conlleva el compromiso expreso por parte de sus usuarios de cumplir con la normativa vigente en materia de protecci\u00f3n de datos de car\u00e1cter personal, especialmente respecto al tratamiento de datos de las personas para las cuales se tramitan consultas y reservas mediante esta web. Los usuarios se comprometen expresamente a cumplir, con car\u00e1cter previo a la introducci\u00f3n de datos personales de terceros en esta web, con el deber de informaci\u00f3n previsto por el Art. 5 LOPD y, para los casos en los que sea legalmente exigible, a recabar el consentimiento previsto por los art\u00edculos 6, 7 y 11 de la citada Ley, seg\u00fan proceda.<\/p>\n<p>DERECHOS DEL INTERESADO.- Los afectados podr\u00e1n ejercer sus derechos de acceso, rectificaci\u00f3n, cancelaci\u00f3n y oposici\u00f3n mediante escrito acompa\u00f1ado de una copia de su DNI y dirigido a:<br \/>\nNEXUS RESORT S.A.U.<br \/>\nLa Rambla 88, 1r 1a &#8211; Local C Tfn 93 412 63 93<br \/>\nBarcelona (CATALUNYA)<br \/>\nTambi\u00e9n puede ejercitar estos derechos enviando un correo electr\u00f3nico a la siguiente direcci\u00f3n <a class=\"moz-txt-link-abbreviated\" href=\"mailto:info@viajandoporjapon.com\">info@viajandoporjapon.com<\/a><\/p>\n","protected":false},"excerpt":{"rendered":"<p>La informaci\u00f3n que nos proporcionas est\u00e1 protegida por la Ley de Protecci\u00f3n de Datos de Car\u00e1cter Personal. NEXUS RESORT S.A.U. no vende, ni alquila, ni pone a disposici\u00f3n de terceras personas los datos proporcionados. Te informamos que, mediante la cumplimentaci\u00f3n voluntaria del formulario de contacto, tus datos personales quedar\u00e1n incorporados y ser\u00e1n procesados para enviarte propuestas de viajes. RESPONSABLE DEL FICHERO.- De acuerdo con lo previsto en la Ley 15\/1999, de 13 de diciembre, sobre Protecci\u00f3n de Datos de Car\u00e1cter Personal (LOPD), se le informa de que los <a class=\"read-more\" href=\"https:\/\/viajandoporjapon.com\/ca\/politica-de-privacitat\/\">Continuar llegint <span class=\"meta-nav\">&rarr;<\/span><\/a><\/p>\n","protected":false},"author":1,"featured_media":0,"parent":0,"menu_order":0,"comment_status":"closed","ping_status":"closed","template":"","meta":{"footnotes":""},"class_list":["post-7984","page","type-page","status-publish","hentry"],"yoast_head":"<!-- This site is optimized with the Yoast SEO plugin v27.4 - https:\/\/yoast.com\/product\/yoast-seo-wordpress\/ -->\n<title>Pol\u00edtica de privacitat - Viajando por Jap\u00f3n<\/title>\n<meta name=\"description\" content=\"La informaci\u00f3n que nos proporcionas est\u00e1 protegida por la Ley de Protecci\u00f3n de Datos de Car\u00e1cter Personal. NEXUS RESORT S.A.U. no vende, ni alquila, ni\" \/>\n<meta name=\"robots\" content=\"index, follow, max-snippet:-1, max-image-preview:large, max-video-preview:-1\" \/>\n<link rel=\"canonical\" href=\"http:\/\/viajandoporjapon.com\/ca\/politica-de-privacitat\/\" \/>\n<meta property=\"og:locale\" content=\"ca_ES\" \/>\n<meta property=\"og:type\" content=\"article\" \/>\n<meta property=\"og:title\" content=\"Pol\u00edtica de privacitat - Viajando por Jap\u00f3n\" \/>\n<meta property=\"og:description\" content=\"La informaci\u00f3n que nos proporcionas est\u00e1 protegida por la Ley de Protecci\u00f3n de Datos de Car\u00e1cter Personal. NEXUS RESORT S.A.U. no vende, ni alquila, ni\" \/>\n<meta property=\"og:url\" content=\"http:\/\/viajandoporjapon.com\/ca\/politica-de-privacitat\/\" \/>\n<meta property=\"og:site_name\" content=\"Viajando por Jap\u00f3n\" \/>\n<meta name=\"twitter:card\" content=\"summary_large_image\" \/>\n<meta name=\"twitter:label1\" content=\"Temps estimat de lectura\" \/>\n\t<meta name=\"twitter:data1\" content=\"2 minuts\" \/>\n<script type=\"application\/ld+json\" class=\"yoast-schema-graph\">{\"@context\":\"https:\\\/\\\/schema.org\",\"@graph\":[{\"@type\":\"WebPage\",\"@id\":\"http:\\\/\\\/viajandoporjapon.com\\\/ca\\\/politica-de-privacitat\\\/\",\"url\":\"http:\\\/\\\/viajandoporjapon.com\\\/ca\\\/politica-de-privacitat\\\/\",\"name\":\"Pol\u00edtica de privacitat - Viajando por Jap\u00f3n\",\"isPartOf\":{\"@id\":\"http:\\\/\\\/viajandoporjapon.com\\\/#website\"},\"datePublished\":\"2020-01-07T18:46:47+00:00\",\"description\":\"La informaci\u00f3n que nos proporcionas est\u00e1 protegida por la Ley de Protecci\u00f3n de Datos de Car\u00e1cter Personal. NEXUS RESORT S.A.U. no vende, ni alquila, ni\",\"breadcrumb\":{\"@id\":\"http:\\\/\\\/viajandoporjapon.com\\\/ca\\\/politica-de-privacitat\\\/#breadcrumb\"},\"inLanguage\":\"ca\",\"potentialAction\":[{\"@type\":\"ReadAction\",\"target\":[\"http:\\\/\\\/viajandoporjapon.com\\\/ca\\\/politica-de-privacitat\\\/\"]}]},{\"@type\":\"BreadcrumbList\",\"@id\":\"http:\\\/\\\/viajandoporjapon.com\\\/ca\\\/politica-de-privacitat\\\/#breadcrumb\",\"itemListElement\":[{\"@type\":\"ListItem\",\"position\":1,\"name\":\"Portada\",\"item\":\"http:\\\/\\\/viajandoporjapon.com\\\/ca\\\/\"},{\"@type\":\"ListItem\",\"position\":2,\"name\":\"Pol\u00edtica de privacitat\"}]},{\"@type\":\"WebSite\",\"@id\":\"http:\\\/\\\/viajandoporjapon.com\\\/#website\",\"url\":\"http:\\\/\\\/viajandoporjapon.com\\\/\",\"name\":\"Viajando por Jap\u00f3n\",\"description\":\"Somos especialistas en viajes a Jap\u00f3n\",\"potentialAction\":[{\"@type\":\"SearchAction\",\"target\":{\"@type\":\"EntryPoint\",\"urlTemplate\":\"http:\\\/\\\/viajandoporjapon.com\\\/?s={search_term_string}\"},\"query-input\":{\"@type\":\"PropertyValueSpecification\",\"valueRequired\":true,\"valueName\":\"search_term_string\"}}],\"inLanguage\":\"ca\"}]}<\/script>\n<!-- \/ Yoast SEO plugin. -->","yoast_head_json":{"title":"Pol\u00edtica de privacitat - Viajando por Jap\u00f3n","description":"La informaci\u00f3n que nos proporcionas est\u00e1 protegida por la Ley de Protecci\u00f3n de Datos de Car\u00e1cter Personal. NEXUS RESORT S.A.U. no vende, ni alquila, ni","robots":{"index":"index","follow":"follow","max-snippet":"max-snippet:-1","max-image-preview":"max-image-preview:large","max-video-preview":"max-video-preview:-1"},"canonical":"http:\/\/viajandoporjapon.com\/ca\/politica-de-privacitat\/","og_locale":"ca_ES","og_type":"article","og_title":"Pol\u00edtica de privacitat - Viajando por Jap\u00f3n","og_description":"La informaci\u00f3n que nos proporcionas est\u00e1 protegida por la Ley de Protecci\u00f3n de Datos de Car\u00e1cter Personal. NEXUS RESORT S.A.U. no vende, ni alquila, ni","og_url":"http:\/\/viajandoporjapon.com\/ca\/politica-de-privacitat\/","og_site_name":"Viajando por Jap\u00f3n","twitter_card":"summary_large_image","twitter_misc":{"Temps estimat de lectura":"2 minuts"},"schema":{"@context":"https:\/\/schema.org","@graph":[{"@type":"WebPage","@id":"http:\/\/viajandoporjapon.com\/ca\/politica-de-privacitat\/","url":"http:\/\/viajandoporjapon.com\/ca\/politica-de-privacitat\/","name":"Pol\u00edtica de privacitat - Viajando por Jap\u00f3n","isPartOf":{"@id":"http:\/\/viajandoporjapon.com\/#website"},"datePublished":"2020-01-07T18:46:47+00:00","description":"La informaci\u00f3n que nos proporcionas est\u00e1 protegida por la Ley de Protecci\u00f3n de Datos de Car\u00e1cter Personal. NEXUS RESORT S.A.U. no vende, ni alquila, ni","breadcrumb":{"@id":"http:\/\/viajandoporjapon.com\/ca\/politica-de-privacitat\/#breadcrumb"},"inLanguage":"ca","potentialAction":[{"@type":"ReadAction","target":["http:\/\/viajandoporjapon.com\/ca\/politica-de-privacitat\/"]}]},{"@type":"BreadcrumbList","@id":"http:\/\/viajandoporjapon.com\/ca\/politica-de-privacitat\/#breadcrumb","itemListElement":[{"@type":"ListItem","position":1,"name":"Portada","item":"http:\/\/viajandoporjapon.com\/ca\/"},{"@type":"ListItem","position":2,"name":"Pol\u00edtica de privacitat"}]},{"@type":"WebSite","@id":"http:\/\/viajandoporjapon.com\/#website","url":"http:\/\/viajandoporjapon.com\/","name":"Viajando por Jap\u00f3n","description":"Somos especialistas en viajes a Jap\u00f3n","potentialAction":[{"@type":"SearchAction","target":{"@type":"EntryPoint","urlTemplate":"http:\/\/viajandoporjapon.com\/?s={search_term_string}"},"query-input":{"@type":"PropertyValueSpecification","valueRequired":true,"valueName":"search_term_string"}}],"inLanguage":"ca"}]}},"_links":{"self":[{"href":"https:\/\/viajandoporjapon.com\/ca\/wp-json\/wp\/v2\/pages\/7984","targetHints":{"allow":["GET"]}}],"collection":[{"href":"https:\/\/viajandoporjapon.com\/ca\/wp-json\/wp\/v2\/pages"}],"about":[{"href":"https:\/\/viajandoporjapon.com\/ca\/wp-json\/wp\/v2\/types\/page"}],"author":[{"embeddable":true,"href":"https:\/\/viajandoporjapon.com\/ca\/wp-json\/wp\/v2\/users\/1"}],"replies":[{"embeddable":true,"href":"https:\/\/viajandoporjapon.com\/ca\/wp-json\/wp\/v2\/comments?post=7984"}],"version-history":[{"count":1,"href":"https:\/\/viajandoporjapon.com\/ca\/wp-json\/wp\/v2\/pages\/7984\/revisions"}],"predecessor-version":[{"id":7985,"href":"https:\/\/viajandoporjapon.com\/ca\/wp-json\/wp\/v2\/pages\/7984\/revisions\/7985"}],"wp:attachment":[{"href":"https:\/\/viajandoporjapon.com\/ca\/wp-json\/wp\/v2\/media?parent=7984"}],"curies":[{"name":"wp","href":"https:\/\/api.w.org\/{rel}","templated":true}]}}