{"id":7977,"date":"2018-05-14T12:47:02","date_gmt":"2018-05-14T10:47:02","guid":{"rendered":"http:\/\/viajandoporjapon.com\/servicios-acompanamiento-japon\/"},"modified":"2020-01-07T17:34:27","modified_gmt":"2020-01-07T16:34:27","slug":"servei-de-trasllats-i-assistents-japo","status":"publish","type":"page","link":"https:\/\/viajandoporjapon.com\/ca\/servei-de-trasllats-i-assistents-japo\/","title":{"rendered":"Servei de trasllats i assistents"},"content":{"rendered":"<p>En Viajando por Jap\u00f3n disponemos de servicios de recogida desde el aeropuerto de llegada y traslado hasta el hotel correspondiente. As\u00ed mismo, tambi\u00e9n existe la posibilidad de contratar este servicio desde las estaciones principales de cada ciudad.<\/p>\n<h3 style=\"text-align: center;\"><span style=\"color: #d45959;\"><strong><u>Servicios de recogida y acompa\u00f1amiento en transporte p\u00fablico desde el aeropuerto<\/u><\/strong><\/span><\/h3>\n<p>&nbsp;<\/p>\n<p>Desde el aeropuerto de <strong>Narita<\/strong> hasta el hotel de <strong>Tokio<\/strong>\u00a0\u2014 <a href=\"\/?page_id=5349\">Ver Precios<\/a><\/p>\n<p>Desde el aeropuerto de <strong>Haneda<\/strong> hasta el hotel de <strong>Tokio<\/strong>\u00a0\u2014 <a href=\"\/?page_id=5355\">Ver Precios<\/a><\/p>\n<p>Desde el aeropuerto de <strong>Kansai<\/strong> hasta el hotel de <strong>Osaka<\/strong>\u00a0\u2014 <a href=\"\/?page_id=5357\">Ver Precios<\/a><\/p>\n<p>Desde el aeropuerto de <strong>Kansai<\/strong> hasta el hotel de <strong>Kioto<\/strong>\u00a0\u2014 <a href=\"\/?page_id=5367\">Ver Precios<\/a><\/p>\n<p>&nbsp;<\/p>\n<h3 style=\"text-align: center;\"><span style=\"color: #d45959;\"><strong><u>Servicios de recogida y acompa\u00f1amiento en transporte p\u00fablico desde la estaci\u00f3n<\/u><\/strong><\/span><\/h3>\n<p>&nbsp;<\/p>\n<p>Desde la estaci\u00f3n de <strong>Tokio<\/strong> hasta el hotel de Tokio\u00a0\u2014 <a href=\"\/?page_id=5428\">Ver Precios<\/a><\/p>\n<p>Desde la estaci\u00f3n de <strong>Osaka<\/strong> hasta el hotel de Osaka\u00a0\u2014 <a href=\"\/?page_id=5428\">Ver Precios<\/a><\/p>\n<p>Desde la estaci\u00f3n de <strong>Kioto<\/strong> hasta el hotel de Kioto\u00a0\u2014 <a href=\"\/?page_id=5428\">Ver Precios<\/a><\/p>\n<p>&nbsp;<\/p>\n<h3 style=\"text-align: center;\"><span style=\"color: #d45959;\"><strong><u>Servicios de recogida y acompa\u00f1amiento en transporte privado desde el aeropuerto<\/u><\/strong><\/span><\/h3>\n<p>&nbsp;<\/p>\n<p>Servicio bajo petici\u00f3n. Contactad con nosotros directamente para m\u00e1s informaci\u00f3n.<\/p>\n","protected":false},"excerpt":{"rendered":"<p>En Viajando por Jap\u00f3n disponemos de servicios de recogida desde el aeropuerto de llegada y traslado hasta el hotel correspondiente. As\u00ed mismo, tambi\u00e9n existe la posibilidad de contratar este servicio desde las estaciones principales de cada ciudad. Servicios de recogida y acompa\u00f1amiento en transporte p\u00fablico desde el aeropuerto &nbsp; Desde el aeropuerto de Narita hasta el hotel de Tokio\u00a0\u2014 Ver Precios Desde el aeropuerto de Haneda hasta el hotel de Tokio\u00a0\u2014 Ver Precios Desde el aeropuerto de Kansai hasta el hotel de Osaka\u00a0\u2014 Ver Precios Desde el aeropuerto <a class=\"read-more\" href=\"https:\/\/viajandoporjapon.com\/ca\/servei-de-trasllats-i-assistents-japo\/\">Continuar llegint <span class=\"meta-nav\">&rarr;<\/span><\/a><\/p>\n","protected":false},"author":7,"featured_media":0,"parent":0,"menu_order":0,"comment_status":"closed","ping_status":"closed","template":"template-jrpass.php","meta":{"footnotes":""},"class_list":["post-7977","page","type-page","status-publish","hentry"],"yoast_head":"<!-- This site is optimized with the Yoast SEO plugin v27.4 - https:\/\/yoast.com\/product\/yoast-seo-wordpress\/ -->\n<title>Servicios de recogida y acompa\u00f1amiento - Viajando por Jap\u00f3n<\/title>\n<meta name=\"description\" content=\"En Viajando por Jap\u00f3n de ofrecemos servicio de recogida en el aeropuerto de llegada hasta tu hotel de Jap\u00f3n. \u00a1Consulta nuestros precios!\" \/>\n<meta name=\"robots\" content=\"index, follow, max-snippet:-1, max-image-preview:large, max-video-preview:-1\" \/>\n<link rel=\"canonical\" href=\"http:\/\/viajandoporjapon.com\/ca\/servei-de-trasllats-i-assistents-japo\/\" \/>\n<meta property=\"og:locale\" content=\"ca_ES\" \/>\n<meta property=\"og:type\" content=\"article\" \/>\n<meta property=\"og:title\" content=\"Servicios de recogida y acompa\u00f1amiento - Viajando por Jap\u00f3n\" \/>\n<meta property=\"og:description\" content=\"En Viajando por Jap\u00f3n de ofrecemos servicio de recogida en el aeropuerto de llegada hasta tu hotel de Jap\u00f3n. \u00a1Consulta nuestros precios!\" \/>\n<meta property=\"og:url\" content=\"http:\/\/viajandoporjapon.com\/ca\/servei-de-trasllats-i-assistents-japo\/\" \/>\n<meta property=\"og:site_name\" content=\"Viajando por Jap\u00f3n\" \/>\n<meta property=\"article:modified_time\" content=\"2020-01-07T16:34:27+00:00\" \/>\n<meta name=\"twitter:card\" content=\"summary_large_image\" \/>\n<meta name=\"twitter:label1\" content=\"Temps estimat de lectura\" \/>\n\t<meta name=\"twitter:data1\" content=\"1 minut\" \/>\n<script type=\"application\/ld+json\" class=\"yoast-schema-graph\">{\"@context\":\"https:\\\/\\\/schema.org\",\"@graph\":[{\"@type\":\"WebPage\",\"@id\":\"http:\\\/\\\/viajandoporjapon.com\\\/ca\\\/servei-de-trasllats-i-assistents-japo\\\/\",\"url\":\"http:\\\/\\\/viajandoporjapon.com\\\/ca\\\/servei-de-trasllats-i-assistents-japo\\\/\",\"name\":\"Servicios de recogida y acompa\u00f1amiento - Viajando por Jap\u00f3n\",\"isPartOf\":{\"@id\":\"http:\\\/\\\/viajandoporjapon.com\\\/#website\"},\"datePublished\":\"2018-05-14T10:47:02+00:00\",\"dateModified\":\"2020-01-07T16:34:27+00:00\",\"description\":\"En Viajando por Jap\u00f3n de ofrecemos servicio de recogida en el aeropuerto de llegada hasta tu hotel de Jap\u00f3n. \u00a1Consulta nuestros precios!\",\"breadcrumb\":{\"@id\":\"http:\\\/\\\/viajandoporjapon.com\\\/ca\\\/servei-de-trasllats-i-assistents-japo\\\/#breadcrumb\"},\"inLanguage\":\"ca\",\"potentialAction\":[{\"@type\":\"ReadAction\",\"target\":[\"http:\\\/\\\/viajandoporjapon.com\\\/ca\\\/servei-de-trasllats-i-assistents-japo\\\/\"]}]},{\"@type\":\"BreadcrumbList\",\"@id\":\"http:\\\/\\\/viajandoporjapon.com\\\/ca\\\/servei-de-trasllats-i-assistents-japo\\\/#breadcrumb\",\"itemListElement\":[{\"@type\":\"ListItem\",\"position\":1,\"name\":\"Portada\",\"item\":\"http:\\\/\\\/viajandoporjapon.com\\\/ca\\\/\"},{\"@type\":\"ListItem\",\"position\":2,\"name\":\"Servei de trasllats i assistents\"}]},{\"@type\":\"WebSite\",\"@id\":\"http:\\\/\\\/viajandoporjapon.com\\\/#website\",\"url\":\"http:\\\/\\\/viajandoporjapon.com\\\/\",\"name\":\"Viajando por Jap\u00f3n\",\"description\":\"Somos especialistas en viajes a Jap\u00f3n\",\"potentialAction\":[{\"@type\":\"SearchAction\",\"target\":{\"@type\":\"EntryPoint\",\"urlTemplate\":\"http:\\\/\\\/viajandoporjapon.com\\\/?s={search_term_string}\"},\"query-input\":{\"@type\":\"PropertyValueSpecification\",\"valueRequired\":true,\"valueName\":\"search_term_string\"}}],\"inLanguage\":\"ca\"}]}<\/script>\n<!-- \/ Yoast SEO plugin. -->","yoast_head_json":{"title":"Servicios de recogida y acompa\u00f1amiento - Viajando por Jap\u00f3n","description":"En Viajando por Jap\u00f3n de ofrecemos servicio de recogida en el aeropuerto de llegada hasta tu hotel de Jap\u00f3n. \u00a1Consulta nuestros precios!","robots":{"index":"index","follow":"follow","max-snippet":"max-snippet:-1","max-image-preview":"max-image-preview:large","max-video-preview":"max-video-preview:-1"},"canonical":"http:\/\/viajandoporjapon.com\/ca\/servei-de-trasllats-i-assistents-japo\/","og_locale":"ca_ES","og_type":"article","og_title":"Servicios de recogida y acompa\u00f1amiento - Viajando por Jap\u00f3n","og_description":"En Viajando por Jap\u00f3n de ofrecemos servicio de recogida en el aeropuerto de llegada hasta tu hotel de Jap\u00f3n. \u00a1Consulta nuestros precios!","og_url":"http:\/\/viajandoporjapon.com\/ca\/servei-de-trasllats-i-assistents-japo\/","og_site_name":"Viajando por Jap\u00f3n","article_modified_time":"2020-01-07T16:34:27+00:00","twitter_card":"summary_large_image","twitter_misc":{"Temps estimat de lectura":"1 minut"},"schema":{"@context":"https:\/\/schema.org","@graph":[{"@type":"WebPage","@id":"http:\/\/viajandoporjapon.com\/ca\/servei-de-trasllats-i-assistents-japo\/","url":"http:\/\/viajandoporjapon.com\/ca\/servei-de-trasllats-i-assistents-japo\/","name":"Servicios de recogida y acompa\u00f1amiento - Viajando por Jap\u00f3n","isPartOf":{"@id":"http:\/\/viajandoporjapon.com\/#website"},"datePublished":"2018-05-14T10:47:02+00:00","dateModified":"2020-01-07T16:34:27+00:00","description":"En Viajando por Jap\u00f3n de ofrecemos servicio de recogida en el aeropuerto de llegada hasta tu hotel de Jap\u00f3n. \u00a1Consulta nuestros precios!","breadcrumb":{"@id":"http:\/\/viajandoporjapon.com\/ca\/servei-de-trasllats-i-assistents-japo\/#breadcrumb"},"inLanguage":"ca","potentialAction":[{"@type":"ReadAction","target":["http:\/\/viajandoporjapon.com\/ca\/servei-de-trasllats-i-assistents-japo\/"]}]},{"@type":"BreadcrumbList","@id":"http:\/\/viajandoporjapon.com\/ca\/servei-de-trasllats-i-assistents-japo\/#breadcrumb","itemListElement":[{"@type":"ListItem","position":1,"name":"Portada","item":"http:\/\/viajandoporjapon.com\/ca\/"},{"@type":"ListItem","position":2,"name":"Servei de trasllats i assistents"}]},{"@type":"WebSite","@id":"http:\/\/viajandoporjapon.com\/#website","url":"http:\/\/viajandoporjapon.com\/","name":"Viajando por Jap\u00f3n","description":"Somos especialistas en viajes a Jap\u00f3n","potentialAction":[{"@type":"SearchAction","target":{"@type":"EntryPoint","urlTemplate":"http:\/\/viajandoporjapon.com\/?s={search_term_string}"},"query-input":{"@type":"PropertyValueSpecification","valueRequired":true,"valueName":"search_term_string"}}],"inLanguage":"ca"}]}},"_links":{"self":[{"href":"https:\/\/viajandoporjapon.com\/ca\/wp-json\/wp\/v2\/pages\/7977","targetHints":{"allow":["GET"]}}],"collection":[{"href":"https:\/\/viajandoporjapon.com\/ca\/wp-json\/wp\/v2\/pages"}],"about":[{"href":"https:\/\/viajandoporjapon.com\/ca\/wp-json\/wp\/v2\/types\/page"}],"author":[{"embeddable":true,"href":"https:\/\/viajandoporjapon.com\/ca\/wp-json\/wp\/v2\/users\/7"}],"replies":[{"embeddable":true,"href":"https:\/\/viajandoporjapon.com\/ca\/wp-json\/wp\/v2\/comments?post=7977"}],"version-history":[{"count":1,"href":"https:\/\/viajandoporjapon.com\/ca\/wp-json\/wp\/v2\/pages\/7977\/revisions"}],"predecessor-version":[{"id":7978,"href":"https:\/\/viajandoporjapon.com\/ca\/wp-json\/wp\/v2\/pages\/7977\/revisions\/7978"}],"wp:attachment":[{"href":"https:\/\/viajandoporjapon.com\/ca\/wp-json\/wp\/v2\/media?parent=7977"}],"curies":[{"name":"wp","href":"https:\/\/api.w.org\/{rel}","templated":true}]}}